{"id":1251,"date":"2023-07-28T12:30:30","date_gmt":"2023-07-28T15:30:30","guid":{"rendered":"https:\/\/listone.com.br\/?page_id=1251"},"modified":"2024-07-04T19:40:39","modified_gmt":"2024-07-04T22:40:39","slug":"amor-ao-produto","status":"publish","type":"page","link":"https:\/\/listone.com.br\/es\/amor-ao-produto\/","title":{"rendered":"Amor ao produto"},"content":{"rendered":"<div data-elementor-type=\"wp-page\" data-elementor-id=\"1251\" class=\"elementor elementor-1251\" data-elementor-post-type=\"page\">\n\t\t\t\t\t\t<section class=\"elementor-section elementor-top-section elementor-element elementor-element-3e62c71 elementor-section-boxed elementor-section-height-default elementor-section-height-default\" data-id=\"3e62c71\" data-element_type=\"section\" data-settings=\"{&quot;background_background&quot;:&quot;classic&quot;,&quot;_ha_eqh_enable&quot;:false}\">\n\t\t\t\t\t\t<div class=\"elementor-container elementor-column-gap-default\">\n\t\t\t\t\t<div class=\"elementor-column elementor-col-100 elementor-top-column elementor-element elementor-element-83a1016\" data-id=\"83a1016\" data-element_type=\"column\">\n\t\t\t<div class=\"elementor-widget-wrap elementor-element-populated\">\n\t\t\t\t\t\t<div class=\"elementor-element elementor-element-5a9c31c elementor-widget elementor-widget-heading\" data-id=\"5a9c31c\" data-element_type=\"widget\" data-widget_type=\"heading.default\">\n\t\t\t\t<div class=\"elementor-widget-container\">\n\t\t\t<style>\/*! elementor - v3.20.0 - 26-03-2024 *\/\n.elementor-heading-title{padding:0;margin:0;line-height:1}.elementor-widget-heading .elementor-heading-title[class*=elementor-size-]>a{color:inherit;font-size:inherit;line-height:inherit}.elementor-widget-heading .elementor-heading-title.elementor-size-small{font-size:15px}.elementor-widget-heading .elementor-heading-title.elementor-size-medium{font-size:19px}.elementor-widget-heading .elementor-heading-title.elementor-size-large{font-size:29px}.elementor-widget-heading .elementor-heading-title.elementor-size-xl{font-size:39px}.elementor-widget-heading .elementor-heading-title.elementor-size-xxl{font-size:59px}<\/style><h1 class=\"elementor-heading-title elementor-size-default\">Sostenibilidad, Elegancia y Excelencia en el Servicio<\/h1>\t\t<\/div>\n\t\t\t\t<\/div>\n\t\t\t\t\t<\/div>\n\t\t<\/div>\n\t\t\t\t\t<\/div>\n\t\t<\/section>\n\t\t\t\t<section class=\"elementor-section elementor-top-section elementor-element elementor-element-cbcf119 elementor-section-boxed elementor-section-height-default elementor-section-height-default\" data-id=\"cbcf119\" data-element_type=\"section\" data-settings=\"{&quot;_ha_eqh_enable&quot;:false}\">\n\t\t\t\t\t\t<div class=\"elementor-container elementor-column-gap-default\">\n\t\t\t\t\t<div class=\"elementor-column elementor-col-50 elementor-top-column elementor-element elementor-element-223ef56\" data-id=\"223ef56\" data-element_type=\"column\">\n\t\t\t<div class=\"elementor-widget-wrap elementor-element-populated\">\n\t\t\t\t\t\t<div class=\"elementor-element elementor-element-8a5542c elementor-widget elementor-widget-text-editor\" data-id=\"8a5542c\" data-element_type=\"widget\" data-widget_type=\"text-editor.default\">\n\t\t\t\t<div class=\"elementor-widget-container\">\n\t\t\t<style>\/*! elementor - v3.20.0 - 26-03-2024 *\/\n.elementor-widget-text-editor.elementor-drop-cap-view-stacked .elementor-drop-cap{background-color:#69727d;color:#fff}.elementor-widget-text-editor.elementor-drop-cap-view-framed .elementor-drop-cap{color:#69727d;border:3px solid;background-color:transparent}.elementor-widget-text-editor:not(.elementor-drop-cap-view-default) .elementor-drop-cap{margin-top:8px}.elementor-widget-text-editor:not(.elementor-drop-cap-view-default) .elementor-drop-cap-letter{width:1em;height:1em}.elementor-widget-text-editor .elementor-drop-cap{float:left;text-align:center;line-height:1;font-size:50px}.elementor-widget-text-editor .elementor-drop-cap-letter{display:inline-block}<\/style>\t\t\t\t<p>En Listone nos apasiona la madera y la naturaleza. Por ello, nuestra preocupaci\u00f3n genuina por la sostenibilidad se gu\u00eda por pr\u00e1cticas responsables y conscientes, desde la cadena productiva. Esto incluye la certificaci\u00f3n y registro de las materias primas, el uso exclusivo de madera de reforestaci\u00f3n y el manejo forestal sostenible, siguiendo las reglas b\u00e1sicas de extracci\u00f3n y autorizaci\u00f3n del FSC\u00ae \u2013 Forest Stewardship Council\u00ae (Consejo de Manejo Forestal).<\/p><p>Buscamos minimizar el despilfarro de recursos naturales a trav\u00e9s de la innovaci\u00f3n tecnol\u00f3gica, invirtiendo constantemente en maquinaria de \u00faltima generaci\u00f3n y nuevas t\u00e9cnicas de producci\u00f3n. Tambi\u00e9n utilizamos todos los materiales, creando paneles y productos que aprovechen al m\u00e1ximo los restos.<\/p>\t\t\t\t\t\t<\/div>\n\t\t\t\t<\/div>\n\t\t\t\t\t<\/div>\n\t\t<\/div>\n\t\t\t\t<div class=\"elementor-column elementor-col-50 elementor-top-column elementor-element elementor-element-3aa403d\" data-id=\"3aa403d\" data-element_type=\"column\">\n\t\t\t<div class=\"elementor-widget-wrap elementor-element-populated\">\n\t\t\t\t\t\t<div class=\"elementor-element elementor-element-f4001b6 elementor-widget elementor-widget-image\" data-id=\"f4001b6\" data-element_type=\"widget\" data-widget_type=\"image.default\">\n\t\t\t\t<div class=\"elementor-widget-container\">\n\t\t\t<style>\/*! elementor - v3.20.0 - 26-03-2024 *\/\n.elementor-widget-image{text-align:center}.elementor-widget-image a{display:inline-block}.elementor-widget-image a img[src$=\".svg\"]{width:48px}.elementor-widget-image img{vertical-align:middle;display:inline-block}<\/style>\t\t\t\t\t\t\t\t\t\t<img fetchpriority=\"high\" decoding=\"async\" width=\"201\" height=\"300\" src=\"https:\/\/listone.com.br\/wp-content\/uploads\/2024\/07\/FSC_C197490_Promotional_with_text_Portrait_WhiteOnGreen_r_w6XaSD-e1719885736501.jpeg\" class=\"attachment-medium size-medium wp-image-2493\" alt=\"\" sizes=\"(max-width: 201px) 100vw, 201px\" \/>\t\t\t\t\t\t\t\t\t\t\t\t\t<\/div>\n\t\t\t\t<\/div>\n\t\t\t\t\t<\/div>\n\t\t<\/div>\n\t\t\t\t\t<\/div>\n\t\t<\/section>\n\t\t\t\t<section class=\"elementor-section elementor-top-section elementor-element elementor-element-9b25ea8 elementor-section-boxed elementor-section-height-default elementor-section-height-default\" data-id=\"9b25ea8\" data-element_type=\"section\" data-settings=\"{&quot;_ha_eqh_enable&quot;:false}\">\n\t\t\t\t\t\t<div class=\"elementor-container elementor-column-gap-default\">\n\t\t\t\t\t<div class=\"elementor-column elementor-col-100 elementor-top-column elementor-element elementor-element-9f26f2a\" data-id=\"9f26f2a\" data-element_type=\"column\">\n\t\t\t<div class=\"elementor-widget-wrap elementor-element-populated\">\n\t\t\t\t\t\t<section class=\"elementor-section elementor-inner-section elementor-element elementor-element-ca637f9 elementor-section-boxed elementor-section-height-default elementor-section-height-default\" data-id=\"ca637f9\" data-element_type=\"section\" data-settings=\"{&quot;_ha_eqh_enable&quot;:false}\">\n\t\t\t\t\t\t<div class=\"elementor-container elementor-column-gap-default\">\n\t\t\t\t\t<div class=\"elementor-column elementor-col-33 elementor-inner-column elementor-element elementor-element-1046aa8\" data-id=\"1046aa8\" data-element_type=\"column\">\n\t\t\t<div class=\"elementor-widget-wrap elementor-element-populated\">\n\t\t\t\t\t\t<div class=\"elementor-element elementor-element-28b885e elementor-widget elementor-widget-image\" data-id=\"28b885e\" data-element_type=\"widget\" data-widget_type=\"image.default\">\n\t\t\t\t<div class=\"elementor-widget-container\">\n\t\t\t\t\t\t\t\t\t\t\t\t\t<img decoding=\"async\" width=\"1024\" height=\"683\" src=\"https:\/\/listone.com.br\/wp-content\/uploads\/2023\/07\/a1-1024x683.jpeg\" class=\"attachment-large size-large wp-image-1257\" alt=\"\" srcset=\"https:\/\/listone.com.br\/wp-content\/uploads\/2023\/07\/a1-1024x683.jpeg 1024w, https:\/\/listone.com.br\/wp-content\/uploads\/2023\/07\/a1-300x200.jpeg 300w, https:\/\/listone.com.br\/wp-content\/uploads\/2023\/07\/a1-768x512.jpeg 768w, https:\/\/listone.com.br\/wp-content\/uploads\/2023\/07\/a1-1536x1024.jpeg 1536w, https:\/\/listone.com.br\/wp-content\/uploads\/2023\/07\/a1.jpeg 1600w\" sizes=\"(max-width: 1024px) 100vw, 1024px\" \/>\t\t\t\t\t\t\t\t\t\t\t\t\t<\/div>\n\t\t\t\t<\/div>\n\t\t\t\t\t<\/div>\n\t\t<\/div>\n\t\t\t\t<div class=\"elementor-column elementor-col-33 elementor-inner-column elementor-element elementor-element-cb2f55e\" data-id=\"cb2f55e\" data-element_type=\"column\">\n\t\t\t<div class=\"elementor-widget-wrap elementor-element-populated\">\n\t\t\t\t\t\t<div class=\"elementor-element elementor-element-bc13aeb elementor-widget elementor-widget-image\" data-id=\"bc13aeb\" data-element_type=\"widget\" data-widget_type=\"image.default\">\n\t\t\t\t<div class=\"elementor-widget-container\">\n\t\t\t\t\t\t\t\t\t\t\t\t\t<img decoding=\"async\" width=\"1024\" height=\"682\" src=\"https:\/\/listone.com.br\/wp-content\/uploads\/2023\/07\/a2-1024x682.jpeg\" class=\"attachment-large size-large wp-image-1258\" alt=\"\" srcset=\"https:\/\/listone.com.br\/wp-content\/uploads\/2023\/07\/a2-1024x682.jpeg 1024w, https:\/\/listone.com.br\/wp-content\/uploads\/2023\/07\/a2-300x200.jpeg 300w, https:\/\/listone.com.br\/wp-content\/uploads\/2023\/07\/a2-768x512.jpeg 768w, https:\/\/listone.com.br\/wp-content\/uploads\/2023\/07\/a2-1536x1023.jpeg 1536w, https:\/\/listone.com.br\/wp-content\/uploads\/2023\/07\/a2.jpeg 1600w\" sizes=\"(max-width: 1024px) 100vw, 1024px\" \/>\t\t\t\t\t\t\t\t\t\t\t\t\t<\/div>\n\t\t\t\t<\/div>\n\t\t\t\t\t<\/div>\n\t\t<\/div>\n\t\t\t\t<div class=\"elementor-column elementor-col-33 elementor-inner-column elementor-element elementor-element-0d73a6f\" data-id=\"0d73a6f\" data-element_type=\"column\">\n\t\t\t<div class=\"elementor-widget-wrap elementor-element-populated\">\n\t\t\t\t\t\t<div class=\"elementor-element elementor-element-12fdf34 elementor-widget elementor-widget-image\" data-id=\"12fdf34\" data-element_type=\"widget\" data-widget_type=\"image.default\">\n\t\t\t\t<div class=\"elementor-widget-container\">\n\t\t\t\t\t\t\t\t\t\t\t\t\t<img loading=\"lazy\" decoding=\"async\" width=\"1024\" height=\"683\" src=\"https:\/\/listone.com.br\/wp-content\/uploads\/2023\/07\/a3-1024x683.jpeg\" class=\"attachment-large size-large wp-image-1259\" alt=\"\" srcset=\"https:\/\/listone.com.br\/wp-content\/uploads\/2023\/07\/a3-1024x683.jpeg 1024w, https:\/\/listone.com.br\/wp-content\/uploads\/2023\/07\/a3-300x200.jpeg 300w, https:\/\/listone.com.br\/wp-content\/uploads\/2023\/07\/a3-768x512.jpeg 768w, https:\/\/listone.com.br\/wp-content\/uploads\/2023\/07\/a3-1536x1024.jpeg 1536w, https:\/\/listone.com.br\/wp-content\/uploads\/2023\/07\/a3.jpeg 1600w\" sizes=\"(max-width: 1024px) 100vw, 1024px\" \/>\t\t\t\t\t\t\t\t\t\t\t\t\t<\/div>\n\t\t\t\t<\/div>\n\t\t\t\t\t<\/div>\n\t\t<\/div>\n\t\t\t\t\t<\/div>\n\t\t<\/section>\n\t\t\t\t\t<\/div>\n\t\t<\/div>\n\t\t\t\t\t<\/div>\n\t\t<\/section>\n\t\t\t\t<section class=\"elementor-section elementor-top-section elementor-element elementor-element-ac87230 elementor-section-boxed elementor-section-height-default elementor-section-height-default\" data-id=\"ac87230\" data-element_type=\"section\" data-settings=\"{&quot;_ha_eqh_enable&quot;:false}\">\n\t\t\t\t\t\t<div class=\"elementor-container elementor-column-gap-default\">\n\t\t\t\t\t<div class=\"elementor-column elementor-col-100 elementor-top-column elementor-element elementor-element-ff4bacb\" data-id=\"ff4bacb\" data-element_type=\"column\">\n\t\t\t<div class=\"elementor-widget-wrap elementor-element-populated\">\n\t\t\t\t\t\t<div class=\"elementor-element elementor-element-d2ecc50 elementor-widget elementor-widget-text-editor\" data-id=\"d2ecc50\" data-element_type=\"widget\" data-widget_type=\"text-editor.default\">\n\t\t\t\t<div class=\"elementor-widget-container\">\n\t\t\t\t\t\t\t<p>Y siempre buscamos realzar la belleza natural de la madera. Como dice uno de nuestros socios, Rogerio Oezau: \"Cuando la belleza es un regalo de la naturaleza, no necesita a\u00f1adir m\u00e1s, sino resaltarlo tal cual es.\"<\/p>\n<p>Todo esto para que nuestros clientes puedan realizar los proyectos de sus sue\u00f1os, utilizando la madera como material de belleza \u00fanica y sostenible. Para ello, buscamos entender qu\u00e9 quiere cada persona, para poder recomendar el tipo de madera ideal y c\u00f3mo podemos ejecutar el proyecto con excelencia y calidad.<\/p>\t\t\t\t\t\t<\/div>\n\t\t\t\t<\/div>\n\t\t\t\t\t<\/div>\n\t\t<\/div>\n\t\t\t\t\t<\/div>\n\t\t<\/section>\n\t\t\t\t<\/div>","protected":false},"excerpt":{"rendered":"<p>Sustentabilidade, Requinte e Excel\u00eancia no Atendimento Aqui na Listone, somos apaixonados pela Madeira e pela Natureza. Por isso, a nossa preocupa\u00e7\u00e3o com a sustentabilidade \u00e9 genu\u00edna e guiada por pr\u00e1ticas respons\u00e1veis e conscientes, desde a cadeia produtiva. Isso inclui a certifica\u00e7\u00e3o e registro da mat\u00e9ria-prima, uso unicamente de madeira de reflorestamento e manejo florestal sustent\u00e1vel, &hellip;<\/p>\n<p class=\"read-more\"> <a class=\"\" href=\"https:\/\/listone.com.br\/es\/amor-ao-produto\/\"> <span class=\"screen-reader-text\">Amor ao produto<\/span> Leer m\u00e1s &raquo;<\/a><\/p>","protected":false},"author":1,"featured_media":0,"parent":0,"menu_order":0,"comment_status":"closed","ping_status":"closed","template":"","meta":{"_acf_changed":false,"site-sidebar-layout":"no-sidebar","site-content-layout":"page-builder","ast-global-header-display":"","ast-main-header-display":"","ast-hfb-above-header-display":"","ast-hfb-below-header-display":"","ast-hfb-mobile-header-display":"","site-post-title":"disabled","ast-breadcrumbs-content":"","ast-featured-img":"disabled","footer-sml-layout":"","theme-transparent-header-meta":"","adv-header-id-meta":"","stick-header-meta":"","header-above-stick-meta":"","header-main-stick-meta":"","header-below-stick-meta":"","footnotes":""},"class_list":["post-1251","page","type-page","status-publish","hentry"],"acf":[],"yoast_head":"<!-- This site is optimized with the Yoast SEO plugin v22.8 - https:\/\/yoast.com\/wordpress\/plugins\/seo\/ -->\n<title>Amor ao produto | Listone<\/title>\n<meta name=\"robots\" content=\"index, follow, max-snippet:-1, max-image-preview:large, max-video-preview:-1\" \/>\n<link rel=\"canonical\" href=\"https:\/\/listone.com.br\/es\/amor-ao-produto\/\" \/>\n<meta property=\"og:locale\" content=\"es_ES\" \/>\n<meta property=\"og:type\" content=\"article\" \/>\n<meta property=\"og:title\" content=\"Amor ao produto | Listone\" \/>\n<meta property=\"og:description\" content=\"Sustentabilidade, Requinte e Excel\u00eancia no Atendimento Aqui na Listone, somos apaixonados pela Madeira e pela Natureza. Por isso, a nossa preocupa\u00e7\u00e3o com a sustentabilidade \u00e9 genu\u00edna e guiada por pr\u00e1ticas respons\u00e1veis e conscientes, desde a cadeia produtiva. Isso inclui a certifica\u00e7\u00e3o e registro da mat\u00e9ria-prima, uso unicamente de madeira de reflorestamento e manejo florestal sustent\u00e1vel, &hellip; Amor ao produto Leer m\u00e1s &raquo;\" \/>\n<meta property=\"og:url\" content=\"https:\/\/listone.com.br\/es\/amor-ao-produto\/\" \/>\n<meta property=\"og:site_name\" content=\"Listone\" \/>\n<meta property=\"article:publisher\" content=\"https:\/\/www.facebook.com\/Listonepisoseferragens\" \/>\n<meta property=\"article:modified_time\" content=\"2024-07-04T22:40:39+00:00\" \/>\n<meta property=\"og:image\" content=\"https:\/\/listone.com.br\/wp-content\/uploads\/2024\/07\/FSC_C197490_Promotional_with_text_Portrait_WhiteOnGreen_r_QpLZNJ-201x300.jpeg\" \/>\n<meta name=\"twitter:card\" content=\"summary_large_image\" \/>\n<meta name=\"twitter:label1\" content=\"Tiempo de lectura\" \/>\n\t<meta name=\"twitter:data1\" content=\"2 minutos\" \/>\n<script type=\"application\/ld+json\" class=\"yoast-schema-graph\">{\"@context\":\"https:\/\/schema.org\",\"@graph\":[{\"@type\":\"WebPage\",\"@id\":\"https:\/\/listone.com.br\/amor-ao-produto\/\",\"url\":\"https:\/\/listone.com.br\/amor-ao-produto\/\",\"name\":\"Amor ao produto | Listone\",\"isPartOf\":{\"@id\":\"https:\/\/listone.com.br\/#website\"},\"primaryImageOfPage\":{\"@id\":\"https:\/\/listone.com.br\/amor-ao-produto\/#primaryimage\"},\"image\":{\"@id\":\"https:\/\/listone.com.br\/amor-ao-produto\/#primaryimage\"},\"thumbnailUrl\":\"https:\/\/listone.com.br\/wp-content\/uploads\/2024\/07\/FSC_C197490_Promotional_with_text_Portrait_WhiteOnGreen_r_QpLZNJ-201x300.jpeg\",\"datePublished\":\"2023-07-28T15:30:30+00:00\",\"dateModified\":\"2024-07-04T22:40:39+00:00\",\"breadcrumb\":{\"@id\":\"https:\/\/listone.com.br\/amor-ao-produto\/#breadcrumb\"},\"inLanguage\":\"es\",\"potentialAction\":[{\"@type\":\"ReadAction\",\"target\":[\"https:\/\/listone.com.br\/amor-ao-produto\/\"]}]},{\"@type\":\"ImageObject\",\"inLanguage\":\"es\",\"@id\":\"https:\/\/listone.com.br\/amor-ao-produto\/#primaryimage\",\"url\":\"https:\/\/listone.com.br\/wp-content\/uploads\/2024\/07\/FSC_C197490_Promotional_with_text_Portrait_WhiteOnGreen_r_QpLZNJ-201x300.jpeg\",\"contentUrl\":\"https:\/\/listone.com.br\/wp-content\/uploads\/2024\/07\/FSC_C197490_Promotional_with_text_Portrait_WhiteOnGreen_r_QpLZNJ-201x300.jpeg\"},{\"@type\":\"BreadcrumbList\",\"@id\":\"https:\/\/listone.com.br\/amor-ao-produto\/#breadcrumb\",\"itemListElement\":[{\"@type\":\"ListItem\",\"position\":1,\"name\":\"In\u00edcio\",\"item\":\"https:\/\/listone.com.br\/\"},{\"@type\":\"ListItem\",\"position\":2,\"name\":\"Amor ao produto\"}]},{\"@type\":\"WebSite\",\"@id\":\"https:\/\/listone.com.br\/#website\",\"url\":\"https:\/\/listone.com.br\/\",\"name\":\"Listone\",\"description\":\"Ferragens | Assoalhos de madeira | Listone | Mooca | Brasil\",\"publisher\":{\"@id\":\"https:\/\/listone.com.br\/#organization\"},\"potentialAction\":[{\"@type\":\"SearchAction\",\"target\":{\"@type\":\"EntryPoint\",\"urlTemplate\":\"https:\/\/listone.com.br\/?s={search_term_string}\"},\"query-input\":\"required name=search_term_string\"}],\"inLanguage\":\"es\"},{\"@type\":\"Organization\",\"@id\":\"https:\/\/listone.com.br\/#organization\",\"name\":\"Listone\",\"url\":\"https:\/\/listone.com.br\/\",\"logo\":{\"@type\":\"ImageObject\",\"inLanguage\":\"es\",\"@id\":\"https:\/\/listone.com.br\/#\/schema\/logo\/image\/\",\"url\":\"https:\/\/listone.com.br\/wp-content\/uploads\/2023\/09\/Logo-Listone-L-e1694661072614.jpg\",\"contentUrl\":\"https:\/\/listone.com.br\/wp-content\/uploads\/2023\/09\/Logo-Listone-L-e1694661072614.jpg\",\"width\":325,\"height\":326,\"caption\":\"Listone\"},\"image\":{\"@id\":\"https:\/\/listone.com.br\/#\/schema\/logo\/image\/\"},\"sameAs\":[\"https:\/\/www.facebook.com\/Listonepisoseferragens\",\"https:\/\/www.instagram.com\/listone_oficial\/\",\"https:\/\/www.linkedin.com\/company\/40658605\/\",\"https:\/\/www.youtube.com\/channel\/UCnMs3Evf91CHn82z3p07_Jw\"]}]}<\/script>\n<!-- \/ Yoast SEO plugin. -->","yoast_head_json":{"title":"Amor ao produto | Listone","robots":{"index":"index","follow":"follow","max-snippet":"max-snippet:-1","max-image-preview":"max-image-preview:large","max-video-preview":"max-video-preview:-1"},"canonical":"https:\/\/listone.com.br\/es\/amor-ao-produto\/","og_locale":"es_ES","og_type":"article","og_title":"Amor ao produto | Listone","og_description":"Sustentabilidade, Requinte e Excel\u00eancia no Atendimento Aqui na Listone, somos apaixonados pela Madeira e pela Natureza. Por isso, a nossa preocupa\u00e7\u00e3o com a sustentabilidade \u00e9 genu\u00edna e guiada por pr\u00e1ticas respons\u00e1veis e conscientes, desde a cadeia produtiva. Isso inclui a certifica\u00e7\u00e3o e registro da mat\u00e9ria-prima, uso unicamente de madeira de reflorestamento e manejo florestal sustent\u00e1vel, &hellip; Amor ao produto Leer m\u00e1s &raquo;","og_url":"https:\/\/listone.com.br\/es\/amor-ao-produto\/","og_site_name":"Listone","article_publisher":"https:\/\/www.facebook.com\/Listonepisoseferragens","article_modified_time":"2024-07-04T22:40:39+00:00","og_image":[{"url":"https:\/\/listone.com.br\/wp-content\/uploads\/2024\/07\/FSC_C197490_Promotional_with_text_Portrait_WhiteOnGreen_r_QpLZNJ-201x300.jpeg"}],"twitter_card":"summary_large_image","twitter_misc":{"Tiempo de lectura":"2 minutos"},"schema":{"@context":"https:\/\/schema.org","@graph":[{"@type":"WebPage","@id":"https:\/\/listone.com.br\/amor-ao-produto\/","url":"https:\/\/listone.com.br\/amor-ao-produto\/","name":"Amor ao produto | Listone","isPartOf":{"@id":"https:\/\/listone.com.br\/#website"},"primaryImageOfPage":{"@id":"https:\/\/listone.com.br\/amor-ao-produto\/#primaryimage"},"image":{"@id":"https:\/\/listone.com.br\/amor-ao-produto\/#primaryimage"},"thumbnailUrl":"https:\/\/listone.com.br\/wp-content\/uploads\/2024\/07\/FSC_C197490_Promotional_with_text_Portrait_WhiteOnGreen_r_QpLZNJ-201x300.jpeg","datePublished":"2023-07-28T15:30:30+00:00","dateModified":"2024-07-04T22:40:39+00:00","breadcrumb":{"@id":"https:\/\/listone.com.br\/amor-ao-produto\/#breadcrumb"},"inLanguage":"es","potentialAction":[{"@type":"ReadAction","target":["https:\/\/listone.com.br\/amor-ao-produto\/"]}]},{"@type":"ImageObject","inLanguage":"es","@id":"https:\/\/listone.com.br\/amor-ao-produto\/#primaryimage","url":"https:\/\/listone.com.br\/wp-content\/uploads\/2024\/07\/FSC_C197490_Promotional_with_text_Portrait_WhiteOnGreen_r_QpLZNJ-201x300.jpeg","contentUrl":"https:\/\/listone.com.br\/wp-content\/uploads\/2024\/07\/FSC_C197490_Promotional_with_text_Portrait_WhiteOnGreen_r_QpLZNJ-201x300.jpeg"},{"@type":"BreadcrumbList","@id":"https:\/\/listone.com.br\/amor-ao-produto\/#breadcrumb","itemListElement":[{"@type":"ListItem","position":1,"name":"In\u00edcio","item":"https:\/\/listone.com.br\/"},{"@type":"ListItem","position":2,"name":"Amor ao produto"}]},{"@type":"WebSite","@id":"https:\/\/listone.com.br\/#website","url":"https:\/\/listone.com.br\/","name":"Listone","description":"Ferragens | Assoalhos de madeira | Listone | Mooca | Brasil","publisher":{"@id":"https:\/\/listone.com.br\/#organization"},"potentialAction":[{"@type":"SearchAction","target":{"@type":"EntryPoint","urlTemplate":"https:\/\/listone.com.br\/?s={search_term_string}"},"query-input":"required name=search_term_string"}],"inLanguage":"es"},{"@type":"Organization","@id":"https:\/\/listone.com.br\/#organization","name":"Listone","url":"https:\/\/listone.com.br\/","logo":{"@type":"ImageObject","inLanguage":"es","@id":"https:\/\/listone.com.br\/#\/schema\/logo\/image\/","url":"https:\/\/listone.com.br\/wp-content\/uploads\/2023\/09\/Logo-Listone-L-e1694661072614.jpg","contentUrl":"https:\/\/listone.com.br\/wp-content\/uploads\/2023\/09\/Logo-Listone-L-e1694661072614.jpg","width":325,"height":326,"caption":"Listone"},"image":{"@id":"https:\/\/listone.com.br\/#\/schema\/logo\/image\/"},"sameAs":["https:\/\/www.facebook.com\/Listonepisoseferragens","https:\/\/www.instagram.com\/listone_oficial\/","https:\/\/www.linkedin.com\/company\/40658605\/","https:\/\/www.youtube.com\/channel\/UCnMs3Evf91CHn82z3p07_Jw"]}]}},"_links":{"self":[{"href":"https:\/\/listone.com.br\/es\/wp-json\/wp\/v2\/pages\/1251","targetHints":{"allow":["GET"]}}],"collection":[{"href":"https:\/\/listone.com.br\/es\/wp-json\/wp\/v2\/pages"}],"about":[{"href":"https:\/\/listone.com.br\/es\/wp-json\/wp\/v2\/types\/page"}],"author":[{"embeddable":true,"href":"https:\/\/listone.com.br\/es\/wp-json\/wp\/v2\/users\/1"}],"replies":[{"embeddable":true,"href":"https:\/\/listone.com.br\/es\/wp-json\/wp\/v2\/comments?post=1251"}],"version-history":[{"count":0,"href":"https:\/\/listone.com.br\/es\/wp-json\/wp\/v2\/pages\/1251\/revisions"}],"wp:attachment":[{"href":"https:\/\/listone.com.br\/es\/wp-json\/wp\/v2\/media?parent=1251"}],"curies":[{"name":"wp","href":"https:\/\/api.w.org\/{rel}","templated":true}]}}