{"id":1243,"date":"2023-07-28T12:26:11","date_gmt":"2023-07-28T15:26:11","guid":{"rendered":"https:\/\/listone.com.br\/?page_id=1243"},"modified":"2023-07-28T12:28:08","modified_gmt":"2023-07-28T15:28:08","slug":"marca-listone","status":"publish","type":"page","link":"https:\/\/listone.com.br\/es\/marca-listone\/","title":{"rendered":"Marca Listone"},"content":{"rendered":"<div data-elementor-type=\"wp-page\" data-elementor-id=\"1243\" class=\"elementor elementor-1243\" data-elementor-post-type=\"page\">\n\t\t\t\t\t\t<section class=\"elementor-section elementor-top-section elementor-element elementor-element-2763969 elementor-section-boxed elementor-section-height-default elementor-section-height-default\" data-id=\"2763969\" data-element_type=\"section\" data-settings=\"{&quot;background_background&quot;:&quot;classic&quot;,&quot;_ha_eqh_enable&quot;:false}\">\n\t\t\t\t\t\t<div class=\"elementor-container elementor-column-gap-default\">\n\t\t\t\t\t<div class=\"elementor-column elementor-col-100 elementor-top-column elementor-element elementor-element-9504278\" data-id=\"9504278\" data-element_type=\"column\">\n\t\t\t<div class=\"elementor-widget-wrap elementor-element-populated\">\n\t\t\t\t\t\t<div class=\"elementor-element elementor-element-f6ca448 elementor-widget elementor-widget-heading\" data-id=\"f6ca448\" data-element_type=\"widget\" data-widget_type=\"heading.default\">\n\t\t\t\t<div class=\"elementor-widget-container\">\n\t\t\t<style>\/*! elementor - v3.20.0 - 26-03-2024 *\/\n.elementor-heading-title{padding:0;margin:0;line-height:1}.elementor-widget-heading .elementor-heading-title[class*=elementor-size-]>a{color:inherit;font-size:inherit;line-height:inherit}.elementor-widget-heading .elementor-heading-title.elementor-size-small{font-size:15px}.elementor-widget-heading .elementor-heading-title.elementor-size-medium{font-size:19px}.elementor-widget-heading .elementor-heading-title.elementor-size-large{font-size:29px}.elementor-widget-heading .elementor-heading-title.elementor-size-xl{font-size:39px}.elementor-widget-heading .elementor-heading-title.elementor-size-xxl{font-size:59px}<\/style><h1 class=\"elementor-heading-title elementor-size-default\">La marca <span>Listone<\/span><\/h1>\t\t<\/div>\n\t\t\t\t<\/div>\n\t\t\t\t\t<\/div>\n\t\t<\/div>\n\t\t\t\t\t<\/div>\n\t\t<\/section>\n\t\t\t\t<section class=\"elementor-section elementor-top-section elementor-element elementor-element-af41f06 elementor-section-boxed elementor-section-height-default elementor-section-height-default\" data-id=\"af41f06\" data-element_type=\"section\" data-settings=\"{&quot;_ha_eqh_enable&quot;:false}\">\n\t\t\t\t\t\t<div class=\"elementor-container elementor-column-gap-default\">\n\t\t\t\t\t<div class=\"elementor-column elementor-col-100 elementor-top-column elementor-element elementor-element-5521d52\" data-id=\"5521d52\" data-element_type=\"column\">\n\t\t\t<div class=\"elementor-widget-wrap elementor-element-populated\">\n\t\t\t\t\t\t<div class=\"elementor-element elementor-element-8e79240 elementor-widget__width-initial elementor-widget elementor-widget-heading\" data-id=\"8e79240\" data-element_type=\"widget\" data-widget_type=\"heading.default\">\n\t\t\t\t<div class=\"elementor-widget-container\">\n\t\t\t<h2 class=\"elementor-heading-title elementor-size-default\">Pasi\u00f3n por la Madera y Respeto por la Naturaleza<\/h2>\t\t<\/div>\n\t\t\t\t<\/div>\n\t\t\t\t<div class=\"elementor-element elementor-element-63d2073 elementor-widget elementor-widget-text-editor\" data-id=\"63d2073\" data-element_type=\"widget\" data-widget_type=\"text-editor.default\">\n\t\t\t\t<div class=\"elementor-widget-container\">\n\t\t\t<style>\/*! elementor - v3.20.0 - 26-03-2024 *\/\n.elementor-widget-text-editor.elementor-drop-cap-view-stacked .elementor-drop-cap{background-color:#69727d;color:#fff}.elementor-widget-text-editor.elementor-drop-cap-view-framed .elementor-drop-cap{color:#69727d;border:3px solid;background-color:transparent}.elementor-widget-text-editor:not(.elementor-drop-cap-view-default) .elementor-drop-cap{margin-top:8px}.elementor-widget-text-editor:not(.elementor-drop-cap-view-default) .elementor-drop-cap-letter{width:1em;height:1em}.elementor-widget-text-editor .elementor-drop-cap{float:left;text-align:center;line-height:1;font-size:50px}.elementor-widget-text-editor .elementor-drop-cap-letter{display:inline-block}<\/style>\t\t\t\t<p><span data-contrast=\"auto\">Despu\u00e9s de a\u00f1os de operar en el mercado de la madera, sentimos la necesidad de actualizar nuestra marca. Nuestro nuevo logotipo resalta las vetas de la madera, representadas de forma muy clara, para reforzar la resistencia, belleza, elegancia y versatilidad de este material, adem\u00e1s de transmitir un aire de modernidad y sofisticaci\u00f3n.<\/span><span data-ccp-props=\"{&quot;134233117&quot;:true,&quot;134233118&quot;:true,&quot;201341983&quot;:1,&quot;335551550&quot;:6,&quot;335551620&quot;:6,&quot;335559740&quot;:360}\">\u00a0<\/span><\/p><p><span data-contrast=\"auto\">Y aqu\u00ed est\u00e1 nuestro manifiesto, que resume la esencia de nuestra marca:<\/span><span data-ccp-props=\"{&quot;134233117&quot;:true,&quot;134233118&quot;:true,&quot;201341983&quot;:1,&quot;335551550&quot;:6,&quot;335551620&quot;:6,&quot;335559740&quot;:360}\">\u00a0<\/span><\/p>\t\t\t\t\t\t<\/div>\n\t\t\t\t<\/div>\n\t\t\t\t\t<\/div>\n\t\t<\/div>\n\t\t\t\t\t<\/div>\n\t\t<\/section>\n\t\t\t\t<section class=\"elementor-section elementor-top-section elementor-element elementor-element-2ef05df elementor-section-boxed elementor-section-height-default elementor-section-height-default\" data-id=\"2ef05df\" data-element_type=\"section\" data-settings=\"{&quot;_ha_eqh_enable&quot;:false}\">\n\t\t\t\t\t\t<div class=\"elementor-container elementor-column-gap-default\">\n\t\t\t\t\t<div class=\"elementor-column elementor-col-100 elementor-top-column elementor-element elementor-element-b320480\" data-id=\"b320480\" data-element_type=\"column\">\n\t\t\t<div class=\"elementor-widget-wrap elementor-element-populated\">\n\t\t\t\t\t\t<div class=\"elementor-element elementor-element-54099b9 elementor-widget__width-initial elementor-widget elementor-widget-heading\" data-id=\"54099b9\" data-element_type=\"widget\" data-widget_type=\"heading.default\">\n\t\t\t\t<div class=\"elementor-widget-container\">\n\t\t\t<h2 class=\"elementor-heading-title elementor-size-default\">Manifiesto Listone <\/h2>\t\t<\/div>\n\t\t\t\t<\/div>\n\t\t\t\t<div class=\"elementor-element elementor-element-209d758 elementor-widget elementor-widget-text-editor\" data-id=\"209d758\" data-element_type=\"widget\" data-widget_type=\"text-editor.default\">\n\t\t\t\t<div class=\"elementor-widget-container\">\n\t\t\t\t\t\t\t<p><span data-contrast=\"auto\">Los \u00e1rboles, como todos nosotros, tienen sus propias <\/span><b><span data-contrast=\"auto\">marcas<\/span><\/b><span data-contrast=\"auto\"> del tiempo, sean cuales sean. Y es en sus venas donde se ve su edad.<\/span><span data-ccp-props=\"{&quot;134233117&quot;:true,&quot;134233118&quot;:true,&quot;201341983&quot;:1,&quot;335551550&quot;:6,&quot;335551620&quot;:6,&quot;335559740&quot;:360}\">\u00a0<\/span><\/p><p><span data-contrast=\"auto\">Creemos que, m\u00e1s que<\/span> <b><span data-contrast=\"auto\">transformar <\/span><\/b><span data-contrast=\"auto\">los entornos, es necesario<\/span><b><span data-contrast=\"auto\"> valorar <\/span><\/b><span data-contrast=\"auto\">el ambiente en el que vivimos y tambi\u00e9n nuestras ra\u00edces. Queremos acercar la madera a la vida cotidiana de las personas, demostrando que la <\/span><b><span data-contrast=\"auto\">elegancia,<\/span><\/b> <b><span data-contrast=\"auto\">la calidez<\/span><\/b><span data-contrast=\"auto\"> y <\/span><b><span data-contrast=\"auto\">el confort van de la mano de <\/span><\/b><span data-contrast=\"auto\">la<\/span><b><span data-contrast=\"auto\"> innovaci\u00f3n, la calidad, la versatilidad <\/span><\/b><span data-contrast=\"auto\">y<\/span><b><span data-contrast=\"auto\"> sostenibilidad<\/span><\/b><span data-contrast=\"auto\">. Por lo tanto, <\/span><b><span data-contrast=\"auto\">invertir<\/span><\/b><span data-contrast=\"auto\"> en madera va mucho m\u00e1s all\u00e1 de tener a su alcance una materia prima <\/span><b><span data-contrast=\"auto\">renovable<\/span><\/b><span data-contrast=\"auto\"> y <\/span><b><span data-contrast=\"auto\">duradera.<\/span><\/b><span data-contrast=\"auto\">.\u202f\u202f<\/span><span data-ccp-props=\"{&quot;134233117&quot;:true,&quot;134233118&quot;:true,&quot;201341983&quot;:1,&quot;335551550&quot;:6,&quot;335551620&quot;:6,&quot;335559740&quot;:360}\">\u00a0<\/span><\/p><p><span data-contrast=\"auto\">La madera tambi\u00e9n te lleva a un c\u00edrculo virtuoso de <\/span><b><span data-contrast=\"auto\">crecimiento <\/span><\/b><span data-contrast=\"auto\">y<\/span><b><span data-contrast=\"auto\"> evoluci\u00f3n, <\/span><\/b><span data-contrast=\"auto\">uniendo productores, la comunidad y la naturaleza. Despu\u00e9s de todo, todos merecemos vivir en un entorno que nos traiga buenos recuerdos, haciendo que los d\u00edas m\u00e1s dif\u00edciles sean parte de <\/span><b><span data-contrast=\"auto\">grandes<\/span><\/b><span data-contrast=\"auto\"> momentos.<\/span><span data-ccp-props=\"{&quot;134233117&quot;:true,&quot;134233118&quot;:true,&quot;201341983&quot;:1,&quot;335551550&quot;:6,&quot;335551620&quot;:6,&quot;335559740&quot;:360}\">\u00a0<\/span><\/p><p><span data-contrast=\"auto\">\u00bfTrabajemos juntos a favor de la Sostenibilidad y la Innovaci\u00f3n?<\/span><\/p>\t\t\t\t\t\t<\/div>\n\t\t\t\t<\/div>\n\t\t\t\t\t<\/div>\n\t\t<\/div>\n\t\t\t\t\t<\/div>\n\t\t<\/section>\n\t\t\t\t<\/div>","protected":false},"excerpt":{"rendered":"<p>Marca Listone Paix\u00e3o pela Madeira e Respeito \u00e0 Natureza Ap\u00f3s anos de atua\u00e7\u00e3o no mercado madeireiro, sentimos a necessidade de atualizar a nossa marca. O nosso novo logotipo destaca os veios da madeira, representados de forma bem n\u00edtida, para refor\u00e7ar a resist\u00eancia, beleza, eleg\u00e2ncia e versatilidade desse material, al\u00e9m de transmitir um ar de modernidade &hellip;<\/p>\n<p class=\"read-more\"> <a class=\"\" href=\"https:\/\/listone.com.br\/es\/marca-listone\/\"> <span class=\"screen-reader-text\">Marca Listone<\/span> Leer m\u00e1s &raquo;<\/a><\/p>","protected":false},"author":1,"featured_media":0,"parent":0,"menu_order":0,"comment_status":"closed","ping_status":"closed","template":"","meta":{"_acf_changed":false,"site-sidebar-layout":"no-sidebar","site-content-layout":"page-builder","ast-global-header-display":"","ast-main-header-display":"","ast-hfb-above-header-display":"","ast-hfb-below-header-display":"","ast-hfb-mobile-header-display":"","site-post-title":"disabled","ast-breadcrumbs-content":"","ast-featured-img":"disabled","footer-sml-layout":"","theme-transparent-header-meta":"","adv-header-id-meta":"","stick-header-meta":"","header-above-stick-meta":"","header-main-stick-meta":"","header-below-stick-meta":"","footnotes":""},"class_list":["post-1243","page","type-page","status-publish","hentry"],"acf":[],"yoast_head":"<!-- This site is optimized with the Yoast SEO plugin v22.8 - https:\/\/yoast.com\/wordpress\/plugins\/seo\/ -->\n<title>Marca Listone | Listone<\/title>\n<meta name=\"robots\" content=\"index, follow, max-snippet:-1, max-image-preview:large, max-video-preview:-1\" \/>\n<link rel=\"canonical\" href=\"https:\/\/listone.com.br\/es\/marca-listone\/\" \/>\n<meta property=\"og:locale\" content=\"es_ES\" \/>\n<meta property=\"og:type\" content=\"article\" \/>\n<meta property=\"og:title\" content=\"Marca Listone | Listone\" \/>\n<meta property=\"og:description\" content=\"Marca Listone Paix\u00e3o pela Madeira e Respeito \u00e0 Natureza Ap\u00f3s anos de atua\u00e7\u00e3o no mercado madeireiro, sentimos a necessidade de atualizar a nossa marca. O nosso novo logotipo destaca os veios da madeira, representados de forma bem n\u00edtida, para refor\u00e7ar a resist\u00eancia, beleza, eleg\u00e2ncia e versatilidade desse material, al\u00e9m de transmitir um ar de modernidade &hellip; Marca Listone Leer m\u00e1s &raquo;\" \/>\n<meta property=\"og:url\" content=\"https:\/\/listone.com.br\/es\/marca-listone\/\" \/>\n<meta property=\"og:site_name\" content=\"Listone\" \/>\n<meta property=\"article:publisher\" content=\"https:\/\/www.facebook.com\/Listonepisoseferragens\" \/>\n<meta property=\"article:modified_time\" content=\"2023-07-28T15:28:08+00:00\" \/>\n<meta property=\"og:image\" content=\"https:\/\/listone.com.br\/wp-content\/uploads\/2023\/07\/Logo-Listone.png\" \/>\n\t<meta property=\"og:image:width\" content=\"1080\" \/>\n\t<meta property=\"og:image:height\" content=\"255\" \/>\n\t<meta property=\"og:image:type\" content=\"image\/png\" \/>\n<meta name=\"twitter:card\" content=\"summary_large_image\" \/>\n<meta name=\"twitter:label1\" content=\"Tiempo de lectura\" \/>\n\t<meta name=\"twitter:data1\" content=\"1 minuto\" \/>\n<script type=\"application\/ld+json\" class=\"yoast-schema-graph\">{\"@context\":\"https:\/\/schema.org\",\"@graph\":[{\"@type\":\"WebPage\",\"@id\":\"https:\/\/listone.com.br\/marca-listone\/\",\"url\":\"https:\/\/listone.com.br\/marca-listone\/\",\"name\":\"Marca Listone | Listone\",\"isPartOf\":{\"@id\":\"https:\/\/listone.com.br\/#website\"},\"datePublished\":\"2023-07-28T15:26:11+00:00\",\"dateModified\":\"2023-07-28T15:28:08+00:00\",\"breadcrumb\":{\"@id\":\"https:\/\/listone.com.br\/marca-listone\/#breadcrumb\"},\"inLanguage\":\"es\",\"potentialAction\":[{\"@type\":\"ReadAction\",\"target\":[\"https:\/\/listone.com.br\/marca-listone\/\"]}]},{\"@type\":\"BreadcrumbList\",\"@id\":\"https:\/\/listone.com.br\/marca-listone\/#breadcrumb\",\"itemListElement\":[{\"@type\":\"ListItem\",\"position\":1,\"name\":\"In\u00edcio\",\"item\":\"https:\/\/listone.com.br\/\"},{\"@type\":\"ListItem\",\"position\":2,\"name\":\"Marca Listone\"}]},{\"@type\":\"WebSite\",\"@id\":\"https:\/\/listone.com.br\/#website\",\"url\":\"https:\/\/listone.com.br\/\",\"name\":\"Listone\",\"description\":\"Ferragens | Assoalhos de madeira | Listone | Mooca | Brasil\",\"publisher\":{\"@id\":\"https:\/\/listone.com.br\/#organization\"},\"potentialAction\":[{\"@type\":\"SearchAction\",\"target\":{\"@type\":\"EntryPoint\",\"urlTemplate\":\"https:\/\/listone.com.br\/?s={search_term_string}\"},\"query-input\":\"required name=search_term_string\"}],\"inLanguage\":\"es\"},{\"@type\":\"Organization\",\"@id\":\"https:\/\/listone.com.br\/#organization\",\"name\":\"Listone\",\"url\":\"https:\/\/listone.com.br\/\",\"logo\":{\"@type\":\"ImageObject\",\"inLanguage\":\"es\",\"@id\":\"https:\/\/listone.com.br\/#\/schema\/logo\/image\/\",\"url\":\"https:\/\/listone.com.br\/wp-content\/uploads\/2023\/09\/Logo-Listone-L-e1694661072614.jpg\",\"contentUrl\":\"https:\/\/listone.com.br\/wp-content\/uploads\/2023\/09\/Logo-Listone-L-e1694661072614.jpg\",\"width\":325,\"height\":326,\"caption\":\"Listone\"},\"image\":{\"@id\":\"https:\/\/listone.com.br\/#\/schema\/logo\/image\/\"},\"sameAs\":[\"https:\/\/www.facebook.com\/Listonepisoseferragens\",\"https:\/\/www.instagram.com\/listone_oficial\/\",\"https:\/\/www.linkedin.com\/company\/40658605\/\",\"https:\/\/www.youtube.com\/channel\/UCnMs3Evf91CHn82z3p07_Jw\"]}]}<\/script>\n<!-- \/ Yoast SEO plugin. -->","yoast_head_json":{"title":"Marca Listone | Listone","robots":{"index":"index","follow":"follow","max-snippet":"max-snippet:-1","max-image-preview":"max-image-preview:large","max-video-preview":"max-video-preview:-1"},"canonical":"https:\/\/listone.com.br\/es\/marca-listone\/","og_locale":"es_ES","og_type":"article","og_title":"Marca Listone | Listone","og_description":"Marca Listone Paix\u00e3o pela Madeira e Respeito \u00e0 Natureza Ap\u00f3s anos de atua\u00e7\u00e3o no mercado madeireiro, sentimos a necessidade de atualizar a nossa marca. O nosso novo logotipo destaca os veios da madeira, representados de forma bem n\u00edtida, para refor\u00e7ar a resist\u00eancia, beleza, eleg\u00e2ncia e versatilidade desse material, al\u00e9m de transmitir um ar de modernidade &hellip; Marca Listone Leer m\u00e1s &raquo;","og_url":"https:\/\/listone.com.br\/es\/marca-listone\/","og_site_name":"Listone","article_publisher":"https:\/\/www.facebook.com\/Listonepisoseferragens","article_modified_time":"2023-07-28T15:28:08+00:00","og_image":[{"width":1080,"height":255,"url":"https:\/\/listone.com.br\/wp-content\/uploads\/2023\/07\/Logo-Listone.png","type":"image\/png"}],"twitter_card":"summary_large_image","twitter_misc":{"Tiempo de lectura":"1 minuto"},"schema":{"@context":"https:\/\/schema.org","@graph":[{"@type":"WebPage","@id":"https:\/\/listone.com.br\/marca-listone\/","url":"https:\/\/listone.com.br\/marca-listone\/","name":"Marca Listone | Listone","isPartOf":{"@id":"https:\/\/listone.com.br\/#website"},"datePublished":"2023-07-28T15:26:11+00:00","dateModified":"2023-07-28T15:28:08+00:00","breadcrumb":{"@id":"https:\/\/listone.com.br\/marca-listone\/#breadcrumb"},"inLanguage":"es","potentialAction":[{"@type":"ReadAction","target":["https:\/\/listone.com.br\/marca-listone\/"]}]},{"@type":"BreadcrumbList","@id":"https:\/\/listone.com.br\/marca-listone\/#breadcrumb","itemListElement":[{"@type":"ListItem","position":1,"name":"In\u00edcio","item":"https:\/\/listone.com.br\/"},{"@type":"ListItem","position":2,"name":"Marca Listone"}]},{"@type":"WebSite","@id":"https:\/\/listone.com.br\/#website","url":"https:\/\/listone.com.br\/","name":"Listone","description":"Ferragens | Assoalhos de madeira | Listone | Mooca | Brasil","publisher":{"@id":"https:\/\/listone.com.br\/#organization"},"potentialAction":[{"@type":"SearchAction","target":{"@type":"EntryPoint","urlTemplate":"https:\/\/listone.com.br\/?s={search_term_string}"},"query-input":"required name=search_term_string"}],"inLanguage":"es"},{"@type":"Organization","@id":"https:\/\/listone.com.br\/#organization","name":"Listone","url":"https:\/\/listone.com.br\/","logo":{"@type":"ImageObject","inLanguage":"es","@id":"https:\/\/listone.com.br\/#\/schema\/logo\/image\/","url":"https:\/\/listone.com.br\/wp-content\/uploads\/2023\/09\/Logo-Listone-L-e1694661072614.jpg","contentUrl":"https:\/\/listone.com.br\/wp-content\/uploads\/2023\/09\/Logo-Listone-L-e1694661072614.jpg","width":325,"height":326,"caption":"Listone"},"image":{"@id":"https:\/\/listone.com.br\/#\/schema\/logo\/image\/"},"sameAs":["https:\/\/www.facebook.com\/Listonepisoseferragens","https:\/\/www.instagram.com\/listone_oficial\/","https:\/\/www.linkedin.com\/company\/40658605\/","https:\/\/www.youtube.com\/channel\/UCnMs3Evf91CHn82z3p07_Jw"]}]}},"_links":{"self":[{"href":"https:\/\/listone.com.br\/es\/wp-json\/wp\/v2\/pages\/1243","targetHints":{"allow":["GET"]}}],"collection":[{"href":"https:\/\/listone.com.br\/es\/wp-json\/wp\/v2\/pages"}],"about":[{"href":"https:\/\/listone.com.br\/es\/wp-json\/wp\/v2\/types\/page"}],"author":[{"embeddable":true,"href":"https:\/\/listone.com.br\/es\/wp-json\/wp\/v2\/users\/1"}],"replies":[{"embeddable":true,"href":"https:\/\/listone.com.br\/es\/wp-json\/wp\/v2\/comments?post=1243"}],"version-history":[{"count":0,"href":"https:\/\/listone.com.br\/es\/wp-json\/wp\/v2\/pages\/1243\/revisions"}],"wp:attachment":[{"href":"https:\/\/listone.com.br\/es\/wp-json\/wp\/v2\/media?parent=1243"}],"curies":[{"name":"wp","href":"https:\/\/api.w.org\/{rel}","templated":true}]}}