{"id":1216,"date":"2023-07-28T12:06:33","date_gmt":"2023-07-28T15:06:33","guid":{"rendered":"https:\/\/listone.com.br\/?page_id=1216"},"modified":"2023-07-28T12:23:39","modified_gmt":"2023-07-28T15:23:39","slug":"pisos-e-paineis","status":"publish","type":"page","link":"https:\/\/listone.com.br\/es\/pisos-e-paineis\/","title":{"rendered":"Pisos e Pain\u00e9is"},"content":{"rendered":"<div data-elementor-type=\"wp-page\" data-elementor-id=\"1216\" class=\"elementor elementor-1216\" data-elementor-post-type=\"page\">\n\t\t\t\t\t\t<section class=\"elementor-section elementor-top-section elementor-element elementor-element-d148775 elementor-section-boxed elementor-section-height-default elementor-section-height-default\" data-id=\"d148775\" data-element_type=\"section\" data-settings=\"{&quot;background_background&quot;:&quot;classic&quot;,&quot;_ha_eqh_enable&quot;:false}\">\n\t\t\t\t\t\t<div class=\"elementor-container elementor-column-gap-default\">\n\t\t\t\t\t<div class=\"elementor-column elementor-col-100 elementor-top-column elementor-element elementor-element-efab3ec\" data-id=\"efab3ec\" data-element_type=\"column\">\n\t\t\t<div class=\"elementor-widget-wrap elementor-element-populated\">\n\t\t\t\t\t\t<div class=\"elementor-element elementor-element-90c9315 elementor-widget elementor-widget-heading\" data-id=\"90c9315\" data-element_type=\"widget\" data-widget_type=\"heading.default\">\n\t\t\t\t<div class=\"elementor-widget-container\">\n\t\t\t<style>\/*! elementor - v3.20.0 - 26-03-2024 *\/\n.elementor-heading-title{padding:0;margin:0;line-height:1}.elementor-widget-heading .elementor-heading-title[class*=elementor-size-]>a{color:inherit;font-size:inherit;line-height:inherit}.elementor-widget-heading .elementor-heading-title.elementor-size-small{font-size:15px}.elementor-widget-heading .elementor-heading-title.elementor-size-medium{font-size:19px}.elementor-widget-heading .elementor-heading-title.elementor-size-large{font-size:29px}.elementor-widget-heading .elementor-heading-title.elementor-size-xl{font-size:39px}.elementor-widget-heading .elementor-heading-title.elementor-size-xxl{font-size:59px}<\/style><h1 class=\"elementor-heading-title elementor-size-default\">Excelencia en Pisos y Paneles de Madera<\/h1>\t\t<\/div>\n\t\t\t\t<\/div>\n\t\t\t\t\t<\/div>\n\t\t<\/div>\n\t\t\t\t\t<\/div>\n\t\t<\/section>\n\t\t\t\t<section class=\"elementor-section elementor-top-section elementor-element elementor-element-496447b elementor-section-boxed elementor-section-height-default elementor-section-height-default\" data-id=\"496447b\" data-element_type=\"section\" data-settings=\"{&quot;_ha_eqh_enable&quot;:false}\">\n\t\t\t\t\t\t<div class=\"elementor-container elementor-column-gap-default\">\n\t\t\t\t\t<div class=\"elementor-column elementor-col-50 elementor-top-column elementor-element elementor-element-940f2cc\" data-id=\"940f2cc\" data-element_type=\"column\">\n\t\t\t<div class=\"elementor-widget-wrap elementor-element-populated\">\n\t\t\t\t\t\t<div class=\"elementor-element elementor-element-21b059f elementor-widget elementor-widget-text-editor\" data-id=\"21b059f\" data-element_type=\"widget\" data-widget_type=\"text-editor.default\">\n\t\t\t\t<div class=\"elementor-widget-container\">\n\t\t\t<style>\/*! elementor - v3.20.0 - 26-03-2024 *\/\n.elementor-widget-text-editor.elementor-drop-cap-view-stacked .elementor-drop-cap{background-color:#69727d;color:#fff}.elementor-widget-text-editor.elementor-drop-cap-view-framed .elementor-drop-cap{color:#69727d;border:3px solid;background-color:transparent}.elementor-widget-text-editor:not(.elementor-drop-cap-view-default) .elementor-drop-cap{margin-top:8px}.elementor-widget-text-editor:not(.elementor-drop-cap-view-default) .elementor-drop-cap-letter{width:1em;height:1em}.elementor-widget-text-editor .elementor-drop-cap{float:left;text-align:center;line-height:1;font-size:50px}.elementor-widget-text-editor .elementor-drop-cap-letter{display:inline-block}<\/style>\t\t\t\t<p>Adem\u00e1s de su amplia experiencia en el sector de la madera, Listone invierte constantemente en maquinaria, formaci\u00f3n y materias primas certificadas y de origen \u00e9tico, para hacer realidad los sue\u00f1os de nuestros clientes. Y entre nuestros principales productos se encuentran los pisos y revestimientos de madera.<\/p>\t\t\t\t\t\t<\/div>\n\t\t\t\t<\/div>\n\t\t\t\t<div class=\"elementor-element elementor-element-32778c6 elementor-widget elementor-widget-image\" data-id=\"32778c6\" data-element_type=\"widget\" data-widget_type=\"image.default\">\n\t\t\t\t<div class=\"elementor-widget-container\">\n\t\t\t<style>\/*! elementor - v3.20.0 - 26-03-2024 *\/\n.elementor-widget-image{text-align:center}.elementor-widget-image a{display:inline-block}.elementor-widget-image a img[src$=\".svg\"]{width:48px}.elementor-widget-image img{vertical-align:middle;display:inline-block}<\/style>\t\t\t\t\t\t\t\t\t\t<img fetchpriority=\"high\" decoding=\"async\" width=\"702\" height=\"468\" src=\"https:\/\/listone.com.br\/wp-content\/uploads\/2023\/07\/l4.jpeg\" class=\"attachment-large size-large wp-image-1219\" alt=\"\" srcset=\"https:\/\/listone.com.br\/wp-content\/uploads\/2023\/07\/l4.jpeg 702w, https:\/\/listone.com.br\/wp-content\/uploads\/2023\/07\/l4-300x200.jpeg 300w\" sizes=\"(max-width: 702px) 100vw, 702px\" \/>\t\t\t\t\t\t\t\t\t\t\t\t\t<\/div>\n\t\t\t\t<\/div>\n\t\t\t\t\t<\/div>\n\t\t<\/div>\n\t\t\t\t<div class=\"elementor-column elementor-col-50 elementor-top-column elementor-element elementor-element-cc65113\" data-id=\"cc65113\" data-element_type=\"column\">\n\t\t\t<div class=\"elementor-widget-wrap elementor-element-populated\">\n\t\t\t\t\t\t<div class=\"elementor-element elementor-element-c7674a2 elementor-widget__width-initial elementor-widget elementor-widget-heading\" data-id=\"c7674a2\" data-element_type=\"widget\" data-widget_type=\"heading.default\">\n\t\t\t\t<div class=\"elementor-widget-container\">\n\t\t\t<h2 class=\"elementor-heading-title elementor-size-default\">Pisos de madera <\/h2>\t\t<\/div>\n\t\t\t\t<\/div>\n\t\t\t\t<div class=\"elementor-element elementor-element-101ac8f elementor-widget elementor-widget-text-editor\" data-id=\"101ac8f\" data-element_type=\"widget\" data-widget_type=\"text-editor.default\">\n\t\t\t\t<div class=\"elementor-widget-container\">\n\t\t\t\t\t\t\t<p><span data-contrast=\"none\">No todas las maderas son iguales. Cada una tiene su propia personalidad. Por ello, con el fin de atender a una gama cada vez mayor de clientes, Listone ofrece varias opciones a los consumidores, as\u00ed como sugerir la mejor alternativa seg\u00fan el estilo de cada uno de ellos.<\/span><span data-ccp-props=\"{&quot;201341983&quot;:1,&quot;335551550&quot;:6,&quot;335551620&quot;:6,&quot;335559738&quot;:180,&quot;335559739&quot;:0,&quot;335559740&quot;:360}\">\u00a0<\/span><\/p><p><span data-contrast=\"none\">Nuestra empresa ofrece, por ejemplo, pisos de madera contrachapada, que tienen un aspecto similar al de los pisos macizos, pero con el uso m\u00e1s racional de la madera dura y con mayor durabilidad.<\/span><span data-ccp-props=\"{&quot;201341983&quot;:1,&quot;335551550&quot;:6,&quot;335551620&quot;:6,&quot;335559738&quot;:180,&quot;335559739&quot;:0,&quot;335559740&quot;:360}\">\u00a0<\/span><\/p><p><span data-contrast=\"none\">La estructura de nuestros pisos est\u00e1 compuesta por una capa superior de 3 mm de las mejores especies de madera, as\u00ed como l\u00e1minas prensadas con cola naval y vetas cruzadas. Esta combinaci\u00f3n garantiza una mayor estabilidad y una gran resistencia a las dilataciones naturales que sufre el material con el paso del tiempo.<\/span><span data-ccp-props=\"{&quot;201341983&quot;:1,&quot;335551550&quot;:6,&quot;335551620&quot;:6,&quot;335559738&quot;:180,&quot;335559739&quot;:0,&quot;335559740&quot;:360}\">\u00a0<\/span><\/p>\t\t\t\t\t\t<\/div>\n\t\t\t\t<\/div>\n\t\t\t\t\t<\/div>\n\t\t<\/div>\n\t\t\t\t\t<\/div>\n\t\t<\/section>\n\t\t\t\t<section class=\"elementor-section elementor-top-section elementor-element elementor-element-3ce254c elementor-section-boxed elementor-section-height-default elementor-section-height-default\" data-id=\"3ce254c\" data-element_type=\"section\" data-settings=\"{&quot;background_background&quot;:&quot;classic&quot;,&quot;_ha_eqh_enable&quot;:false}\">\n\t\t\t\t\t\t<div class=\"elementor-container elementor-column-gap-default\">\n\t\t\t\t\t<div class=\"elementor-column elementor-col-100 elementor-top-column elementor-element elementor-element-19b9480\" data-id=\"19b9480\" data-element_type=\"column\">\n\t\t\t<div class=\"elementor-widget-wrap elementor-element-populated\">\n\t\t\t\t\t\t<div class=\"elementor-element elementor-element-15f5544 elementor-widget elementor-widget-heading\" data-id=\"15f5544\" data-element_type=\"widget\" data-widget_type=\"heading.default\">\n\t\t\t\t<div class=\"elementor-widget-container\">\n\t\t\t<h2 class=\"elementor-heading-title elementor-size-default\">Algunas de las maderas con las que trabajamos:<\/h2>\t\t<\/div>\n\t\t\t\t<\/div>\n\t\t\t\t<div class=\"elementor-element elementor-element-dfce7ec elementor-icon-list--layout-inline elementor-align-center elementor-list-item-link-full_width elementor-widget elementor-widget-icon-list\" data-id=\"dfce7ec\" data-element_type=\"widget\" data-widget_type=\"icon-list.default\">\n\t\t\t\t<div class=\"elementor-widget-container\">\n\t\t\t<link rel=\"stylesheet\" href=\"https:\/\/listone.com.br\/wp-content\/plugins\/elementor\/assets\/css\/widget-icon-list.min.css\">\t\t<ul class=\"elementor-icon-list-items elementor-inline-items\">\n\t\t\t\t\t\t\t<li class=\"elementor-icon-list-item elementor-inline-item\">\n\t\t\t\t\t\t\t\t\t\t\t<span class=\"elementor-icon-list-icon\">\n\t\t\t\t\t\t\t<i aria-hidden=\"true\" class=\"fas fa-check\"><\/i>\t\t\t\t\t\t<\/span>\n\t\t\t\t\t\t\t\t\t\t<span class=\"elementor-icon-list-text\">Ceniza<\/span>\n\t\t\t\t\t\t\t\t\t<\/li>\n\t\t\t\t\t\t\t\t<li class=\"elementor-icon-list-item elementor-inline-item\">\n\t\t\t\t\t\t\t\t\t\t\t<span class=\"elementor-icon-list-icon\">\n\t\t\t\t\t\t\t<i aria-hidden=\"true\" class=\"fas fa-check\"><\/i>\t\t\t\t\t\t<\/span>\n\t\t\t\t\t\t\t\t\t\t<span class=\"elementor-icon-list-text\">Roble<\/span>\n\t\t\t\t\t\t\t\t\t<\/li>\n\t\t\t\t\t\t\t\t<li class=\"elementor-icon-list-item elementor-inline-item\">\n\t\t\t\t\t\t\t\t\t\t\t<span class=\"elementor-icon-list-icon\">\n\t\t\t\t\t\t\t<i aria-hidden=\"true\" class=\"fas fa-check\"><\/i>\t\t\t\t\t\t<\/span>\n\t\t\t\t\t\t\t\t\t\t<span class=\"elementor-icon-list-text\">Haya Alemana<\/span>\n\t\t\t\t\t\t\t\t\t<\/li>\n\t\t\t\t\t\t\t\t<li class=\"elementor-icon-list-item elementor-inline-item\">\n\t\t\t\t\t\t\t\t\t\t\t<span class=\"elementor-icon-list-icon\">\n\t\t\t\t\t\t\t<i aria-hidden=\"true\" class=\"fas fa-check\"><\/i>\t\t\t\t\t\t<\/span>\n\t\t\t\t\t\t\t\t\t\t<span class=\"elementor-icon-list-text\">Arce<\/span>\n\t\t\t\t\t\t\t\t\t<\/li>\n\t\t\t\t\t\t\t\t<li class=\"elementor-icon-list-item elementor-inline-item\">\n\t\t\t\t\t\t\t\t\t\t\t<span class=\"elementor-icon-list-icon\">\n\t\t\t\t\t\t\t<i aria-hidden=\"true\" class=\"fas fa-check\"><\/i>\t\t\t\t\t\t<\/span>\n\t\t\t\t\t\t\t\t\t\t<span class=\"elementor-icon-list-text\">Caoba Africana<\/span>\n\t\t\t\t\t\t\t\t\t<\/li>\n\t\t\t\t\t\t\t\t<li class=\"elementor-icon-list-item elementor-inline-item\">\n\t\t\t\t\t\t\t\t\t\t\t<span class=\"elementor-icon-list-icon\">\n\t\t\t\t\t\t\t<i aria-hidden=\"true\" class=\"fas fa-check\"><\/i>\t\t\t\t\t\t<\/span>\n\t\t\t\t\t\t\t\t\t\t<span class=\"elementor-icon-list-text\">Nogal Americano<\/span>\n\t\t\t\t\t\t\t\t\t<\/li>\n\t\t\t\t\t\t\t\t<li class=\"elementor-icon-list-item elementor-inline-item\">\n\t\t\t\t\t\t\t\t\t\t\t<span class=\"elementor-icon-list-icon\">\n\t\t\t\t\t\t\t<i aria-hidden=\"true\" class=\"fas fa-check\"><\/i>\t\t\t\t\t\t<\/span>\n\t\t\t\t\t\t\t\t\t\t<span class=\"elementor-icon-list-text\">Ovangkol<\/span>\n\t\t\t\t\t\t\t\t\t<\/li>\n\t\t\t\t\t\t\t\t<li class=\"elementor-icon-list-item elementor-inline-item\">\n\t\t\t\t\t\t\t\t\t\t\t<span class=\"elementor-icon-list-icon\">\n\t\t\t\t\t\t\t<i aria-hidden=\"true\" class=\"fas fa-check\"><\/i>\t\t\t\t\t\t<\/span>\n\t\t\t\t\t\t\t\t\t\t<span class=\"elementor-icon-list-text\">Wengue<\/span>\n\t\t\t\t\t\t\t\t\t<\/li>\n\t\t\t\t\t\t\t\t<li class=\"elementor-icon-list-item elementor-inline-item\">\n\t\t\t\t\t\t\t\t\t\t\t<span class=\"elementor-icon-list-icon\">\n\t\t\t\t\t\t\t<i aria-hidden=\"true\" class=\"fas fa-check\"><\/i>\t\t\t\t\t\t<\/span>\n\t\t\t\t\t\t\t\t\t\t<span class=\"elementor-icon-list-text\">Teca Importada y Brasile\u00f1a <\/span>\n\t\t\t\t\t\t\t\t\t<\/li>\n\t\t\t\t\t\t\t\t<li class=\"elementor-icon-list-item elementor-inline-item\">\n\t\t\t\t\t\t\t\t\t\t\t<span class=\"elementor-icon-list-icon\">\n\t\t\t\t\t\t\t<i aria-hidden=\"true\" class=\"fas fa-check\"><\/i>\t\t\t\t\t\t<\/span>\n\t\t\t\t\t\t\t\t\t\t<span class=\"elementor-icon-list-text\">Estallido de Teca<\/span>\n\t\t\t\t\t\t\t\t\t<\/li>\n\t\t\t\t\t\t\t\t<li class=\"elementor-icon-list-item elementor-inline-item\">\n\t\t\t\t\t\t\t\t\t\t\t<span class=\"elementor-icon-list-icon\">\n\t\t\t\t\t\t\t<i aria-hidden=\"true\" class=\"fas fa-check\"><\/i>\t\t\t\t\t\t<\/span>\n\t\t\t\t\t\t\t\t\t\t<span class=\"elementor-icon-list-text\">Sapele Africano <\/span>\n\t\t\t\t\t\t\t\t\t<\/li>\n\t\t\t\t\t\t<\/ul>\n\t\t\t\t<\/div>\n\t\t\t\t<\/div>\n\t\t\t\t\t<\/div>\n\t\t<\/div>\n\t\t\t\t\t<\/div>\n\t\t<\/section>\n\t\t\t\t<section class=\"elementor-section elementor-top-section elementor-element elementor-element-5f504ea elementor-section-boxed elementor-section-height-default elementor-section-height-default\" data-id=\"5f504ea\" data-element_type=\"section\" data-settings=\"{&quot;_ha_eqh_enable&quot;:false}\">\n\t\t\t\t\t\t<div class=\"elementor-container elementor-column-gap-default\">\n\t\t\t\t\t<div class=\"elementor-column elementor-col-50 elementor-top-column elementor-element elementor-element-b634407\" data-id=\"b634407\" data-element_type=\"column\">\n\t\t\t<div class=\"elementor-widget-wrap elementor-element-populated\">\n\t\t\t\t\t\t<div class=\"elementor-element elementor-element-80a1018 elementor-widget__width-initial elementor-widget elementor-widget-heading\" data-id=\"80a1018\" data-element_type=\"widget\" data-widget_type=\"heading.default\">\n\t\t\t\t<div class=\"elementor-widget-container\">\n\t\t\t<h2 class=\"elementor-heading-title elementor-size-default\">Paneles de Madera<\/h2>\t\t<\/div>\n\t\t\t\t<\/div>\n\t\t\t\t<div class=\"elementor-element elementor-element-bd15aeb elementor-widget elementor-widget-text-editor\" data-id=\"bd15aeb\" data-element_type=\"widget\" data-widget_type=\"text-editor.default\">\n\t\t\t\t<div class=\"elementor-widget-container\">\n\t\t\t\t\t\t\t<p><span data-contrast=\"none\">Elegancia y sostenibilidad van de la mano cuando se trata de paneles de madera. Con texturas y caracter\u00edsticas \u00fanicas, los paneles de madera van m\u00e1s all\u00e1 de lo que la est\u00e9tica ofrece: a\u00f1aden durabilidad y resistencia a los ambientes.\u00a0<\/span><span data-ccp-props=\"{&quot;201341983&quot;:1,&quot;335551550&quot;:6,&quot;335551620&quot;:6,&quot;335559739&quot;:160,&quot;335559740&quot;:360}\">\u00a0<\/span><\/p><p><span data-contrast=\"none\">Los paneles de madera se pueden aplicar en ambientes residenciales y comerciales, tales como: salas de estar, dormitorios, oficinas, vest\u00edbulos y tambi\u00e9n en muebles, brindando a los espacios un toque de sofisticaci\u00f3n y calidez, combinado con la belleza de la naturaleza.\u00a0<\/span><span data-ccp-props=\"{&quot;201341983&quot;:1,&quot;335551550&quot;:6,&quot;335551620&quot;:6,&quot;335559739&quot;:160,&quot;335559740&quot;:360}\">\u00a0<\/span><\/p>\t\t\t\t\t\t<\/div>\n\t\t\t\t<\/div>\n\t\t\t\t\t<\/div>\n\t\t<\/div>\n\t\t\t\t<div class=\"elementor-column elementor-col-50 elementor-top-column elementor-element elementor-element-e50b441\" data-id=\"e50b441\" data-element_type=\"column\">\n\t\t\t<div class=\"elementor-widget-wrap elementor-element-populated\">\n\t\t\t\t\t\t<div class=\"elementor-element elementor-element-4ed7a6d elementor-widget elementor-widget-image\" data-id=\"4ed7a6d\" data-element_type=\"widget\" data-widget_type=\"image.default\">\n\t\t\t\t<div class=\"elementor-widget-container\">\n\t\t\t\t\t\t\t\t\t\t\t\t\t<img decoding=\"async\" width=\"676\" height=\"451\" src=\"https:\/\/listone.com.br\/wp-content\/uploads\/2023\/07\/l6.jpeg\" class=\"attachment-large size-large wp-image-1230\" alt=\"\" srcset=\"https:\/\/listone.com.br\/wp-content\/uploads\/2023\/07\/l6.jpeg 676w, https:\/\/listone.com.br\/wp-content\/uploads\/2023\/07\/l6-300x200.jpeg 300w\" sizes=\"(max-width: 676px) 100vw, 676px\" \/>\t\t\t\t\t\t\t\t\t\t\t\t\t<\/div>\n\t\t\t\t<\/div>\n\t\t\t\t\t<\/div>\n\t\t<\/div>\n\t\t\t\t\t<\/div>\n\t\t<\/section>\n\t\t\t\t<\/div>","protected":false},"excerpt":{"rendered":"<p>Excel\u00eancia em Pisos e Pain\u00e9is de Madeira Al\u00e9m da ampla experi\u00eancia no setor madeireiro, a Listone investe constantemente em maquin\u00e1rio, capacita\u00e7\u00e3o e mat\u00e9ria-prima certificada e de origem \u00e9tica, para realizar o sonho dos nossos clientes! E entre os nossos principais produtos est\u00e3o os pisos e pain\u00e9is de madeira. Pisos de madeira Madeiras n\u00e3o s\u00e3o todas &hellip;<\/p>\n<p class=\"read-more\"> <a class=\"\" href=\"https:\/\/listone.com.br\/es\/pisos-e-paineis\/\"> <span class=\"screen-reader-text\">Pisos e Pain\u00e9is<\/span> Leer m\u00e1s &raquo;<\/a><\/p>","protected":false},"author":1,"featured_media":0,"parent":0,"menu_order":0,"comment_status":"closed","ping_status":"closed","template":"","meta":{"_acf_changed":false,"site-sidebar-layout":"no-sidebar","site-content-layout":"page-builder","ast-global-header-display":"","ast-main-header-display":"","ast-hfb-above-header-display":"","ast-hfb-below-header-display":"","ast-hfb-mobile-header-display":"","site-post-title":"disabled","ast-breadcrumbs-content":"","ast-featured-img":"disabled","footer-sml-layout":"","theme-transparent-header-meta":"","adv-header-id-meta":"","stick-header-meta":"","header-above-stick-meta":"","header-main-stick-meta":"","header-below-stick-meta":"","footnotes":""},"class_list":["post-1216","page","type-page","status-publish","hentry"],"acf":[],"yoast_head":"<!-- This site is optimized with the Yoast SEO plugin v22.8 - https:\/\/yoast.com\/wordpress\/plugins\/seo\/ -->\n<title>Pisos e Pain\u00e9is | Listone<\/title>\n<meta name=\"robots\" content=\"index, follow, max-snippet:-1, max-image-preview:large, max-video-preview:-1\" \/>\n<link rel=\"canonical\" href=\"https:\/\/listone.com.br\/es\/pisos-e-paineis\/\" \/>\n<meta property=\"og:locale\" content=\"es_ES\" \/>\n<meta property=\"og:type\" content=\"article\" \/>\n<meta property=\"og:title\" content=\"Pisos e Pain\u00e9is | Listone\" \/>\n<meta property=\"og:description\" content=\"Excel\u00eancia em Pisos e Pain\u00e9is de Madeira Al\u00e9m da ampla experi\u00eancia no setor madeireiro, a Listone investe constantemente em maquin\u00e1rio, capacita\u00e7\u00e3o e mat\u00e9ria-prima certificada e de origem \u00e9tica, para realizar o sonho dos nossos clientes! E entre os nossos principais produtos est\u00e3o os pisos e pain\u00e9is de madeira. Pisos de madeira Madeiras n\u00e3o s\u00e3o todas &hellip; Pisos e Pain\u00e9is Leer m\u00e1s &raquo;\" \/>\n<meta property=\"og:url\" content=\"https:\/\/listone.com.br\/es\/pisos-e-paineis\/\" \/>\n<meta property=\"og:site_name\" content=\"Listone\" \/>\n<meta property=\"article:publisher\" content=\"https:\/\/www.facebook.com\/Listonepisoseferragens\" \/>\n<meta property=\"article:modified_time\" content=\"2023-07-28T15:23:39+00:00\" \/>\n<meta property=\"og:image\" content=\"https:\/\/listone.com.br\/wp-content\/uploads\/2023\/07\/l4.jpeg\" \/>\n<meta name=\"twitter:card\" content=\"summary_large_image\" \/>\n<meta name=\"twitter:label1\" content=\"Tiempo de lectura\" \/>\n\t<meta name=\"twitter:data1\" content=\"2 minutos\" \/>\n<script type=\"application\/ld+json\" class=\"yoast-schema-graph\">{\"@context\":\"https:\/\/schema.org\",\"@graph\":[{\"@type\":\"WebPage\",\"@id\":\"https:\/\/listone.com.br\/pisos-e-paineis\/\",\"url\":\"https:\/\/listone.com.br\/pisos-e-paineis\/\",\"name\":\"Pisos e Pain\u00e9is | Listone\",\"isPartOf\":{\"@id\":\"https:\/\/listone.com.br\/#website\"},\"primaryImageOfPage\":{\"@id\":\"https:\/\/listone.com.br\/pisos-e-paineis\/#primaryimage\"},\"image\":{\"@id\":\"https:\/\/listone.com.br\/pisos-e-paineis\/#primaryimage\"},\"thumbnailUrl\":\"https:\/\/listone.com.br\/wp-content\/uploads\/2023\/07\/l4.jpeg\",\"datePublished\":\"2023-07-28T15:06:33+00:00\",\"dateModified\":\"2023-07-28T15:23:39+00:00\",\"breadcrumb\":{\"@id\":\"https:\/\/listone.com.br\/pisos-e-paineis\/#breadcrumb\"},\"inLanguage\":\"es\",\"potentialAction\":[{\"@type\":\"ReadAction\",\"target\":[\"https:\/\/listone.com.br\/pisos-e-paineis\/\"]}]},{\"@type\":\"ImageObject\",\"inLanguage\":\"es\",\"@id\":\"https:\/\/listone.com.br\/pisos-e-paineis\/#primaryimage\",\"url\":\"https:\/\/listone.com.br\/wp-content\/uploads\/2023\/07\/l4.jpeg\",\"contentUrl\":\"https:\/\/listone.com.br\/wp-content\/uploads\/2023\/07\/l4.jpeg\"},{\"@type\":\"BreadcrumbList\",\"@id\":\"https:\/\/listone.com.br\/pisos-e-paineis\/#breadcrumb\",\"itemListElement\":[{\"@type\":\"ListItem\",\"position\":1,\"name\":\"In\u00edcio\",\"item\":\"https:\/\/listone.com.br\/\"},{\"@type\":\"ListItem\",\"position\":2,\"name\":\"Pisos e Pain\u00e9is\"}]},{\"@type\":\"WebSite\",\"@id\":\"https:\/\/listone.com.br\/#website\",\"url\":\"https:\/\/listone.com.br\/\",\"name\":\"Listone\",\"description\":\"Ferragens | Assoalhos de madeira | Listone | Mooca | Brasil\",\"publisher\":{\"@id\":\"https:\/\/listone.com.br\/#organization\"},\"potentialAction\":[{\"@type\":\"SearchAction\",\"target\":{\"@type\":\"EntryPoint\",\"urlTemplate\":\"https:\/\/listone.com.br\/?s={search_term_string}\"},\"query-input\":\"required name=search_term_string\"}],\"inLanguage\":\"es\"},{\"@type\":\"Organization\",\"@id\":\"https:\/\/listone.com.br\/#organization\",\"name\":\"Listone\",\"url\":\"https:\/\/listone.com.br\/\",\"logo\":{\"@type\":\"ImageObject\",\"inLanguage\":\"es\",\"@id\":\"https:\/\/listone.com.br\/#\/schema\/logo\/image\/\",\"url\":\"https:\/\/listone.com.br\/wp-content\/uploads\/2023\/09\/Logo-Listone-L-e1694661072614.jpg\",\"contentUrl\":\"https:\/\/listone.com.br\/wp-content\/uploads\/2023\/09\/Logo-Listone-L-e1694661072614.jpg\",\"width\":325,\"height\":326,\"caption\":\"Listone\"},\"image\":{\"@id\":\"https:\/\/listone.com.br\/#\/schema\/logo\/image\/\"},\"sameAs\":[\"https:\/\/www.facebook.com\/Listonepisoseferragens\",\"https:\/\/www.instagram.com\/listone_oficial\/\",\"https:\/\/www.linkedin.com\/company\/40658605\/\",\"https:\/\/www.youtube.com\/channel\/UCnMs3Evf91CHn82z3p07_Jw\"]}]}<\/script>\n<!-- \/ Yoast SEO plugin. -->","yoast_head_json":{"title":"Pisos e Pain\u00e9is | Listone","robots":{"index":"index","follow":"follow","max-snippet":"max-snippet:-1","max-image-preview":"max-image-preview:large","max-video-preview":"max-video-preview:-1"},"canonical":"https:\/\/listone.com.br\/es\/pisos-e-paineis\/","og_locale":"es_ES","og_type":"article","og_title":"Pisos e Pain\u00e9is | Listone","og_description":"Excel\u00eancia em Pisos e Pain\u00e9is de Madeira Al\u00e9m da ampla experi\u00eancia no setor madeireiro, a Listone investe constantemente em maquin\u00e1rio, capacita\u00e7\u00e3o e mat\u00e9ria-prima certificada e de origem \u00e9tica, para realizar o sonho dos nossos clientes! E entre os nossos principais produtos est\u00e3o os pisos e pain\u00e9is de madeira. Pisos de madeira Madeiras n\u00e3o s\u00e3o todas &hellip; Pisos e Pain\u00e9is Leer m\u00e1s &raquo;","og_url":"https:\/\/listone.com.br\/es\/pisos-e-paineis\/","og_site_name":"Listone","article_publisher":"https:\/\/www.facebook.com\/Listonepisoseferragens","article_modified_time":"2023-07-28T15:23:39+00:00","og_image":[{"url":"https:\/\/listone.com.br\/wp-content\/uploads\/2023\/07\/l4.jpeg"}],"twitter_card":"summary_large_image","twitter_misc":{"Tiempo de lectura":"2 minutos"},"schema":{"@context":"https:\/\/schema.org","@graph":[{"@type":"WebPage","@id":"https:\/\/listone.com.br\/pisos-e-paineis\/","url":"https:\/\/listone.com.br\/pisos-e-paineis\/","name":"Pisos e Pain\u00e9is | Listone","isPartOf":{"@id":"https:\/\/listone.com.br\/#website"},"primaryImageOfPage":{"@id":"https:\/\/listone.com.br\/pisos-e-paineis\/#primaryimage"},"image":{"@id":"https:\/\/listone.com.br\/pisos-e-paineis\/#primaryimage"},"thumbnailUrl":"https:\/\/listone.com.br\/wp-content\/uploads\/2023\/07\/l4.jpeg","datePublished":"2023-07-28T15:06:33+00:00","dateModified":"2023-07-28T15:23:39+00:00","breadcrumb":{"@id":"https:\/\/listone.com.br\/pisos-e-paineis\/#breadcrumb"},"inLanguage":"es","potentialAction":[{"@type":"ReadAction","target":["https:\/\/listone.com.br\/pisos-e-paineis\/"]}]},{"@type":"ImageObject","inLanguage":"es","@id":"https:\/\/listone.com.br\/pisos-e-paineis\/#primaryimage","url":"https:\/\/listone.com.br\/wp-content\/uploads\/2023\/07\/l4.jpeg","contentUrl":"https:\/\/listone.com.br\/wp-content\/uploads\/2023\/07\/l4.jpeg"},{"@type":"BreadcrumbList","@id":"https:\/\/listone.com.br\/pisos-e-paineis\/#breadcrumb","itemListElement":[{"@type":"ListItem","position":1,"name":"In\u00edcio","item":"https:\/\/listone.com.br\/"},{"@type":"ListItem","position":2,"name":"Pisos e Pain\u00e9is"}]},{"@type":"WebSite","@id":"https:\/\/listone.com.br\/#website","url":"https:\/\/listone.com.br\/","name":"Listone","description":"Ferragens | Assoalhos de madeira | Listone | Mooca | Brasil","publisher":{"@id":"https:\/\/listone.com.br\/#organization"},"potentialAction":[{"@type":"SearchAction","target":{"@type":"EntryPoint","urlTemplate":"https:\/\/listone.com.br\/?s={search_term_string}"},"query-input":"required name=search_term_string"}],"inLanguage":"es"},{"@type":"Organization","@id":"https:\/\/listone.com.br\/#organization","name":"Listone","url":"https:\/\/listone.com.br\/","logo":{"@type":"ImageObject","inLanguage":"es","@id":"https:\/\/listone.com.br\/#\/schema\/logo\/image\/","url":"https:\/\/listone.com.br\/wp-content\/uploads\/2023\/09\/Logo-Listone-L-e1694661072614.jpg","contentUrl":"https:\/\/listone.com.br\/wp-content\/uploads\/2023\/09\/Logo-Listone-L-e1694661072614.jpg","width":325,"height":326,"caption":"Listone"},"image":{"@id":"https:\/\/listone.com.br\/#\/schema\/logo\/image\/"},"sameAs":["https:\/\/www.facebook.com\/Listonepisoseferragens","https:\/\/www.instagram.com\/listone_oficial\/","https:\/\/www.linkedin.com\/company\/40658605\/","https:\/\/www.youtube.com\/channel\/UCnMs3Evf91CHn82z3p07_Jw"]}]}},"_links":{"self":[{"href":"https:\/\/listone.com.br\/es\/wp-json\/wp\/v2\/pages\/1216","targetHints":{"allow":["GET"]}}],"collection":[{"href":"https:\/\/listone.com.br\/es\/wp-json\/wp\/v2\/pages"}],"about":[{"href":"https:\/\/listone.com.br\/es\/wp-json\/wp\/v2\/types\/page"}],"author":[{"embeddable":true,"href":"https:\/\/listone.com.br\/es\/wp-json\/wp\/v2\/users\/1"}],"replies":[{"embeddable":true,"href":"https:\/\/listone.com.br\/es\/wp-json\/wp\/v2\/comments?post=1216"}],"version-history":[{"count":0,"href":"https:\/\/listone.com.br\/es\/wp-json\/wp\/v2\/pages\/1216\/revisions"}],"wp:attachment":[{"href":"https:\/\/listone.com.br\/es\/wp-json\/wp\/v2\/media?parent=1216"}],"curies":[{"name":"wp","href":"https:\/\/api.w.org\/{rel}","templated":true}]}}