{"id":1201,"date":"2023-07-28T11:53:07","date_gmt":"2023-07-28T14:53:07","guid":{"rendered":"https:\/\/listone.com.br\/?page_id=1201"},"modified":"2024-07-02T12:10:11","modified_gmt":"2024-07-02T15:10:11","slug":"linha-nautica","status":"publish","type":"page","link":"https:\/\/listone.com.br\/es\/linha-nautica\/","title":{"rendered":"Linea N\u00e1utica"},"content":{"rendered":"<div data-elementor-type=\"wp-page\" data-elementor-id=\"1201\" class=\"elementor elementor-1201\" data-elementor-post-type=\"page\">\n\t\t\t\t\t\t<section class=\"elementor-section elementor-top-section elementor-element elementor-element-994c023 elementor-section-boxed elementor-section-height-default elementor-section-height-default\" data-id=\"994c023\" data-element_type=\"section\" data-settings=\"{&quot;background_background&quot;:&quot;classic&quot;,&quot;_ha_eqh_enable&quot;:false}\">\n\t\t\t\t\t\t<div class=\"elementor-container elementor-column-gap-default\">\n\t\t\t\t\t<div class=\"elementor-column elementor-col-100 elementor-top-column elementor-element elementor-element-df259e7\" data-id=\"df259e7\" data-element_type=\"column\">\n\t\t\t<div class=\"elementor-widget-wrap elementor-element-populated\">\n\t\t\t\t\t\t<div class=\"elementor-element elementor-element-c09edd0 elementor-widget elementor-widget-heading\" data-id=\"c09edd0\" data-element_type=\"widget\" data-widget_type=\"heading.default\">\n\t\t\t\t<div class=\"elementor-widget-container\">\n\t\t\t<style>\/*! elementor - v3.20.0 - 26-03-2024 *\/\n.elementor-heading-title{padding:0;margin:0;line-height:1}.elementor-widget-heading .elementor-heading-title[class*=elementor-size-]>a{color:inherit;font-size:inherit;line-height:inherit}.elementor-widget-heading .elementor-heading-title.elementor-size-small{font-size:15px}.elementor-widget-heading .elementor-heading-title.elementor-size-medium{font-size:19px}.elementor-widget-heading .elementor-heading-title.elementor-size-large{font-size:29px}.elementor-widget-heading .elementor-heading-title.elementor-size-xl{font-size:39px}.elementor-widget-heading .elementor-heading-title.elementor-size-xxl{font-size:59px}<\/style><h1 class=\"elementor-heading-title elementor-size-default\">L\u00ednea <span>N\u00e1utica<\/span><\/h1>\t\t<\/div>\n\t\t\t\t<\/div>\n\t\t\t\t\t<\/div>\n\t\t<\/div>\n\t\t\t\t\t<\/div>\n\t\t<\/section>\n\t\t\t\t<section class=\"elementor-section elementor-top-section elementor-element elementor-element-8000b08 elementor-section-boxed elementor-section-height-default elementor-section-height-default\" data-id=\"8000b08\" data-element_type=\"section\" data-settings=\"{&quot;_ha_eqh_enable&quot;:false}\">\n\t\t\t\t\t\t<div class=\"elementor-container elementor-column-gap-default\">\n\t\t\t\t\t<div class=\"elementor-column elementor-col-100 elementor-top-column elementor-element elementor-element-be7fd87\" data-id=\"be7fd87\" data-element_type=\"column\">\n\t\t\t<div class=\"elementor-widget-wrap elementor-element-populated\">\n\t\t\t\t\t\t<div class=\"elementor-element elementor-element-45c810f elementor-widget elementor-widget-text-editor\" data-id=\"45c810f\" data-element_type=\"widget\" data-widget_type=\"text-editor.default\">\n\t\t\t\t<div class=\"elementor-widget-container\">\n\t\t\t<style>\/*! elementor - v3.20.0 - 26-03-2024 *\/\n.elementor-widget-text-editor.elementor-drop-cap-view-stacked .elementor-drop-cap{background-color:#69727d;color:#fff}.elementor-widget-text-editor.elementor-drop-cap-view-framed .elementor-drop-cap{color:#69727d;border:3px solid;background-color:transparent}.elementor-widget-text-editor:not(.elementor-drop-cap-view-default) .elementor-drop-cap{margin-top:8px}.elementor-widget-text-editor:not(.elementor-drop-cap-view-default) .elementor-drop-cap-letter{width:1em;height:1em}.elementor-widget-text-editor .elementor-drop-cap{float:left;text-align:center;line-height:1;font-size:50px}.elementor-widget-text-editor .elementor-drop-cap-letter{display:inline-block}<\/style>\t\t\t\t<p><span data-contrast=\"none\">Listone cuenta con una amplia experiencia en el sector n\u00e1utico, habiendo realizado en los \u00faltimos a\u00f1os varios proyectos de pavimentos, mobiliario y revestimientos, valorando siempre la calidad, la belleza y la sostenibilidad mediante el uso de maderas certificadas y de alta calidad.\u00a0<\/span><span data-ccp-props=\"{&quot;134233117&quot;:false,&quot;134233118&quot;:false,&quot;201341983&quot;:2,&quot;335559738&quot;:360,&quot;335559739&quot;:360,&quot;335559740&quot;:435}\">\u00a0<\/span><\/p><p><span data-contrast=\"none\">Sabemos que el consumidor en este segmento es muy exigente, por lo que siempre buscamos agregar est\u00e9tica, elegancia, usabilidad y durabilidad a nuestras entregas.<\/span><span data-ccp-props=\"{&quot;134233117&quot;:false,&quot;134233118&quot;:false,&quot;201341983&quot;:2,&quot;335559738&quot;:360,&quot;335559739&quot;:360,&quot;335559740&quot;:435}\">\u00a0<\/span><\/p>\t\t\t\t\t\t<\/div>\n\t\t\t\t<\/div>\n\t\t\t\t\t<\/div>\n\t\t<\/div>\n\t\t\t\t\t<\/div>\n\t\t<\/section>\n\t\t\t\t<section class=\"elementor-section elementor-top-section elementor-element elementor-element-ced6871 elementor-section-boxed elementor-section-height-default elementor-section-height-default\" data-id=\"ced6871\" data-element_type=\"section\" data-settings=\"{&quot;_ha_eqh_enable&quot;:false}\">\n\t\t\t\t\t\t<div class=\"elementor-container elementor-column-gap-default\">\n\t\t\t\t\t<div class=\"elementor-column elementor-col-100 elementor-top-column elementor-element elementor-element-0553c57\" data-id=\"0553c57\" data-element_type=\"column\">\n\t\t\t<div class=\"elementor-widget-wrap elementor-element-populated\">\n\t\t\t\t\t\t<section class=\"elementor-section elementor-inner-section elementor-element elementor-element-bdaaf8a elementor-section-boxed elementor-section-height-default elementor-section-height-default\" data-id=\"bdaaf8a\" data-element_type=\"section\" data-settings=\"{&quot;_ha_eqh_enable&quot;:false}\">\n\t\t\t\t\t\t<div class=\"elementor-container elementor-column-gap-default\">\n\t\t\t\t\t<div class=\"elementor-column elementor-col-33 elementor-inner-column elementor-element elementor-element-db64538\" data-id=\"db64538\" data-element_type=\"column\">\n\t\t\t<div class=\"elementor-widget-wrap elementor-element-populated\">\n\t\t\t\t\t\t<div class=\"elementor-element elementor-element-9f5444a elementor-widget elementor-widget-image\" data-id=\"9f5444a\" data-element_type=\"widget\" data-widget_type=\"image.default\">\n\t\t\t\t<div class=\"elementor-widget-container\">\n\t\t\t<style>\/*! elementor - v3.20.0 - 26-03-2024 *\/\n.elementor-widget-image{text-align:center}.elementor-widget-image a{display:inline-block}.elementor-widget-image a img[src$=\".svg\"]{width:48px}.elementor-widget-image img{vertical-align:middle;display:inline-block}<\/style>\t\t\t\t\t\t\t\t\t\t<img fetchpriority=\"high\" decoding=\"async\" width=\"528\" height=\"526\" src=\"https:\/\/listone.com.br\/wp-content\/uploads\/2023\/07\/l1.jpeg\" class=\"attachment-large size-large wp-image-1207\" alt=\"\" srcset=\"https:\/\/listone.com.br\/wp-content\/uploads\/2023\/07\/l1.jpeg 528w, https:\/\/listone.com.br\/wp-content\/uploads\/2023\/07\/l1-300x300.jpeg 300w, https:\/\/listone.com.br\/wp-content\/uploads\/2023\/07\/l1-150x150.jpeg 150w\" sizes=\"(max-width: 528px) 100vw, 528px\" \/>\t\t\t\t\t\t\t\t\t\t\t\t\t<\/div>\n\t\t\t\t<\/div>\n\t\t\t\t\t<\/div>\n\t\t<\/div>\n\t\t\t\t<div class=\"elementor-column elementor-col-33 elementor-inner-column elementor-element elementor-element-152be45\" data-id=\"152be45\" data-element_type=\"column\">\n\t\t\t<div class=\"elementor-widget-wrap elementor-element-populated\">\n\t\t\t\t\t\t<div class=\"elementor-element elementor-element-d0833b8 elementor-widget elementor-widget-image\" data-id=\"d0833b8\" data-element_type=\"widget\" data-widget_type=\"image.default\">\n\t\t\t\t<div class=\"elementor-widget-container\">\n\t\t\t\t\t\t\t\t\t\t\t\t\t<img decoding=\"async\" width=\"527\" height=\"526\" src=\"https:\/\/listone.com.br\/wp-content\/uploads\/2023\/07\/l2.jpeg\" class=\"attachment-large size-large wp-image-1208\" alt=\"\" srcset=\"https:\/\/listone.com.br\/wp-content\/uploads\/2023\/07\/l2.jpeg 527w, https:\/\/listone.com.br\/wp-content\/uploads\/2023\/07\/l2-300x300.jpeg 300w, https:\/\/listone.com.br\/wp-content\/uploads\/2023\/07\/l2-150x150.jpeg 150w\" sizes=\"(max-width: 527px) 100vw, 527px\" \/>\t\t\t\t\t\t\t\t\t\t\t\t\t<\/div>\n\t\t\t\t<\/div>\n\t\t\t\t\t<\/div>\n\t\t<\/div>\n\t\t\t\t<div class=\"elementor-column elementor-col-33 elementor-inner-column elementor-element elementor-element-54ffa73\" data-id=\"54ffa73\" data-element_type=\"column\">\n\t\t\t<div class=\"elementor-widget-wrap elementor-element-populated\">\n\t\t\t\t\t\t<div class=\"elementor-element elementor-element-fa164af elementor-widget elementor-widget-image\" data-id=\"fa164af\" data-element_type=\"widget\" data-widget_type=\"image.default\">\n\t\t\t\t<div class=\"elementor-widget-container\">\n\t\t\t\t\t\t\t\t\t\t\t\t\t<img decoding=\"async\" width=\"528\" height=\"526\" src=\"https:\/\/listone.com.br\/wp-content\/uploads\/2023\/07\/l3.jpeg\" class=\"attachment-large size-large wp-image-1209\" alt=\"\" srcset=\"https:\/\/listone.com.br\/wp-content\/uploads\/2023\/07\/l3.jpeg 528w, https:\/\/listone.com.br\/wp-content\/uploads\/2023\/07\/l3-300x300.jpeg 300w, https:\/\/listone.com.br\/wp-content\/uploads\/2023\/07\/l3-150x150.jpeg 150w\" sizes=\"(max-width: 528px) 100vw, 528px\" \/>\t\t\t\t\t\t\t\t\t\t\t\t\t<\/div>\n\t\t\t\t<\/div>\n\t\t\t\t\t<\/div>\n\t\t<\/div>\n\t\t\t\t\t<\/div>\n\t\t<\/section>\n\t\t\t\t\t<\/div>\n\t\t<\/div>\n\t\t\t\t\t<\/div>\n\t\t<\/section>\n\t\t\t\t<section class=\"elementor-section elementor-top-section elementor-element elementor-element-eda9141 elementor-section-boxed elementor-section-height-default elementor-section-height-default\" data-id=\"eda9141\" data-element_type=\"section\" data-settings=\"{&quot;_ha_eqh_enable&quot;:false}\">\n\t\t\t\t\t\t<div class=\"elementor-container elementor-column-gap-default\">\n\t\t\t\t\t<div class=\"elementor-column elementor-col-100 elementor-top-column elementor-element elementor-element-afe05a6\" data-id=\"afe05a6\" data-element_type=\"column\">\n\t\t\t<div class=\"elementor-widget-wrap elementor-element-populated\">\n\t\t\t\t\t\t<div class=\"elementor-element elementor-element-25de024 elementor-widget elementor-widget-heading\" data-id=\"25de024\" data-element_type=\"widget\" data-widget_type=\"heading.default\">\n\t\t\t\t<div class=\"elementor-widget-container\">\n\t\t\t<h1 class=\"elementor-heading-title elementor-size-default\">Echa un vistazo a nuestros productos dirigidos al sector n\u00e1utico: <\/h1>\t\t<\/div>\n\t\t\t\t<\/div>\n\t\t\t\t\t<\/div>\n\t\t<\/div>\n\t\t\t\t\t<\/div>\n\t\t<\/section>\n\t\t\t\t<section class=\"elementor-section elementor-top-section elementor-element elementor-element-45bbd6e elementor-section-boxed elementor-section-height-default elementor-section-height-default\" data-id=\"45bbd6e\" data-element_type=\"section\" data-settings=\"{&quot;_ha_eqh_enable&quot;:false}\">\n\t\t\t\t\t\t<div class=\"elementor-container elementor-column-gap-default\">\n\t\t\t\t\t<div class=\"elementor-column elementor-col-100 elementor-top-column elementor-element elementor-element-99d758d\" data-id=\"99d758d\" data-element_type=\"column\">\n\t\t\t<div class=\"elementor-widget-wrap elementor-element-populated\">\n\t\t\t\t\t\t<section class=\"elementor-section elementor-inner-section elementor-element elementor-element-11bd2ee elementor-section-height-min-height elementor-section-boxed elementor-section-height-default\" data-id=\"11bd2ee\" data-element_type=\"section\" data-settings=\"{&quot;_ha_eqh_enable&quot;:false}\">\n\t\t\t\t\t\t<div class=\"elementor-container elementor-column-gap-default\">\n\t\t\t\t\t<div data-ha-element-link=\"{&quot;url&quot;:&quot;https:\\\/\\\/listone.com.br\\\/es\\\/produtos\\\/madeira-teca-3\\\/&quot;,&quot;is_external&quot;:&quot;&quot;,&quot;nofollow&quot;:&quot;&quot;}\" style=\"cursor: pointer\" class=\"elementor-column elementor-col-33 elementor-inner-column elementor-element elementor-element-46c14f9\" data-id=\"46c14f9\" data-element_type=\"column\" data-settings=\"{&quot;background_background&quot;:&quot;classic&quot;}\">\n\t\t\t<div class=\"elementor-widget-wrap elementor-element-populated\">\n\t\t\t\t\t\t<div class=\"elementor-element elementor-element-ccdae4a elementor-widget elementor-widget-heading\" data-id=\"ccdae4a\" data-element_type=\"widget\" data-widget_type=\"heading.default\">\n\t\t\t\t<div class=\"elementor-widget-container\">\n\t\t\t<h2 class=\"elementor-heading-title elementor-size-default\">Madera Teca (Teak)<\/h2>\t\t<\/div>\n\t\t\t\t<\/div>\n\t\t\t\t\t<\/div>\n\t\t<\/div>\n\t\t\t\t<div data-ha-element-link=\"{&quot;url&quot;:&quot;https:\\\/\\\/listone.com.br\\\/es\\\/produtos\\\/compensado-naval-2\\\/&quot;,&quot;is_external&quot;:&quot;&quot;,&quot;nofollow&quot;:&quot;&quot;}\" style=\"cursor: pointer\" class=\"elementor-column elementor-col-33 elementor-inner-column elementor-element elementor-element-b6b04e7\" data-id=\"b6b04e7\" data-element_type=\"column\" data-settings=\"{&quot;background_background&quot;:&quot;classic&quot;}\">\n\t\t\t<div class=\"elementor-widget-wrap elementor-element-populated\">\n\t\t\t\t\t\t<div class=\"elementor-element elementor-element-07a0c85 elementor-widget elementor-widget-heading\" data-id=\"07a0c85\" data-element_type=\"widget\" data-widget_type=\"heading.default\">\n\t\t\t\t<div class=\"elementor-widget-container\">\n\t\t\t<h2 class=\"elementor-heading-title elementor-size-default\">Contrachapado Marino<\/h2>\t\t<\/div>\n\t\t\t\t<\/div>\n\t\t\t\t\t<\/div>\n\t\t<\/div>\n\t\t\t\t<div class=\"elementor-column elementor-col-33 elementor-inner-column elementor-element elementor-element-572a92d\" data-id=\"572a92d\" data-element_type=\"column\" data-settings=\"{&quot;background_background&quot;:&quot;classic&quot;}\">\n\t\t\t<div class=\"elementor-widget-wrap\">\n\t\t\t\t\t\t\t<\/div>\n\t\t<\/div>\n\t\t\t\t\t<\/div>\n\t\t<\/section>\n\t\t\t\t\t<\/div>\n\t\t<\/div>\n\t\t\t\t\t<\/div>\n\t\t<\/section>\n\t\t\t\t<section class=\"elementor-section elementor-top-section elementor-element elementor-element-f922064 elementor-section-boxed elementor-section-height-default elementor-section-height-default\" data-id=\"f922064\" data-element_type=\"section\" data-settings=\"{&quot;_ha_eqh_enable&quot;:false}\">\n\t\t\t\t\t\t<div class=\"elementor-container elementor-column-gap-default\">\n\t\t\t\t\t<div class=\"elementor-column elementor-col-50 elementor-top-column elementor-element elementor-element-d714652\" data-id=\"d714652\" data-element_type=\"column\">\n\t\t\t<div class=\"elementor-widget-wrap elementor-element-populated\">\n\t\t\t\t\t\t<div class=\"elementor-element elementor-element-67c585a elementor-align-justify elementor-widget__width-initial elementor-widget elementor-widget-button\" data-id=\"67c585a\" data-element_type=\"widget\" data-widget_type=\"button.default\">\n\t\t\t\t<div class=\"elementor-widget-container\">\n\t\t\t\t\t<div class=\"elementor-button-wrapper\">\n\t\t\t<a class=\"elementor-button elementor-button-link elementor-size-sm\" href=\"https:\/\/listone.com.br\/es\/contato\/\">\n\t\t\t\t\t\t<span class=\"elementor-button-content-wrapper\">\n\t\t\t\t\t\t<span class=\"elementor-button-text\">Cont\u00e1ctenos<\/span>\n\t\t<\/span>\n\t\t\t\t\t<\/a>\n\t\t<\/div>\n\t\t\t\t<\/div>\n\t\t\t\t<\/div>\n\t\t\t\t\t<\/div>\n\t\t<\/div>\n\t\t\t\t<div class=\"elementor-column elementor-col-50 elementor-top-column elementor-element elementor-element-3e5a2d1\" data-id=\"3e5a2d1\" data-element_type=\"column\">\n\t\t\t<div class=\"elementor-widget-wrap elementor-element-populated\">\n\t\t\t\t\t\t<div class=\"elementor-element elementor-element-2863a8e elementor-align-right elementor-mobile-align-center elementor-widget elementor-widget-global elementor-global-2512 elementor-widget-button\" data-id=\"2863a8e\" data-element_type=\"widget\" data-widget_type=\"button.default\">\n\t\t\t\t<div class=\"elementor-widget-container\">\n\t\t\t\t\t<div class=\"elementor-button-wrapper\">\n\t\t\t<a class=\"elementor-button elementor-button-link elementor-size-sm\" href=\"https:\/\/listone.com.br\/wp-content\/uploads\/2024\/07\/CATA\u0301LOGO-LISTONE_2024-ESPANOL.pdf\" target=\"_blank\">\n\t\t\t\t\t\t<span class=\"elementor-button-content-wrapper\">\n\t\t\t\t\t\t<span class=\"elementor-button-text\">Descargar Cat\u00e1logo (.PDF)<\/span>\n\t\t<\/span>\n\t\t\t\t\t<\/a>\n\t\t<\/div>\n\t\t\t\t<\/div>\n\t\t\t\t<\/div>\n\t\t\t\t\t<\/div>\n\t\t<\/div>\n\t\t\t\t\t<\/div>\n\t\t<\/section>\n\t\t\t\t<\/div>","protected":false},"excerpt":{"rendered":"<p>Linha N\u00e1utica A Listone possui ampla experi\u00eancia no setor n\u00e1utico, tendo executado diversos projetos de pisos, mob\u00edlia e revestimento nos \u00faltimos anos, prezando sempre pela qualidade, beleza e sustentabilidade, por meio da utiliza\u00e7\u00e3o de madeiras certificadas e de alta qualidade.\u00a0\u00a0 Sabemos que o consumidor desse segmento \u00e9 muito exigente, por isso buscamos sempre agregar\u202fbeleza, requinte, &hellip;<\/p>\n<p class=\"read-more\"> <a class=\"\" href=\"https:\/\/listone.com.br\/es\/linha-nautica\/\"> <span class=\"screen-reader-text\">Linea N\u00e1utica<\/span> Leer m\u00e1s &raquo;<\/a><\/p>","protected":false},"author":1,"featured_media":0,"parent":0,"menu_order":0,"comment_status":"closed","ping_status":"closed","template":"","meta":{"_acf_changed":false,"site-sidebar-layout":"no-sidebar","site-content-layout":"page-builder","ast-global-header-display":"","ast-main-header-display":"","ast-hfb-above-header-display":"","ast-hfb-below-header-display":"","ast-hfb-mobile-header-display":"","site-post-title":"disabled","ast-breadcrumbs-content":"","ast-featured-img":"disabled","footer-sml-layout":"","theme-transparent-header-meta":"","adv-header-id-meta":"","stick-header-meta":"","header-above-stick-meta":"","header-main-stick-meta":"","header-below-stick-meta":"","footnotes":""},"class_list":["post-1201","page","type-page","status-publish","hentry"],"acf":[],"yoast_head":"<!-- This site is optimized with the Yoast SEO plugin v22.8 - https:\/\/yoast.com\/wordpress\/plugins\/seo\/ -->\n<title>Linha N\u00e1utica | Listone<\/title>\n<meta name=\"robots\" content=\"index, follow, max-snippet:-1, max-image-preview:large, max-video-preview:-1\" \/>\n<link rel=\"canonical\" href=\"https:\/\/listone.com.br\/es\/linha-nautica\/\" \/>\n<meta property=\"og:locale\" content=\"es_ES\" \/>\n<meta property=\"og:type\" content=\"article\" \/>\n<meta property=\"og:title\" content=\"Linha N\u00e1utica | Listone\" \/>\n<meta property=\"og:description\" content=\"Linha N\u00e1utica A Listone possui ampla experi\u00eancia no setor n\u00e1utico, tendo executado diversos projetos de pisos, mob\u00edlia e revestimento nos \u00faltimos anos, prezando sempre pela qualidade, beleza e sustentabilidade, por meio da utiliza\u00e7\u00e3o de madeiras certificadas e de alta qualidade.\u00a0\u00a0 Sabemos que o consumidor desse segmento \u00e9 muito exigente, por isso buscamos sempre agregar\u202fbeleza, requinte, &hellip; Linha N\u00e1utica Leer m\u00e1s &raquo;\" \/>\n<meta property=\"og:url\" content=\"https:\/\/listone.com.br\/es\/linha-nautica\/\" \/>\n<meta property=\"og:site_name\" content=\"Listone\" \/>\n<meta property=\"article:publisher\" content=\"https:\/\/www.facebook.com\/Listonepisoseferragens\" \/>\n<meta property=\"article:modified_time\" content=\"2024-07-02T15:10:11+00:00\" \/>\n<meta property=\"og:image\" content=\"https:\/\/listone.com.br\/wp-content\/uploads\/2023\/07\/l1.jpeg\" \/>\n<meta name=\"twitter:card\" content=\"summary_large_image\" \/>\n<meta name=\"twitter:label1\" content=\"Tiempo de lectura\" \/>\n\t<meta name=\"twitter:data1\" content=\"2 minutos\" \/>\n<script type=\"application\/ld+json\" class=\"yoast-schema-graph\">{\"@context\":\"https:\/\/schema.org\",\"@graph\":[{\"@type\":\"WebPage\",\"@id\":\"https:\/\/listone.com.br\/linha-nautica\/\",\"url\":\"https:\/\/listone.com.br\/linha-nautica\/\",\"name\":\"Linha N\u00e1utica | Listone\",\"isPartOf\":{\"@id\":\"https:\/\/listone.com.br\/#website\"},\"primaryImageOfPage\":{\"@id\":\"https:\/\/listone.com.br\/linha-nautica\/#primaryimage\"},\"image\":{\"@id\":\"https:\/\/listone.com.br\/linha-nautica\/#primaryimage\"},\"thumbnailUrl\":\"https:\/\/listone.com.br\/wp-content\/uploads\/2023\/07\/l1.jpeg\",\"datePublished\":\"2023-07-28T14:53:07+00:00\",\"dateModified\":\"2024-07-02T15:10:11+00:00\",\"breadcrumb\":{\"@id\":\"https:\/\/listone.com.br\/linha-nautica\/#breadcrumb\"},\"inLanguage\":\"es\",\"potentialAction\":[{\"@type\":\"ReadAction\",\"target\":[\"https:\/\/listone.com.br\/linha-nautica\/\"]}]},{\"@type\":\"ImageObject\",\"inLanguage\":\"es\",\"@id\":\"https:\/\/listone.com.br\/linha-nautica\/#primaryimage\",\"url\":\"https:\/\/listone.com.br\/wp-content\/uploads\/2023\/07\/l1.jpeg\",\"contentUrl\":\"https:\/\/listone.com.br\/wp-content\/uploads\/2023\/07\/l1.jpeg\"},{\"@type\":\"BreadcrumbList\",\"@id\":\"https:\/\/listone.com.br\/linha-nautica\/#breadcrumb\",\"itemListElement\":[{\"@type\":\"ListItem\",\"position\":1,\"name\":\"In\u00edcio\",\"item\":\"https:\/\/listone.com.br\/\"},{\"@type\":\"ListItem\",\"position\":2,\"name\":\"Linha N\u00e1utica\"}]},{\"@type\":\"WebSite\",\"@id\":\"https:\/\/listone.com.br\/#website\",\"url\":\"https:\/\/listone.com.br\/\",\"name\":\"Listone\",\"description\":\"Ferragens | Assoalhos de madeira | Listone | Mooca | Brasil\",\"publisher\":{\"@id\":\"https:\/\/listone.com.br\/#organization\"},\"potentialAction\":[{\"@type\":\"SearchAction\",\"target\":{\"@type\":\"EntryPoint\",\"urlTemplate\":\"https:\/\/listone.com.br\/?s={search_term_string}\"},\"query-input\":\"required name=search_term_string\"}],\"inLanguage\":\"es\"},{\"@type\":\"Organization\",\"@id\":\"https:\/\/listone.com.br\/#organization\",\"name\":\"Listone\",\"url\":\"https:\/\/listone.com.br\/\",\"logo\":{\"@type\":\"ImageObject\",\"inLanguage\":\"es\",\"@id\":\"https:\/\/listone.com.br\/#\/schema\/logo\/image\/\",\"url\":\"https:\/\/listone.com.br\/wp-content\/uploads\/2023\/09\/Logo-Listone-L-e1694661072614.jpg\",\"contentUrl\":\"https:\/\/listone.com.br\/wp-content\/uploads\/2023\/09\/Logo-Listone-L-e1694661072614.jpg\",\"width\":325,\"height\":326,\"caption\":\"Listone\"},\"image\":{\"@id\":\"https:\/\/listone.com.br\/#\/schema\/logo\/image\/\"},\"sameAs\":[\"https:\/\/www.facebook.com\/Listonepisoseferragens\",\"https:\/\/www.instagram.com\/listone_oficial\/\",\"https:\/\/www.linkedin.com\/company\/40658605\/\",\"https:\/\/www.youtube.com\/channel\/UCnMs3Evf91CHn82z3p07_Jw\"]}]}<\/script>\n<!-- \/ Yoast SEO plugin. -->","yoast_head_json":{"title":"Linha N\u00e1utica | Listone","robots":{"index":"index","follow":"follow","max-snippet":"max-snippet:-1","max-image-preview":"max-image-preview:large","max-video-preview":"max-video-preview:-1"},"canonical":"https:\/\/listone.com.br\/es\/linha-nautica\/","og_locale":"es_ES","og_type":"article","og_title":"Linha N\u00e1utica | Listone","og_description":"Linha N\u00e1utica A Listone possui ampla experi\u00eancia no setor n\u00e1utico, tendo executado diversos projetos de pisos, mob\u00edlia e revestimento nos \u00faltimos anos, prezando sempre pela qualidade, beleza e sustentabilidade, por meio da utiliza\u00e7\u00e3o de madeiras certificadas e de alta qualidade.\u00a0\u00a0 Sabemos que o consumidor desse segmento \u00e9 muito exigente, por isso buscamos sempre agregar\u202fbeleza, requinte, &hellip; Linha N\u00e1utica Leer m\u00e1s &raquo;","og_url":"https:\/\/listone.com.br\/es\/linha-nautica\/","og_site_name":"Listone","article_publisher":"https:\/\/www.facebook.com\/Listonepisoseferragens","article_modified_time":"2024-07-02T15:10:11+00:00","og_image":[{"url":"https:\/\/listone.com.br\/wp-content\/uploads\/2023\/07\/l1.jpeg"}],"twitter_card":"summary_large_image","twitter_misc":{"Tiempo de lectura":"2 minutos"},"schema":{"@context":"https:\/\/schema.org","@graph":[{"@type":"WebPage","@id":"https:\/\/listone.com.br\/linha-nautica\/","url":"https:\/\/listone.com.br\/linha-nautica\/","name":"Linha N\u00e1utica | Listone","isPartOf":{"@id":"https:\/\/listone.com.br\/#website"},"primaryImageOfPage":{"@id":"https:\/\/listone.com.br\/linha-nautica\/#primaryimage"},"image":{"@id":"https:\/\/listone.com.br\/linha-nautica\/#primaryimage"},"thumbnailUrl":"https:\/\/listone.com.br\/wp-content\/uploads\/2023\/07\/l1.jpeg","datePublished":"2023-07-28T14:53:07+00:00","dateModified":"2024-07-02T15:10:11+00:00","breadcrumb":{"@id":"https:\/\/listone.com.br\/linha-nautica\/#breadcrumb"},"inLanguage":"es","potentialAction":[{"@type":"ReadAction","target":["https:\/\/listone.com.br\/linha-nautica\/"]}]},{"@type":"ImageObject","inLanguage":"es","@id":"https:\/\/listone.com.br\/linha-nautica\/#primaryimage","url":"https:\/\/listone.com.br\/wp-content\/uploads\/2023\/07\/l1.jpeg","contentUrl":"https:\/\/listone.com.br\/wp-content\/uploads\/2023\/07\/l1.jpeg"},{"@type":"BreadcrumbList","@id":"https:\/\/listone.com.br\/linha-nautica\/#breadcrumb","itemListElement":[{"@type":"ListItem","position":1,"name":"In\u00edcio","item":"https:\/\/listone.com.br\/"},{"@type":"ListItem","position":2,"name":"Linha N\u00e1utica"}]},{"@type":"WebSite","@id":"https:\/\/listone.com.br\/#website","url":"https:\/\/listone.com.br\/","name":"Listone","description":"Ferragens | Assoalhos de madeira | Listone | Mooca | Brasil","publisher":{"@id":"https:\/\/listone.com.br\/#organization"},"potentialAction":[{"@type":"SearchAction","target":{"@type":"EntryPoint","urlTemplate":"https:\/\/listone.com.br\/?s={search_term_string}"},"query-input":"required name=search_term_string"}],"inLanguage":"es"},{"@type":"Organization","@id":"https:\/\/listone.com.br\/#organization","name":"Listone","url":"https:\/\/listone.com.br\/","logo":{"@type":"ImageObject","inLanguage":"es","@id":"https:\/\/listone.com.br\/#\/schema\/logo\/image\/","url":"https:\/\/listone.com.br\/wp-content\/uploads\/2023\/09\/Logo-Listone-L-e1694661072614.jpg","contentUrl":"https:\/\/listone.com.br\/wp-content\/uploads\/2023\/09\/Logo-Listone-L-e1694661072614.jpg","width":325,"height":326,"caption":"Listone"},"image":{"@id":"https:\/\/listone.com.br\/#\/schema\/logo\/image\/"},"sameAs":["https:\/\/www.facebook.com\/Listonepisoseferragens","https:\/\/www.instagram.com\/listone_oficial\/","https:\/\/www.linkedin.com\/company\/40658605\/","https:\/\/www.youtube.com\/channel\/UCnMs3Evf91CHn82z3p07_Jw"]}]}},"_links":{"self":[{"href":"https:\/\/listone.com.br\/es\/wp-json\/wp\/v2\/pages\/1201","targetHints":{"allow":["GET"]}}],"collection":[{"href":"https:\/\/listone.com.br\/es\/wp-json\/wp\/v2\/pages"}],"about":[{"href":"https:\/\/listone.com.br\/es\/wp-json\/wp\/v2\/types\/page"}],"author":[{"embeddable":true,"href":"https:\/\/listone.com.br\/es\/wp-json\/wp\/v2\/users\/1"}],"replies":[{"embeddable":true,"href":"https:\/\/listone.com.br\/es\/wp-json\/wp\/v2\/comments?post=1201"}],"version-history":[{"count":0,"href":"https:\/\/listone.com.br\/es\/wp-json\/wp\/v2\/pages\/1201\/revisions"}],"wp:attachment":[{"href":"https:\/\/listone.com.br\/es\/wp-json\/wp\/v2\/media?parent=1201"}],"curies":[{"name":"wp","href":"https:\/\/api.w.org\/{rel}","templated":true}]}}