{"id":347,"date":"2022-10-17T09:24:39","date_gmt":"2022-10-17T12:24:39","guid":{"rendered":"https:\/\/listone.com.br\/?page_id=347"},"modified":"2024-03-27T15:21:37","modified_gmt":"2024-03-27T18:21:37","slug":"porque-a-listone","status":"publish","type":"page","link":"https:\/\/listone.com.br\/en\/porque-a-listone\/","title":{"rendered":"Porque a Listone?"},"content":{"rendered":"<div data-elementor-type=\"wp-page\" data-elementor-id=\"347\" class=\"elementor elementor-347\" data-elementor-post-type=\"page\">\n\t\t\t\t\t\t<section class=\"elementor-section elementor-top-section elementor-element elementor-element-8fd226b elementor-section-boxed elementor-section-height-default elementor-section-height-default\" data-id=\"8fd226b\" data-element_type=\"section\" data-settings=\"{&quot;background_background&quot;:&quot;classic&quot;,&quot;_ha_eqh_enable&quot;:false}\">\n\t\t\t\t\t\t<div class=\"elementor-container elementor-column-gap-default\">\n\t\t\t\t\t<div class=\"elementor-column elementor-col-100 elementor-top-column elementor-element elementor-element-2274c84\" data-id=\"2274c84\" data-element_type=\"column\">\n\t\t\t<div class=\"elementor-widget-wrap elementor-element-populated\">\n\t\t\t\t\t\t<div class=\"elementor-element elementor-element-ece6528 elementor-widget elementor-widget-heading\" data-id=\"ece6528\" data-element_type=\"widget\" data-widget_type=\"heading.default\">\n\t\t\t\t<div class=\"elementor-widget-container\">\n\t\t\t<style>\/*! elementor - v3.20.0 - 26-03-2024 *\/\n.elementor-heading-title{padding:0;margin:0;line-height:1}.elementor-widget-heading .elementor-heading-title[class*=elementor-size-]>a{color:inherit;font-size:inherit;line-height:inherit}.elementor-widget-heading .elementor-heading-title.elementor-size-small{font-size:15px}.elementor-widget-heading .elementor-heading-title.elementor-size-medium{font-size:19px}.elementor-widget-heading .elementor-heading-title.elementor-size-large{font-size:29px}.elementor-widget-heading .elementor-heading-title.elementor-size-xl{font-size:39px}.elementor-widget-heading .elementor-heading-title.elementor-size-xxl{font-size:59px}<\/style><h1 class=\"elementor-heading-title elementor-size-default\">Why choose <span>Listone?<\/span><\/h1>\t\t<\/div>\n\t\t\t\t<\/div>\n\t\t\t\t<section class=\"elementor-section elementor-inner-section elementor-element elementor-element-93a3eeb elementor-section-boxed elementor-section-height-default elementor-section-height-default\" data-id=\"93a3eeb\" data-element_type=\"section\" data-settings=\"{&quot;_ha_eqh_enable&quot;:false}\">\n\t\t\t\t\t\t<div class=\"elementor-container elementor-column-gap-default\">\n\t\t\t\t\t<div class=\"elementor-column elementor-col-100 elementor-inner-column elementor-element elementor-element-411ca87\" data-id=\"411ca87\" data-element_type=\"column\">\n\t\t\t<div class=\"elementor-widget-wrap elementor-element-populated\">\n\t\t\t\t\t\t<div class=\"elementor-element elementor-element-d2eae00 elementor-widget elementor-widget-text-editor\" data-id=\"d2eae00\" data-element_type=\"widget\" data-widget_type=\"text-editor.default\">\n\t\t\t\t<div class=\"elementor-widget-container\">\n\t\t\t<style>\/*! elementor - v3.20.0 - 26-03-2024 *\/\n.elementor-widget-text-editor.elementor-drop-cap-view-stacked .elementor-drop-cap{background-color:#69727d;color:#fff}.elementor-widget-text-editor.elementor-drop-cap-view-framed .elementor-drop-cap{color:#69727d;border:3px solid;background-color:transparent}.elementor-widget-text-editor:not(.elementor-drop-cap-view-default) .elementor-drop-cap{margin-top:8px}.elementor-widget-text-editor:not(.elementor-drop-cap-view-default) .elementor-drop-cap-letter{width:1em;height:1em}.elementor-widget-text-editor .elementor-drop-cap{float:left;text-align:center;line-height:1;font-size:50px}.elementor-widget-text-editor .elementor-drop-cap-letter{display:inline-block}<\/style>\t\t\t\t<p>Trees, much like all of us, have their own marks of time, whatever they may be; it is in their grains that their age is inscribed.<\/p>\n<p>We believe that, more than transforming environments, it is essential to value the environment we live in and our roots. We want to bring wood into people's daily lives by showing that elegance, warmth and comfort combine with innovation, quality, versatility and sustainability. Thus, investing in wood goes far beyond having access to a renewable and long-lasting raw material.<\/p>\n<p>Wood can also include you in a virtuous circle of growth and evolution, for producers, the community and nature. After all, everyone deserves to live in an environment that brings back good memories, transforming even those hard days into great moments.<\/p>\n<p>Choosing Listone is an evident recognition of the importance of respecting and valuing nature, innovation, authenticity, and ingenuity.&nbsp;<\/p><p>Let's work together for sustainability and innovation?<\/p>\t\t\t\t\t\t<\/div>\n\t\t\t\t<\/div>\n\t\t\t\t\t<\/div>\n\t\t<\/div>\n\t\t\t\t\t<\/div>\n\t\t<\/section>\n\t\t\t\t\t<\/div>\n\t\t<\/div>\n\t\t\t\t\t<\/div>\n\t\t<\/section>\n\t\t\t\t<section class=\"elementor-section elementor-top-section elementor-element elementor-element-5296bbe elementor-section-boxed elementor-section-height-default elementor-section-height-default\" data-id=\"5296bbe\" data-element_type=\"section\" data-settings=\"{&quot;_ha_eqh_enable&quot;:false}\">\n\t\t\t\t\t\t<div class=\"elementor-container elementor-column-gap-default\">\n\t\t\t\t\t<div class=\"elementor-column elementor-col-100 elementor-top-column elementor-element elementor-element-e31100e\" data-id=\"e31100e\" data-element_type=\"column\">\n\t\t\t<div class=\"elementor-widget-wrap elementor-element-populated\">\n\t\t\t\t\t\t<div class=\"elementor-element elementor-element-7eaf7fc elementor-widget elementor-widget-heading\" data-id=\"7eaf7fc\" data-element_type=\"widget\" data-widget_type=\"heading.default\">\n\t\t\t\t<div class=\"elementor-widget-container\">\n\t\t\t<h1 class=\"elementor-heading-title elementor-size-default\">Our <span>differentials<\/span><\/h1>\t\t<\/div>\n\t\t\t\t<\/div>\n\t\t\t\t\t<\/div>\n\t\t<\/div>\n\t\t\t\t\t<\/div>\n\t\t<\/section>\n\t\t\t\t<section class=\"elementor-section elementor-top-section elementor-element elementor-element-1e6dad5 elementor-section-boxed elementor-section-height-default elementor-section-height-default\" data-id=\"1e6dad5\" data-element_type=\"section\" data-settings=\"{&quot;_ha_eqh_enable&quot;:false}\">\n\t\t\t\t\t\t<div class=\"elementor-container elementor-column-gap-default\">\n\t\t\t\t\t<div class=\"elementor-column elementor-col-100 elementor-top-column elementor-element elementor-element-e406edf\" data-id=\"e406edf\" data-element_type=\"column\">\n\t\t\t<div class=\"elementor-widget-wrap elementor-element-populated\">\n\t\t\t\t\t\t<section class=\"elementor-section elementor-inner-section elementor-element elementor-element-86919ef elementor-section-boxed elementor-section-height-default elementor-section-height-default\" data-id=\"86919ef\" data-element_type=\"section\" data-settings=\"{&quot;_ha_eqh_enable&quot;:false}\">\n\t\t\t\t\t\t<div class=\"elementor-container elementor-column-gap-default\">\n\t\t\t\t\t<div class=\"elementor-column elementor-col-33 elementor-inner-column elementor-element elementor-element-e6fb8b0\" data-id=\"e6fb8b0\" data-element_type=\"column\">\n\t\t\t<div class=\"elementor-widget-wrap elementor-element-populated\">\n\t\t\t\t\t\t<div class=\"elementor-element elementor-element-8754c1c elementor-position-top elementor-widget elementor-widget-image-box\" data-id=\"8754c1c\" data-element_type=\"widget\" data-widget_type=\"image-box.default\">\n\t\t\t\t<div class=\"elementor-widget-container\">\n\t\t\t<style>\/*! elementor - v3.20.0 - 26-03-2024 *\/\n.elementor-widget-image-box .elementor-image-box-content{width:100%}@media (min-width:768px){.elementor-widget-image-box.elementor-position-left .elementor-image-box-wrapper,.elementor-widget-image-box.elementor-position-right .elementor-image-box-wrapper{display:flex}.elementor-widget-image-box.elementor-position-right .elementor-image-box-wrapper{text-align:right;flex-direction:row-reverse}.elementor-widget-image-box.elementor-position-left .elementor-image-box-wrapper{text-align:left;flex-direction:row}.elementor-widget-image-box.elementor-position-top .elementor-image-box-img{margin:auto}.elementor-widget-image-box.elementor-vertical-align-top .elementor-image-box-wrapper{align-items:flex-start}.elementor-widget-image-box.elementor-vertical-align-middle .elementor-image-box-wrapper{align-items:center}.elementor-widget-image-box.elementor-vertical-align-bottom .elementor-image-box-wrapper{align-items:flex-end}}@media (max-width:767px){.elementor-widget-image-box .elementor-image-box-img{margin-left:auto!important;margin-right:auto!important;margin-bottom:15px}}.elementor-widget-image-box .elementor-image-box-img{display:inline-block}.elementor-widget-image-box .elementor-image-box-title a{color:inherit}.elementor-widget-image-box .elementor-image-box-wrapper{text-align:center}.elementor-widget-image-box .elementor-image-box-description{margin:0}<\/style><div class=\"elementor-image-box-wrapper\"><figure class=\"elementor-image-box-img\"><img fetchpriority=\"high\" decoding=\"async\" width=\"512\" height=\"512\" src=\"https:\/\/listone.com.br\/wp-content\/uploads\/2023\/01\/check.png\" class=\"attachment-full size-full wp-image-778\" alt=\"\" srcset=\"https:\/\/listone.com.br\/wp-content\/uploads\/2023\/01\/check.png 512w, https:\/\/listone.com.br\/wp-content\/uploads\/2023\/01\/check-300x300.png 300w, https:\/\/listone.com.br\/wp-content\/uploads\/2023\/01\/check-150x150.png 150w\" sizes=\"(max-width: 512px) 100vw, 512px\" \/><\/figure><div class=\"elementor-image-box-content\"><h3 class=\"elementor-image-box-title\">Technical and specialized service<\/h3><\/div><\/div>\t\t<\/div>\n\t\t\t\t<\/div>\n\t\t\t\t\t<\/div>\n\t\t<\/div>\n\t\t\t\t<div class=\"elementor-column elementor-col-33 elementor-inner-column elementor-element elementor-element-d472c36\" data-id=\"d472c36\" data-element_type=\"column\">\n\t\t\t<div class=\"elementor-widget-wrap elementor-element-populated\">\n\t\t\t\t\t\t<div class=\"elementor-element elementor-element-29ce2ef elementor-position-top elementor-widget elementor-widget-image-box\" data-id=\"29ce2ef\" data-element_type=\"widget\" data-widget_type=\"image-box.default\">\n\t\t\t\t<div class=\"elementor-widget-container\">\n\t\t\t<div class=\"elementor-image-box-wrapper\"><figure class=\"elementor-image-box-img\"><img fetchpriority=\"high\" decoding=\"async\" width=\"512\" height=\"512\" src=\"https:\/\/listone.com.br\/wp-content\/uploads\/2023\/01\/check.png\" class=\"attachment-full size-full wp-image-778\" alt=\"\" srcset=\"https:\/\/listone.com.br\/wp-content\/uploads\/2023\/01\/check.png 512w, https:\/\/listone.com.br\/wp-content\/uploads\/2023\/01\/check-300x300.png 300w, https:\/\/listone.com.br\/wp-content\/uploads\/2023\/01\/check-150x150.png 150w\" sizes=\"(max-width: 512px) 100vw, 512px\" \/><\/figure><div class=\"elementor-image-box-content\"><h3 class=\"elementor-image-box-title\">State-of-the-art machinery and focus on improving the production line<\/h3><\/div><\/div>\t\t<\/div>\n\t\t\t\t<\/div>\n\t\t\t\t\t<\/div>\n\t\t<\/div>\n\t\t\t\t<div class=\"elementor-column elementor-col-33 elementor-inner-column elementor-element elementor-element-ab57b8a\" data-id=\"ab57b8a\" data-element_type=\"column\">\n\t\t\t<div class=\"elementor-widget-wrap elementor-element-populated\">\n\t\t\t\t\t\t<div class=\"elementor-element elementor-element-589141b elementor-position-top elementor-widget elementor-widget-image-box\" data-id=\"589141b\" data-element_type=\"widget\" data-widget_type=\"image-box.default\">\n\t\t\t\t<div class=\"elementor-widget-container\">\n\t\t\t<div class=\"elementor-image-box-wrapper\"><figure class=\"elementor-image-box-img\"><img fetchpriority=\"high\" decoding=\"async\" width=\"512\" height=\"512\" src=\"https:\/\/listone.com.br\/wp-content\/uploads\/2023\/01\/check.png\" class=\"attachment-full size-full wp-image-778\" alt=\"\" srcset=\"https:\/\/listone.com.br\/wp-content\/uploads\/2023\/01\/check.png 512w, https:\/\/listone.com.br\/wp-content\/uploads\/2023\/01\/check-300x300.png 300w, https:\/\/listone.com.br\/wp-content\/uploads\/2023\/01\/check-150x150.png 150w\" sizes=\"(max-width: 512px) 100vw, 512px\" \/><\/figure><div class=\"elementor-image-box-content\"><h3 class=\"elementor-image-box-title\">Promotion of sustainability<\/h3><\/div><\/div>\t\t<\/div>\n\t\t\t\t<\/div>\n\t\t\t\t\t<\/div>\n\t\t<\/div>\n\t\t\t\t\t<\/div>\n\t\t<\/section>\n\t\t\t\t<section class=\"elementor-section elementor-inner-section elementor-element elementor-element-bc6aae9 elementor-section-boxed elementor-section-height-default elementor-section-height-default\" data-id=\"bc6aae9\" data-element_type=\"section\" data-settings=\"{&quot;_ha_eqh_enable&quot;:false}\">\n\t\t\t\t\t\t<div class=\"elementor-container elementor-column-gap-default\">\n\t\t\t\t\t<div class=\"elementor-column elementor-col-33 elementor-inner-column elementor-element elementor-element-fe856e3\" data-id=\"fe856e3\" data-element_type=\"column\">\n\t\t\t<div class=\"elementor-widget-wrap elementor-element-populated\">\n\t\t\t\t\t\t<div class=\"elementor-element elementor-element-b195e9e elementor-position-top elementor-widget elementor-widget-image-box\" data-id=\"b195e9e\" data-element_type=\"widget\" data-widget_type=\"image-box.default\">\n\t\t\t\t<div class=\"elementor-widget-container\">\n\t\t\t<div class=\"elementor-image-box-wrapper\"><figure class=\"elementor-image-box-img\"><img fetchpriority=\"high\" decoding=\"async\" width=\"512\" height=\"512\" src=\"https:\/\/listone.com.br\/wp-content\/uploads\/2023\/01\/check.png\" class=\"attachment-full size-full wp-image-778\" alt=\"\" srcset=\"https:\/\/listone.com.br\/wp-content\/uploads\/2023\/01\/check.png 512w, https:\/\/listone.com.br\/wp-content\/uploads\/2023\/01\/check-300x300.png 300w, https:\/\/listone.com.br\/wp-content\/uploads\/2023\/01\/check-150x150.png 150w\" sizes=\"(max-width: 512px) 100vw, 512px\" \/><\/figure><div class=\"elementor-image-box-content\"><h3 class=\"elementor-image-box-title\">Maximum use of material, reducing waste<\/h3><\/div><\/div>\t\t<\/div>\n\t\t\t\t<\/div>\n\t\t\t\t\t<\/div>\n\t\t<\/div>\n\t\t\t\t<div class=\"elementor-column elementor-col-33 elementor-inner-column elementor-element elementor-element-89c73b8\" data-id=\"89c73b8\" data-element_type=\"column\">\n\t\t\t<div class=\"elementor-widget-wrap elementor-element-populated\">\n\t\t\t\t\t\t<div class=\"elementor-element elementor-element-465c22f elementor-position-top elementor-widget elementor-widget-image-box\" data-id=\"465c22f\" data-element_type=\"widget\" data-widget_type=\"image-box.default\">\n\t\t\t\t<div class=\"elementor-widget-container\">\n\t\t\t<div class=\"elementor-image-box-wrapper\"><figure class=\"elementor-image-box-img\"><img fetchpriority=\"high\" decoding=\"async\" width=\"512\" height=\"512\" src=\"https:\/\/listone.com.br\/wp-content\/uploads\/2023\/01\/check.png\" class=\"attachment-full size-full wp-image-778\" alt=\"\" srcset=\"https:\/\/listone.com.br\/wp-content\/uploads\/2023\/01\/check.png 512w, https:\/\/listone.com.br\/wp-content\/uploads\/2023\/01\/check-300x300.png 300w, https:\/\/listone.com.br\/wp-content\/uploads\/2023\/01\/check-150x150.png 150w\" sizes=\"(max-width: 512px) 100vw, 512px\" \/><\/figure><div class=\"elementor-image-box-content\"><h3 class=\"elementor-image-box-title\">High-quality products with a focus on customer satisfaction<\/h3><\/div><\/div>\t\t<\/div>\n\t\t\t\t<\/div>\n\t\t\t\t\t<\/div>\n\t\t<\/div>\n\t\t\t\t<div class=\"elementor-column elementor-col-33 elementor-inner-column elementor-element elementor-element-b62026f\" data-id=\"b62026f\" data-element_type=\"column\">\n\t\t\t<div class=\"elementor-widget-wrap elementor-element-populated\">\n\t\t\t\t\t\t<div class=\"elementor-element elementor-element-6bd64b3 elementor-position-top elementor-widget elementor-widget-image-box\" data-id=\"6bd64b3\" data-element_type=\"widget\" data-widget_type=\"image-box.default\">\n\t\t\t\t<div class=\"elementor-widget-container\">\n\t\t\t<div class=\"elementor-image-box-wrapper\"><figure class=\"elementor-image-box-img\"><img fetchpriority=\"high\" decoding=\"async\" width=\"512\" height=\"512\" src=\"https:\/\/listone.com.br\/wp-content\/uploads\/2023\/01\/check.png\" class=\"attachment-full size-full wp-image-778\" alt=\"\" srcset=\"https:\/\/listone.com.br\/wp-content\/uploads\/2023\/01\/check.png 512w, https:\/\/listone.com.br\/wp-content\/uploads\/2023\/01\/check-300x300.png 300w, https:\/\/listone.com.br\/wp-content\/uploads\/2023\/01\/check-150x150.png 150w\" sizes=\"(max-width: 512px) 100vw, 512px\" \/><\/figure><div class=\"elementor-image-box-content\"><h3 class=\"elementor-image-box-title\">Our products are tested not only by us, but also by some customers before being commercialized on a large scale<\/h3><\/div><\/div>\t\t<\/div>\n\t\t\t\t<\/div>\n\t\t\t\t\t<\/div>\n\t\t<\/div>\n\t\t\t\t\t<\/div>\n\t\t<\/section>\n\t\t\t\t\t<\/div>\n\t\t<\/div>\n\t\t\t\t\t<\/div>\n\t\t<\/section>\n\t\t\t\t<\/div>","protected":false},"excerpt":{"rendered":"<p>Por que escolher a Listone? As \u00e1rvores, assim como todos n\u00f3s, possuem suas pr\u00f3prias marcas do tempo, sejam elas quais forem, \u00e9 em seus veios que sua idade est\u00e1 inserida. Acreditamos que, mais do que transformar ambientes, \u00e9 preciso valorizar o meio em que vivemos e as nossas ra\u00edzes. Queremos trazer a madeira para o &hellip;<\/p>\n<p class=\"read-more\"> <a class=\"\" href=\"https:\/\/listone.com.br\/en\/porque-a-listone\/\"> <span class=\"screen-reader-text\">Porque a Listone?<\/span> Read More &raquo;<\/a><\/p>","protected":false},"author":1,"featured_media":0,"parent":0,"menu_order":0,"comment_status":"closed","ping_status":"closed","template":"","meta":{"_acf_changed":false,"site-sidebar-layout":"no-sidebar","site-content-layout":"page-builder","ast-global-header-display":"","ast-main-header-display":"","ast-hfb-above-header-display":"","ast-hfb-below-header-display":"","ast-hfb-mobile-header-display":"","site-post-title":"disabled","ast-breadcrumbs-content":"","ast-featured-img":"disabled","footer-sml-layout":"","theme-transparent-header-meta":"","adv-header-id-meta":"","stick-header-meta":"","header-above-stick-meta":"","header-main-stick-meta":"","header-below-stick-meta":"","footnotes":""},"class_list":["post-347","page","type-page","status-publish","hentry"],"acf":[],"yoast_head":"<!-- This site is optimized with the Yoast SEO plugin v22.8 - https:\/\/yoast.com\/wordpress\/plugins\/seo\/ -->\n<title>Porque a Listone? | Listone<\/title>\n<meta name=\"robots\" content=\"index, follow, max-snippet:-1, max-image-preview:large, max-video-preview:-1\" \/>\n<link rel=\"canonical\" href=\"https:\/\/listone.com.br\/en\/porque-a-listone\/\" \/>\n<meta property=\"og:locale\" content=\"en_US\" \/>\n<meta property=\"og:type\" content=\"article\" \/>\n<meta property=\"og:title\" content=\"Porque a Listone? | Listone\" \/>\n<meta property=\"og:description\" content=\"Por que escolher a Listone? As \u00e1rvores, assim como todos n\u00f3s, possuem suas pr\u00f3prias marcas do tempo, sejam elas quais forem, \u00e9 em seus veios que sua idade est\u00e1 inserida. Acreditamos que, mais do que transformar ambientes, \u00e9 preciso valorizar o meio em que vivemos e as nossas ra\u00edzes. Queremos trazer a madeira para o &hellip; Porque a Listone? Read More &raquo;\" \/>\n<meta property=\"og:url\" content=\"https:\/\/listone.com.br\/en\/porque-a-listone\/\" \/>\n<meta property=\"og:site_name\" content=\"Listone\" \/>\n<meta property=\"article:publisher\" content=\"https:\/\/www.facebook.com\/Listonepisoseferragens\" \/>\n<meta property=\"article:modified_time\" content=\"2024-03-27T18:21:37+00:00\" \/>\n<meta property=\"og:image\" content=\"https:\/\/listone.com.br\/wp-content\/uploads\/2023\/01\/check.png\" \/>\n<meta name=\"twitter:card\" content=\"summary_large_image\" \/>\n<meta name=\"twitter:label1\" content=\"Est. reading time\" \/>\n\t<meta name=\"twitter:data1\" content=\"3 minutes\" \/>\n<script type=\"application\/ld+json\" class=\"yoast-schema-graph\">{\"@context\":\"https:\/\/schema.org\",\"@graph\":[{\"@type\":\"WebPage\",\"@id\":\"https:\/\/listone.com.br\/porque-a-listone\/\",\"url\":\"https:\/\/listone.com.br\/porque-a-listone\/\",\"name\":\"Porque a Listone? | Listone\",\"isPartOf\":{\"@id\":\"https:\/\/listone.com.br\/#website\"},\"primaryImageOfPage\":{\"@id\":\"https:\/\/listone.com.br\/porque-a-listone\/#primaryimage\"},\"image\":{\"@id\":\"https:\/\/listone.com.br\/porque-a-listone\/#primaryimage\"},\"thumbnailUrl\":\"https:\/\/listone.com.br\/wp-content\/uploads\/2023\/01\/check.png\",\"datePublished\":\"2022-10-17T12:24:39+00:00\",\"dateModified\":\"2024-03-27T18:21:37+00:00\",\"breadcrumb\":{\"@id\":\"https:\/\/listone.com.br\/porque-a-listone\/#breadcrumb\"},\"inLanguage\":\"en-US\",\"potentialAction\":[{\"@type\":\"ReadAction\",\"target\":[\"https:\/\/listone.com.br\/porque-a-listone\/\"]}]},{\"@type\":\"ImageObject\",\"inLanguage\":\"en-US\",\"@id\":\"https:\/\/listone.com.br\/porque-a-listone\/#primaryimage\",\"url\":\"https:\/\/listone.com.br\/wp-content\/uploads\/2023\/01\/check.png\",\"contentUrl\":\"https:\/\/listone.com.br\/wp-content\/uploads\/2023\/01\/check.png\"},{\"@type\":\"BreadcrumbList\",\"@id\":\"https:\/\/listone.com.br\/porque-a-listone\/#breadcrumb\",\"itemListElement\":[{\"@type\":\"ListItem\",\"position\":1,\"name\":\"In\u00edcio\",\"item\":\"https:\/\/listone.com.br\/\"},{\"@type\":\"ListItem\",\"position\":2,\"name\":\"Porque a Listone?\"}]},{\"@type\":\"WebSite\",\"@id\":\"https:\/\/listone.com.br\/#website\",\"url\":\"https:\/\/listone.com.br\/\",\"name\":\"Listone\",\"description\":\"Ferragens | Assoalhos de madeira | Listone | Mooca | Brasil\",\"publisher\":{\"@id\":\"https:\/\/listone.com.br\/#organization\"},\"potentialAction\":[{\"@type\":\"SearchAction\",\"target\":{\"@type\":\"EntryPoint\",\"urlTemplate\":\"https:\/\/listone.com.br\/?s={search_term_string}\"},\"query-input\":\"required name=search_term_string\"}],\"inLanguage\":\"en-US\"},{\"@type\":\"Organization\",\"@id\":\"https:\/\/listone.com.br\/#organization\",\"name\":\"Listone\",\"url\":\"https:\/\/listone.com.br\/\",\"logo\":{\"@type\":\"ImageObject\",\"inLanguage\":\"en-US\",\"@id\":\"https:\/\/listone.com.br\/#\/schema\/logo\/image\/\",\"url\":\"https:\/\/listone.com.br\/wp-content\/uploads\/2023\/09\/Logo-Listone-L-e1694661072614.jpg\",\"contentUrl\":\"https:\/\/listone.com.br\/wp-content\/uploads\/2023\/09\/Logo-Listone-L-e1694661072614.jpg\",\"width\":325,\"height\":326,\"caption\":\"Listone\"},\"image\":{\"@id\":\"https:\/\/listone.com.br\/#\/schema\/logo\/image\/\"},\"sameAs\":[\"https:\/\/www.facebook.com\/Listonepisoseferragens\",\"https:\/\/www.instagram.com\/listone_oficial\/\",\"https:\/\/www.linkedin.com\/company\/40658605\/\",\"https:\/\/www.youtube.com\/channel\/UCnMs3Evf91CHn82z3p07_Jw\"]}]}<\/script>\n<!-- \/ Yoast SEO plugin. -->","yoast_head_json":{"title":"Porque a Listone? | Listone","robots":{"index":"index","follow":"follow","max-snippet":"max-snippet:-1","max-image-preview":"max-image-preview:large","max-video-preview":"max-video-preview:-1"},"canonical":"https:\/\/listone.com.br\/en\/porque-a-listone\/","og_locale":"en_US","og_type":"article","og_title":"Porque a Listone? | Listone","og_description":"Por que escolher a Listone? As \u00e1rvores, assim como todos n\u00f3s, possuem suas pr\u00f3prias marcas do tempo, sejam elas quais forem, \u00e9 em seus veios que sua idade est\u00e1 inserida. Acreditamos que, mais do que transformar ambientes, \u00e9 preciso valorizar o meio em que vivemos e as nossas ra\u00edzes. Queremos trazer a madeira para o &hellip; Porque a Listone? Read More &raquo;","og_url":"https:\/\/listone.com.br\/en\/porque-a-listone\/","og_site_name":"Listone","article_publisher":"https:\/\/www.facebook.com\/Listonepisoseferragens","article_modified_time":"2024-03-27T18:21:37+00:00","og_image":[{"url":"https:\/\/listone.com.br\/wp-content\/uploads\/2023\/01\/check.png"}],"twitter_card":"summary_large_image","twitter_misc":{"Est. reading time":"3 minutes"},"schema":{"@context":"https:\/\/schema.org","@graph":[{"@type":"WebPage","@id":"https:\/\/listone.com.br\/porque-a-listone\/","url":"https:\/\/listone.com.br\/porque-a-listone\/","name":"Porque a Listone? | Listone","isPartOf":{"@id":"https:\/\/listone.com.br\/#website"},"primaryImageOfPage":{"@id":"https:\/\/listone.com.br\/porque-a-listone\/#primaryimage"},"image":{"@id":"https:\/\/listone.com.br\/porque-a-listone\/#primaryimage"},"thumbnailUrl":"https:\/\/listone.com.br\/wp-content\/uploads\/2023\/01\/check.png","datePublished":"2022-10-17T12:24:39+00:00","dateModified":"2024-03-27T18:21:37+00:00","breadcrumb":{"@id":"https:\/\/listone.com.br\/porque-a-listone\/#breadcrumb"},"inLanguage":"en-US","potentialAction":[{"@type":"ReadAction","target":["https:\/\/listone.com.br\/porque-a-listone\/"]}]},{"@type":"ImageObject","inLanguage":"en-US","@id":"https:\/\/listone.com.br\/porque-a-listone\/#primaryimage","url":"https:\/\/listone.com.br\/wp-content\/uploads\/2023\/01\/check.png","contentUrl":"https:\/\/listone.com.br\/wp-content\/uploads\/2023\/01\/check.png"},{"@type":"BreadcrumbList","@id":"https:\/\/listone.com.br\/porque-a-listone\/#breadcrumb","itemListElement":[{"@type":"ListItem","position":1,"name":"In\u00edcio","item":"https:\/\/listone.com.br\/"},{"@type":"ListItem","position":2,"name":"Porque a Listone?"}]},{"@type":"WebSite","@id":"https:\/\/listone.com.br\/#website","url":"https:\/\/listone.com.br\/","name":"Listone","description":"Ferragens | Assoalhos de madeira | Listone | Mooca | Brasil","publisher":{"@id":"https:\/\/listone.com.br\/#organization"},"potentialAction":[{"@type":"SearchAction","target":{"@type":"EntryPoint","urlTemplate":"https:\/\/listone.com.br\/?s={search_term_string}"},"query-input":"required name=search_term_string"}],"inLanguage":"en-US"},{"@type":"Organization","@id":"https:\/\/listone.com.br\/#organization","name":"Listone","url":"https:\/\/listone.com.br\/","logo":{"@type":"ImageObject","inLanguage":"en-US","@id":"https:\/\/listone.com.br\/#\/schema\/logo\/image\/","url":"https:\/\/listone.com.br\/wp-content\/uploads\/2023\/09\/Logo-Listone-L-e1694661072614.jpg","contentUrl":"https:\/\/listone.com.br\/wp-content\/uploads\/2023\/09\/Logo-Listone-L-e1694661072614.jpg","width":325,"height":326,"caption":"Listone"},"image":{"@id":"https:\/\/listone.com.br\/#\/schema\/logo\/image\/"},"sameAs":["https:\/\/www.facebook.com\/Listonepisoseferragens","https:\/\/www.instagram.com\/listone_oficial\/","https:\/\/www.linkedin.com\/company\/40658605\/","https:\/\/www.youtube.com\/channel\/UCnMs3Evf91CHn82z3p07_Jw"]}]}},"_links":{"self":[{"href":"https:\/\/listone.com.br\/en\/wp-json\/wp\/v2\/pages\/347","targetHints":{"allow":["GET"]}}],"collection":[{"href":"https:\/\/listone.com.br\/en\/wp-json\/wp\/v2\/pages"}],"about":[{"href":"https:\/\/listone.com.br\/en\/wp-json\/wp\/v2\/types\/page"}],"author":[{"embeddable":true,"href":"https:\/\/listone.com.br\/en\/wp-json\/wp\/v2\/users\/1"}],"replies":[{"embeddable":true,"href":"https:\/\/listone.com.br\/en\/wp-json\/wp\/v2\/comments?post=347"}],"version-history":[{"count":0,"href":"https:\/\/listone.com.br\/en\/wp-json\/wp\/v2\/pages\/347\/revisions"}],"wp:attachment":[{"href":"https:\/\/listone.com.br\/en\/wp-json\/wp\/v2\/media?parent=347"}],"curies":[{"name":"wp","href":"https:\/\/api.w.org\/{rel}","templated":true}]}}