{"id":1340,"date":"2023-07-28T13:20:42","date_gmt":"2023-07-28T16:20:42","guid":{"rendered":"https:\/\/listone.com.br\/?page_id=1340"},"modified":"2023-11-17T21:31:05","modified_gmt":"2023-11-18T00:31:05","slug":"politica-de-privacidade","status":"publish","type":"page","link":"https:\/\/listone.com.br\/en\/politica-de-privacidade\/","title":{"rendered":"Politica de privacidade"},"content":{"rendered":"<div data-elementor-type=\"wp-page\" data-elementor-id=\"1340\" class=\"elementor elementor-1340\" data-elementor-post-type=\"page\">\n\t\t\t\t\t\t<section class=\"elementor-section elementor-top-section elementor-element elementor-element-2e51af6 elementor-section-boxed elementor-section-height-default elementor-section-height-default\" data-id=\"2e51af6\" data-element_type=\"section\" data-settings=\"{&quot;background_background&quot;:&quot;classic&quot;,&quot;_ha_eqh_enable&quot;:false}\">\n\t\t\t\t\t\t<div class=\"elementor-container elementor-column-gap-default\">\n\t\t\t\t\t<div class=\"elementor-column elementor-col-100 elementor-top-column elementor-element elementor-element-b25c31c\" data-id=\"b25c31c\" data-element_type=\"column\">\n\t\t\t<div class=\"elementor-widget-wrap elementor-element-populated\">\n\t\t\t\t\t\t<div class=\"elementor-element elementor-element-d350049 elementor-widget elementor-widget-heading\" data-id=\"d350049\" data-element_type=\"widget\" data-widget_type=\"heading.default\">\n\t\t\t\t<div class=\"elementor-widget-container\">\n\t\t\t<style>\/*! elementor - v3.20.0 - 26-03-2024 *\/\n.elementor-heading-title{padding:0;margin:0;line-height:1}.elementor-widget-heading .elementor-heading-title[class*=elementor-size-]>a{color:inherit;font-size:inherit;line-height:inherit}.elementor-widget-heading .elementor-heading-title.elementor-size-small{font-size:15px}.elementor-widget-heading .elementor-heading-title.elementor-size-medium{font-size:19px}.elementor-widget-heading .elementor-heading-title.elementor-size-large{font-size:29px}.elementor-widget-heading .elementor-heading-title.elementor-size-xl{font-size:39px}.elementor-widget-heading .elementor-heading-title.elementor-size-xxl{font-size:59px}<\/style><h1 class=\"elementor-heading-title elementor-size-default\">Privacy Policy<\/h1>\t\t<\/div>\n\t\t\t\t<\/div>\n\t\t\t\t\t<\/div>\n\t\t<\/div>\n\t\t\t\t\t<\/div>\n\t\t<\/section>\n\t\t\t\t<section class=\"elementor-section elementor-top-section elementor-element elementor-element-0cfcced elementor-section-boxed elementor-section-height-default elementor-section-height-default\" data-id=\"0cfcced\" data-element_type=\"section\" data-settings=\"{&quot;_ha_eqh_enable&quot;:false}\">\n\t\t\t\t\t\t<div class=\"elementor-container elementor-column-gap-default\">\n\t\t\t\t\t<div class=\"elementor-column elementor-col-100 elementor-top-column elementor-element elementor-element-555a606\" data-id=\"555a606\" data-element_type=\"column\">\n\t\t\t<div class=\"elementor-widget-wrap elementor-element-populated\">\n\t\t\t\t\t\t<div class=\"elementor-element elementor-element-d45687f elementor-widget elementor-widget-text-editor\" data-id=\"d45687f\" data-element_type=\"widget\" data-widget_type=\"text-editor.default\">\n\t\t\t\t<div class=\"elementor-widget-container\">\n\t\t\t<style>\/*! elementor - v3.20.0 - 26-03-2024 *\/\n.elementor-widget-text-editor.elementor-drop-cap-view-stacked .elementor-drop-cap{background-color:#69727d;color:#fff}.elementor-widget-text-editor.elementor-drop-cap-view-framed .elementor-drop-cap{color:#69727d;border:3px solid;background-color:transparent}.elementor-widget-text-editor:not(.elementor-drop-cap-view-default) .elementor-drop-cap{margin-top:8px}.elementor-widget-text-editor:not(.elementor-drop-cap-view-default) .elementor-drop-cap-letter{width:1em;height:1em}.elementor-widget-text-editor .elementor-drop-cap{float:left;text-align:center;line-height:1;font-size:50px}.elementor-widget-text-editor .elementor-drop-cap-letter{display:inline-block}<\/style>\t\t\t\t<p><span style=\"color: #444444;\">Your privacy is important to us. It is Listone's policy to respect your privacy regarding any information we may collect from you on the Listone website, and other websites we own and operate.<\/span><\/p><p><span style=\"color: #444444;\">We only ask for personal information when we really need it to provide you with a service. We do this by fair and lawful means, with your knowledge and consent. We also tell you why we are collecting it and how it will be used.<\/span><\/p><p><span style=\"color: #444444;\">We only retain the information collected for as long as necessary to provide the requested service. When we store data, we protect it within commercially acceptable means to prevent loss and theft, as well as unauthorized access, disclosure, copying, use, or modification.<\/span><\/p><p><span style=\"color: #444444;\">We do not share personally identifiable information publicly or with third parties except as required by law.<\/span><\/p><p><span style=\"color: #444444;\">Our website may have links to external websites that are not operated by us. Please be aware that we have no control over the content and practices of these websites and cannot accept responsibility for their respective privacy policies.\u00a0<\/span><a style=\"background-color: transparent; color: #444444;\" href=\"https:\/\/politicaprivacidade.com\/\" target=\"_blank\" rel=\"noopener noreferrer\">pol\u00edticas de privacidade<\/a><span style=\"color: #444444;\">.<\/span><\/p><p><span style=\"color: #444444;\">You are free to decline our request for personal information, with the understanding that we may not be able to provide you with some of the services you require.<\/span><\/p><p><span style=\"color: #444444;\">Your continued use of our website will be deemed acceptance of our practices around privacy and personal information. If you have any questions about how we handle user data and personal information, please contact us.<\/span><\/p><ul><li><span style=\"color: #444444;\">The Google Ads service we use to serve advertising uses a cookie to serve more relevant ads across the web and limit the number of times a given ad is shown to you.<\/span><\/li><li><span style=\"color: #444444;\">For more information about Google Ads, see the official Google Ads Privacy FAQs.<\/span><\/li><li><span style=\"color: #444444;\">The behavioral advertising cookies used by this website are designed to ensure that you provide the most relevant advertisements whenever possible by anonymously tracking your interests and presenting you with similar things that may be of interest to you.<\/span><\/li><li><span style=\"color: #444444;\">Several partners advertise on our behalf, and affiliate tracking cookies simply allow us to see if our customers have accessed the website through one of our partners' sites. This enables us to credit them appropriately and, when applicable, allows our affiliate partners to offer any promotions that may incentivize you to make a purchase.<\/span><\/li><\/ul><h3><span style=\"color: #444444;\">User Commitment<\/span><\/h3><p><span style=\"color: #444444;\">The user agrees to make appropriate use of the content and information that Listone provides on its websites including, but not limited to:<\/span><\/p><ul><li><span style=\"color: #444444;\">A) Not engaging in activities that are illegal or contrary to good faith or public order;<\/span><\/li><li><span style=\"color: #444444;\">B) Not to disseminate propaganda or content of a racist, xenophobic nature, games of chance, illegal drugs, pornography, in support of terrorism or against human rights;<\/span><\/li><li><span style=\"color: #444444;\">C) Not to cause damage to the physical (hardware) and logical (software) systems of Listone, its suppliers or third parties, to introduce or disseminate computer viruses or any other hardware or software systems that can cause damage mentioned above.<\/span><\/li><\/ul><h3><span style=\"color: #444444;\">Further information<\/span><\/h3><p><span style=\"color: #444444;\">We hope that is cleared up, and as mentioned earlier, if you are not sure whether you need enable cookies or not, it is usually safer to leave cookies enabled if you interact with one of the features you use on our website.<\/span><\/p><p><span style=\"color: #444444;\">This policy is effective as of 28 July 2023 16:21<\/span><\/p>\t\t\t\t\t\t<\/div>\n\t\t\t\t<\/div>\n\t\t\t\t\t<\/div>\n\t\t<\/div>\n\t\t\t\t\t<\/div>\n\t\t<\/section>\n\t\t\t\t<\/div>","protected":false},"excerpt":{"rendered":"<p>Pol\u00edtica de privacidade A sua privacidade \u00e9 importante para n\u00f3s. \u00c9 pol\u00edtica da Listone respeitar a sua privacidade em rela\u00e7\u00e3o a qualquer informa\u00e7\u00e3o sua que possamos coletar no site Listone, e outros sites que possu\u00edmos e operamos. Solicitamos informa\u00e7\u00f5es pessoais apenas quando realmente precisamos delas para lhe fornecer um servi\u00e7o. Faz\u00eamo-lo por meios justos e &hellip;<\/p>\n<p class=\"read-more\"> <a class=\"\" href=\"https:\/\/listone.com.br\/en\/politica-de-privacidade\/\"> <span class=\"screen-reader-text\">Politica de privacidade<\/span> Read More &raquo;<\/a><\/p>","protected":false},"author":1,"featured_media":0,"parent":0,"menu_order":0,"comment_status":"closed","ping_status":"closed","template":"","meta":{"_acf_changed":false,"site-sidebar-layout":"no-sidebar","site-content-layout":"page-builder","ast-global-header-display":"","ast-main-header-display":"","ast-hfb-above-header-display":"","ast-hfb-below-header-display":"","ast-hfb-mobile-header-display":"","site-post-title":"disabled","ast-breadcrumbs-content":"","ast-featured-img":"disabled","footer-sml-layout":"","theme-transparent-header-meta":"","adv-header-id-meta":"","stick-header-meta":"","header-above-stick-meta":"","header-main-stick-meta":"","header-below-stick-meta":"","footnotes":""},"class_list":["post-1340","page","type-page","status-publish","hentry"],"acf":[],"yoast_head":"<!-- This site is optimized with the Yoast SEO plugin v22.8 - https:\/\/yoast.com\/wordpress\/plugins\/seo\/ -->\n<title>Politica de privacidade | Listone<\/title>\n<meta name=\"robots\" content=\"index, follow, max-snippet:-1, max-image-preview:large, max-video-preview:-1\" \/>\n<link rel=\"canonical\" href=\"https:\/\/listone.com.br\/en\/politica-de-privacidade\/\" \/>\n<meta property=\"og:locale\" content=\"en_US\" \/>\n<meta property=\"og:type\" content=\"article\" \/>\n<meta property=\"og:title\" content=\"Politica de privacidade | Listone\" \/>\n<meta property=\"og:description\" content=\"Pol\u00edtica de privacidade A sua privacidade \u00e9 importante para n\u00f3s. \u00c9 pol\u00edtica da Listone respeitar a sua privacidade em rela\u00e7\u00e3o a qualquer informa\u00e7\u00e3o sua que possamos coletar no site Listone, e outros sites que possu\u00edmos e operamos. Solicitamos informa\u00e7\u00f5es pessoais apenas quando realmente precisamos delas para lhe fornecer um servi\u00e7o. Faz\u00eamo-lo por meios justos e &hellip; Politica de privacidade Read More &raquo;\" \/>\n<meta property=\"og:url\" content=\"https:\/\/listone.com.br\/en\/politica-de-privacidade\/\" \/>\n<meta property=\"og:site_name\" content=\"Listone\" \/>\n<meta property=\"article:publisher\" content=\"https:\/\/www.facebook.com\/Listonepisoseferragens\" \/>\n<meta property=\"article:modified_time\" content=\"2023-11-18T00:31:05+00:00\" \/>\n<meta property=\"og:image\" content=\"https:\/\/listone.com.br\/wp-content\/uploads\/2023\/07\/Logo-Listone.png\" \/>\n\t<meta property=\"og:image:width\" content=\"1080\" \/>\n\t<meta property=\"og:image:height\" content=\"255\" \/>\n\t<meta property=\"og:image:type\" content=\"image\/png\" \/>\n<meta name=\"twitter:card\" content=\"summary_large_image\" \/>\n<meta name=\"twitter:label1\" content=\"Est. reading time\" \/>\n\t<meta name=\"twitter:data1\" content=\"4 minutes\" \/>\n<script type=\"application\/ld+json\" class=\"yoast-schema-graph\">{\"@context\":\"https:\/\/schema.org\",\"@graph\":[{\"@type\":\"WebPage\",\"@id\":\"https:\/\/listone.com.br\/politica-de-privacidade\/\",\"url\":\"https:\/\/listone.com.br\/politica-de-privacidade\/\",\"name\":\"Politica de privacidade | Listone\",\"isPartOf\":{\"@id\":\"https:\/\/listone.com.br\/#website\"},\"datePublished\":\"2023-07-28T16:20:42+00:00\",\"dateModified\":\"2023-11-18T00:31:05+00:00\",\"breadcrumb\":{\"@id\":\"https:\/\/listone.com.br\/politica-de-privacidade\/#breadcrumb\"},\"inLanguage\":\"en-US\",\"potentialAction\":[{\"@type\":\"ReadAction\",\"target\":[\"https:\/\/listone.com.br\/politica-de-privacidade\/\"]}]},{\"@type\":\"BreadcrumbList\",\"@id\":\"https:\/\/listone.com.br\/politica-de-privacidade\/#breadcrumb\",\"itemListElement\":[{\"@type\":\"ListItem\",\"position\":1,\"name\":\"In\u00edcio\",\"item\":\"https:\/\/listone.com.br\/\"},{\"@type\":\"ListItem\",\"position\":2,\"name\":\"Politica de privacidade\"}]},{\"@type\":\"WebSite\",\"@id\":\"https:\/\/listone.com.br\/#website\",\"url\":\"https:\/\/listone.com.br\/\",\"name\":\"Listone\",\"description\":\"Ferragens | Assoalhos de madeira | Listone | Mooca | Brasil\",\"publisher\":{\"@id\":\"https:\/\/listone.com.br\/#organization\"},\"potentialAction\":[{\"@type\":\"SearchAction\",\"target\":{\"@type\":\"EntryPoint\",\"urlTemplate\":\"https:\/\/listone.com.br\/?s={search_term_string}\"},\"query-input\":\"required name=search_term_string\"}],\"inLanguage\":\"en-US\"},{\"@type\":\"Organization\",\"@id\":\"https:\/\/listone.com.br\/#organization\",\"name\":\"Listone\",\"url\":\"https:\/\/listone.com.br\/\",\"logo\":{\"@type\":\"ImageObject\",\"inLanguage\":\"en-US\",\"@id\":\"https:\/\/listone.com.br\/#\/schema\/logo\/image\/\",\"url\":\"https:\/\/listone.com.br\/wp-content\/uploads\/2023\/09\/Logo-Listone-L-e1694661072614.jpg\",\"contentUrl\":\"https:\/\/listone.com.br\/wp-content\/uploads\/2023\/09\/Logo-Listone-L-e1694661072614.jpg\",\"width\":325,\"height\":326,\"caption\":\"Listone\"},\"image\":{\"@id\":\"https:\/\/listone.com.br\/#\/schema\/logo\/image\/\"},\"sameAs\":[\"https:\/\/www.facebook.com\/Listonepisoseferragens\",\"https:\/\/www.instagram.com\/listone_oficial\/\",\"https:\/\/www.linkedin.com\/company\/40658605\/\",\"https:\/\/www.youtube.com\/channel\/UCnMs3Evf91CHn82z3p07_Jw\"]}]}<\/script>\n<!-- \/ Yoast SEO plugin. -->","yoast_head_json":{"title":"Politica de privacidade | Listone","robots":{"index":"index","follow":"follow","max-snippet":"max-snippet:-1","max-image-preview":"max-image-preview:large","max-video-preview":"max-video-preview:-1"},"canonical":"https:\/\/listone.com.br\/en\/politica-de-privacidade\/","og_locale":"en_US","og_type":"article","og_title":"Politica de privacidade | Listone","og_description":"Pol\u00edtica de privacidade A sua privacidade \u00e9 importante para n\u00f3s. \u00c9 pol\u00edtica da Listone respeitar a sua privacidade em rela\u00e7\u00e3o a qualquer informa\u00e7\u00e3o sua que possamos coletar no site Listone, e outros sites que possu\u00edmos e operamos. Solicitamos informa\u00e7\u00f5es pessoais apenas quando realmente precisamos delas para lhe fornecer um servi\u00e7o. Faz\u00eamo-lo por meios justos e &hellip; Politica de privacidade Read More &raquo;","og_url":"https:\/\/listone.com.br\/en\/politica-de-privacidade\/","og_site_name":"Listone","article_publisher":"https:\/\/www.facebook.com\/Listonepisoseferragens","article_modified_time":"2023-11-18T00:31:05+00:00","og_image":[{"width":1080,"height":255,"url":"https:\/\/listone.com.br\/wp-content\/uploads\/2023\/07\/Logo-Listone.png","type":"image\/png"}],"twitter_card":"summary_large_image","twitter_misc":{"Est. reading time":"4 minutes"},"schema":{"@context":"https:\/\/schema.org","@graph":[{"@type":"WebPage","@id":"https:\/\/listone.com.br\/politica-de-privacidade\/","url":"https:\/\/listone.com.br\/politica-de-privacidade\/","name":"Politica de privacidade | Listone","isPartOf":{"@id":"https:\/\/listone.com.br\/#website"},"datePublished":"2023-07-28T16:20:42+00:00","dateModified":"2023-11-18T00:31:05+00:00","breadcrumb":{"@id":"https:\/\/listone.com.br\/politica-de-privacidade\/#breadcrumb"},"inLanguage":"en-US","potentialAction":[{"@type":"ReadAction","target":["https:\/\/listone.com.br\/politica-de-privacidade\/"]}]},{"@type":"BreadcrumbList","@id":"https:\/\/listone.com.br\/politica-de-privacidade\/#breadcrumb","itemListElement":[{"@type":"ListItem","position":1,"name":"In\u00edcio","item":"https:\/\/listone.com.br\/"},{"@type":"ListItem","position":2,"name":"Politica de privacidade"}]},{"@type":"WebSite","@id":"https:\/\/listone.com.br\/#website","url":"https:\/\/listone.com.br\/","name":"Listone","description":"Ferragens | Assoalhos de madeira | Listone | Mooca | Brasil","publisher":{"@id":"https:\/\/listone.com.br\/#organization"},"potentialAction":[{"@type":"SearchAction","target":{"@type":"EntryPoint","urlTemplate":"https:\/\/listone.com.br\/?s={search_term_string}"},"query-input":"required name=search_term_string"}],"inLanguage":"en-US"},{"@type":"Organization","@id":"https:\/\/listone.com.br\/#organization","name":"Listone","url":"https:\/\/listone.com.br\/","logo":{"@type":"ImageObject","inLanguage":"en-US","@id":"https:\/\/listone.com.br\/#\/schema\/logo\/image\/","url":"https:\/\/listone.com.br\/wp-content\/uploads\/2023\/09\/Logo-Listone-L-e1694661072614.jpg","contentUrl":"https:\/\/listone.com.br\/wp-content\/uploads\/2023\/09\/Logo-Listone-L-e1694661072614.jpg","width":325,"height":326,"caption":"Listone"},"image":{"@id":"https:\/\/listone.com.br\/#\/schema\/logo\/image\/"},"sameAs":["https:\/\/www.facebook.com\/Listonepisoseferragens","https:\/\/www.instagram.com\/listone_oficial\/","https:\/\/www.linkedin.com\/company\/40658605\/","https:\/\/www.youtube.com\/channel\/UCnMs3Evf91CHn82z3p07_Jw"]}]}},"_links":{"self":[{"href":"https:\/\/listone.com.br\/en\/wp-json\/wp\/v2\/pages\/1340","targetHints":{"allow":["GET"]}}],"collection":[{"href":"https:\/\/listone.com.br\/en\/wp-json\/wp\/v2\/pages"}],"about":[{"href":"https:\/\/listone.com.br\/en\/wp-json\/wp\/v2\/types\/page"}],"author":[{"embeddable":true,"href":"https:\/\/listone.com.br\/en\/wp-json\/wp\/v2\/users\/1"}],"replies":[{"embeddable":true,"href":"https:\/\/listone.com.br\/en\/wp-json\/wp\/v2\/comments?post=1340"}],"version-history":[{"count":0,"href":"https:\/\/listone.com.br\/en\/wp-json\/wp\/v2\/pages\/1340\/revisions"}],"wp:attachment":[{"href":"https:\/\/listone.com.br\/en\/wp-json\/wp\/v2\/media?parent=1340"}],"curies":[{"name":"wp","href":"https:\/\/api.w.org\/{rel}","templated":true}]}}