{"id":1326,"date":"2023-07-28T13:09:06","date_gmt":"2023-07-28T16:09:06","guid":{"rendered":"https:\/\/listone.com.br\/?page_id=1326"},"modified":"2023-07-28T13:20:12","modified_gmt":"2023-07-28T16:20:12","slug":"blog","status":"publish","type":"page","link":"https:\/\/listone.com.br\/en\/blog\/","title":{"rendered":"Blog"},"content":{"rendered":"<div data-elementor-type=\"wp-page\" data-elementor-id=\"1326\" class=\"elementor elementor-1326\" data-elementor-post-type=\"page\">\n\t\t\t\t\t\t<section class=\"elementor-section elementor-top-section elementor-element elementor-element-4f2842d elementor-section-boxed elementor-section-height-default elementor-section-height-default\" data-id=\"4f2842d\" data-element_type=\"section\" data-settings=\"{&quot;background_background&quot;:&quot;classic&quot;,&quot;_ha_eqh_enable&quot;:false}\">\n\t\t\t\t\t\t<div class=\"elementor-container elementor-column-gap-default\">\n\t\t\t\t\t<div class=\"elementor-column elementor-col-100 elementor-top-column elementor-element elementor-element-22a21c7\" data-id=\"22a21c7\" data-element_type=\"column\">\n\t\t\t<div class=\"elementor-widget-wrap elementor-element-populated\">\n\t\t\t\t\t\t<div class=\"elementor-element elementor-element-84bb49d elementor-widget elementor-widget-heading\" data-id=\"84bb49d\" data-element_type=\"widget\" data-widget_type=\"heading.default\">\n\t\t\t\t<div class=\"elementor-widget-container\">\n\t\t\t<style>\/*! elementor - v3.20.0 - 26-03-2024 *\/\n.elementor-heading-title{padding:0;margin:0;line-height:1}.elementor-widget-heading .elementor-heading-title[class*=elementor-size-]>a{color:inherit;font-size:inherit;line-height:inherit}.elementor-widget-heading .elementor-heading-title.elementor-size-small{font-size:15px}.elementor-widget-heading .elementor-heading-title.elementor-size-medium{font-size:19px}.elementor-widget-heading .elementor-heading-title.elementor-size-large{font-size:29px}.elementor-widget-heading .elementor-heading-title.elementor-size-xl{font-size:39px}.elementor-widget-heading .elementor-heading-title.elementor-size-xxl{font-size:59px}<\/style><h1 class=\"elementor-heading-title elementor-size-default\"><span>Blog<\/span><\/h1>\t\t<\/div>\n\t\t\t\t<\/div>\n\t\t\t\t\t<\/div>\n\t\t<\/div>\n\t\t\t\t\t<\/div>\n\t\t<\/section>\n\t\t\t\t<section class=\"elementor-section elementor-top-section elementor-element elementor-element-38988fe elementor-section-boxed elementor-section-height-default elementor-section-height-default\" data-id=\"38988fe\" data-element_type=\"section\" data-settings=\"{&quot;_ha_eqh_enable&quot;:false}\">\n\t\t\t\t\t\t<div class=\"elementor-container elementor-column-gap-default\">\n\t\t\t\t\t<div class=\"elementor-column elementor-col-100 elementor-top-column elementor-element elementor-element-7096afc\" data-id=\"7096afc\" data-element_type=\"column\">\n\t\t\t<div class=\"elementor-widget-wrap elementor-element-populated\">\n\t\t\t\t\t\t<div class=\"elementor-element elementor-element-10bdbde elementor-grid-3 elementor-grid-tablet-2 elementor-grid-mobile-1 elementor-posts--thumbnail-top elementor-widget elementor-widget-posts\" data-id=\"10bdbde\" data-element_type=\"widget\" data-settings=\"{&quot;classic_row_gap&quot;:{&quot;unit&quot;:&quot;px&quot;,&quot;size&quot;:46,&quot;sizes&quot;:[]},&quot;classic_columns&quot;:&quot;3&quot;,&quot;classic_columns_tablet&quot;:&quot;2&quot;,&quot;classic_columns_mobile&quot;:&quot;1&quot;,&quot;classic_row_gap_tablet&quot;:{&quot;unit&quot;:&quot;px&quot;,&quot;size&quot;:&quot;&quot;,&quot;sizes&quot;:[]},&quot;classic_row_gap_mobile&quot;:{&quot;unit&quot;:&quot;px&quot;,&quot;size&quot;:&quot;&quot;,&quot;sizes&quot;:[]}}\" data-widget_type=\"posts.classic\">\n\t\t\t\t<div class=\"elementor-widget-container\">\n\t\t\t<link rel=\"stylesheet\" href=\"https:\/\/listone.com.br\/wp-content\/plugins\/elementor-pro\/assets\/css\/widget-posts.min.css\">\t\t<div class=\"elementor-posts-container elementor-posts elementor-posts--skin-classic elementor-grid\">\n\t\t\t\t<article class=\"elementor-post elementor-grid-item post-2661 post type-post status-publish format-standard has-post-thumbnail hentry category-sem-categoria tag-construcao-civil tag-madeira tag-mitos-e-verdades\">\n\t\t\t\t<a class=\"elementor-post__thumbnail__link\" href=\"https:\/\/listone.com.br\/en\/mitos-madeira-na-construcao\/\" tabindex=\"-1\" >\n\t\t\t<div class=\"elementor-post__thumbnail\"><img fetchpriority=\"high\" decoding=\"async\" width=\"300\" height=\"199\" src=\"https:\/\/listone.com.br\/wp-content\/uploads\/2025\/05\/Desmitificando-medos-da-madeira-na-construcao-300x199.jpeg\" class=\"attachment-medium size-medium wp-image-2662\" alt=\"Estrutura de constru\u00e7\u00e3o feita com madeira engenheirada sustent\u00e1vel\" srcset=\"https:\/\/listone.com.br\/wp-content\/uploads\/2025\/05\/Desmitificando-medos-da-madeira-na-construcao-300x199.jpeg 300w, https:\/\/listone.com.br\/wp-content\/uploads\/2025\/05\/Desmitificando-medos-da-madeira-na-construcao-1024x679.jpeg 1024w, https:\/\/listone.com.br\/wp-content\/uploads\/2025\/05\/Desmitificando-medos-da-madeira-na-construcao-768x509.jpeg 768w, https:\/\/listone.com.br\/wp-content\/uploads\/2025\/05\/Desmitificando-medos-da-madeira-na-construcao-1536x1019.jpeg 1536w, https:\/\/listone.com.br\/wp-content\/uploads\/2025\/05\/Desmitificando-medos-da-madeira-na-construcao-2048x1358.jpeg 2048w, https:\/\/listone.com.br\/wp-content\/uploads\/2025\/05\/Desmitificando-medos-da-madeira-na-construcao-18x12.jpeg 18w\" sizes=\"(max-width: 300px) 100vw, 300px\" \/><\/div>\n\t\t<\/a>\n\t\t\t\t<div class=\"elementor-post__text\">\n\t\t\t\t<h3 class=\"elementor-post__title\">\n\t\t\t<a href=\"https:\/\/listone.com.br\/en\/mitos-madeira-na-construcao\/\" >\n\t\t\t\tDesmistificando o Uso da Madeira na Constru\u00e7\u00e3o: Mitos e Verdades\t\t\t<\/a>\n\t\t<\/h3>\n\t\t\t\t<div class=\"elementor-post__meta-data\">\n\t\t\t\t\t<span class=\"elementor-post-date\">\n\t\t\t2 de May de 2025\t\t<\/span>\n\t\t\t\t<\/div>\n\t\t\t\t<div class=\"elementor-post__excerpt\">\n\t\t\t<p>A madeira na constru\u00e7\u00e3o civil ainda gera d\u00favidas e desconfian\u00e7as por parte de muitos profissionais. No entanto, com o avan\u00e7o das tecnologias e das pr\u00e1ticas<\/p>\n\t\t<\/div>\n\t\t\t\t<\/div>\n\t\t\t\t<\/article>\n\t\t\t\t<article class=\"elementor-post elementor-grid-item post-2655 post type-post status-publish format-standard has-post-thumbnail hentry category-sem-categoria tag-arquitetura tag-concreto tag-construcao-civil tag-construcao-hibrida tag-madeira\">\n\t\t\t\t<a class=\"elementor-post__thumbnail__link\" href=\"https:\/\/listone.com.br\/en\/madeira-concreto-arquitetura-hibrida\/\" tabindex=\"-1\" >\n\t\t\t<div class=\"elementor-post__thumbnail\"><img decoding=\"async\" width=\"300\" height=\"168\" src=\"https:\/\/listone.com.br\/wp-content\/uploads\/2025\/04\/Arquitetura-Hibrida-300x168.jpeg\" class=\"attachment-medium size-medium wp-image-2658\" alt=\"Estrutura arquitet\u00f4nica sustent\u00e1vel feita com madeira e concreto.\" srcset=\"https:\/\/listone.com.br\/wp-content\/uploads\/2025\/04\/Arquitetura-Hibrida-300x168.jpeg 300w, https:\/\/listone.com.br\/wp-content\/uploads\/2025\/04\/Arquitetura-Hibrida-1024x574.jpeg 1024w, https:\/\/listone.com.br\/wp-content\/uploads\/2025\/04\/Arquitetura-Hibrida-768x430.jpeg 768w, https:\/\/listone.com.br\/wp-content\/uploads\/2025\/04\/Arquitetura-Hibrida-1536x861.jpeg 1536w, https:\/\/listone.com.br\/wp-content\/uploads\/2025\/04\/Arquitetura-Hibrida-2048x1148.jpeg 2048w, https:\/\/listone.com.br\/wp-content\/uploads\/2025\/04\/Arquitetura-Hibrida-18x10.jpeg 18w\" sizes=\"(max-width: 300px) 100vw, 300px\" \/><\/div>\n\t\t<\/a>\n\t\t\t\t<div class=\"elementor-post__text\">\n\t\t\t\t<h3 class=\"elementor-post__title\">\n\t\t\t<a href=\"https:\/\/listone.com.br\/en\/madeira-concreto-arquitetura-hibrida\/\" >\n\t\t\t\tArquitetura H\u00edbrida: o que \u00e9, como funciona e seus benef\u00edcios\t\t\t<\/a>\n\t\t<\/h3>\n\t\t\t\t<div class=\"elementor-post__meta-data\">\n\t\t\t\t\t<span class=\"elementor-post-date\">\n\t\t\t23 de April de 2025\t\t<\/span>\n\t\t\t\t<\/div>\n\t\t\t\t<div class=\"elementor-post__excerpt\">\n\t\t\t<p>A arquitetura h\u00edbrida est\u00e1 revolucionando o setor da constru\u00e7\u00e3o civil ao unir diferentes materiais estruturais em um \u00fanico projeto. Essa tend\u00eancia alia a efici\u00eancia da<\/p>\n\t\t<\/div>\n\t\t\t\t<\/div>\n\t\t\t\t<\/article>\n\t\t\t\t<article class=\"elementor-post elementor-grid-item post-2642 post type-post status-publish format-standard has-post-thumbnail hentry category-sem-categoria tag-beneficios-da-madeira tag-certificacao-fsc tag-madeira-nos-projetos tag-sustentabilidade\">\n\t\t\t\t<a class=\"elementor-post__thumbnail__link\" href=\"https:\/\/listone.com.br\/en\/por-que-escolher-madeira-em-seus-projetos\/\" tabindex=\"-1\" >\n\t\t\t<div class=\"elementor-post__thumbnail\"><img decoding=\"async\" width=\"300\" height=\"200\" src=\"https:\/\/listone.com.br\/wp-content\/uploads\/2025\/04\/Projeto-em-Madeira-300x200.jpeg\" class=\"attachment-medium size-medium wp-image-2644\" alt=\"porque escolher a madeira em seus projetos\" srcset=\"https:\/\/listone.com.br\/wp-content\/uploads\/2025\/04\/Projeto-em-Madeira-300x200.jpeg 300w, https:\/\/listone.com.br\/wp-content\/uploads\/2025\/04\/Projeto-em-Madeira-1024x683.jpeg 1024w, https:\/\/listone.com.br\/wp-content\/uploads\/2025\/04\/Projeto-em-Madeira-768x512.jpeg 768w, https:\/\/listone.com.br\/wp-content\/uploads\/2025\/04\/Projeto-em-Madeira-1536x1024.jpeg 1536w, https:\/\/listone.com.br\/wp-content\/uploads\/2025\/04\/Projeto-em-Madeira-2048x1365.jpeg 2048w, https:\/\/listone.com.br\/wp-content\/uploads\/2025\/04\/Projeto-em-Madeira-18x12.jpeg 18w\" sizes=\"(max-width: 300px) 100vw, 300px\" \/><\/div>\n\t\t<\/a>\n\t\t\t\t<div class=\"elementor-post__text\">\n\t\t\t\t<h3 class=\"elementor-post__title\">\n\t\t\t<a href=\"https:\/\/listone.com.br\/en\/por-que-escolher-madeira-em-seus-projetos\/\" >\n\t\t\t\tPor que escolher a madeira nos seus projetos?                                                                                                                     Saiba os benef\u00edcios\t\t\t<\/a>\n\t\t<\/h3>\n\t\t\t\t<div class=\"elementor-post__meta-data\">\n\t\t\t\t\t<span class=\"elementor-post-date\">\n\t\t\t16 de April de 2025\t\t<\/span>\n\t\t\t\t<\/div>\n\t\t\t\t<div class=\"elementor-post__excerpt\">\n\t\t\t<p>N\u00f3s amamos e vivemos madeira aqui na Listone. Sempre que nos perguntam por que escolher madeira em seus projetos, temos a resposta na ponta da<\/p>\n\t\t<\/div>\n\t\t\t\t<\/div>\n\t\t\t\t<\/article>\n\t\t\t\t<article class=\"elementor-post elementor-grid-item post-1363 post type-post status-publish format-standard has-post-thumbnail hentry category-sem-categoria tag-legalidade tag-madeira tag-sustentabilidade\">\n\t\t\t\t<a class=\"elementor-post__thumbnail__link\" href=\"https:\/\/listone.com.br\/en\/como-identificar-se-a-madeira-e-certificada\/\" tabindex=\"-1\" >\n\t\t\t<div class=\"elementor-post__thumbnail\"><img loading=\"lazy\" decoding=\"async\" width=\"300\" height=\"150\" src=\"https:\/\/listone.com.br\/wp-content\/uploads\/2023\/08\/AdobeStock_333211929-300x150.jpeg\" class=\"attachment-medium size-medium wp-image-1366\" alt=\"\" srcset=\"https:\/\/listone.com.br\/wp-content\/uploads\/2023\/08\/AdobeStock_333211929-300x150.jpeg 300w, https:\/\/listone.com.br\/wp-content\/uploads\/2023\/08\/AdobeStock_333211929-1024x512.jpeg 1024w, https:\/\/listone.com.br\/wp-content\/uploads\/2023\/08\/AdobeStock_333211929-768x384.jpeg 768w, https:\/\/listone.com.br\/wp-content\/uploads\/2023\/08\/AdobeStock_333211929-1536x768.jpeg 1536w, https:\/\/listone.com.br\/wp-content\/uploads\/2023\/08\/AdobeStock_333211929-2048x1024.jpeg 2048w\" sizes=\"(max-width: 300px) 100vw, 300px\" \/><\/div>\n\t\t<\/a>\n\t\t\t\t<div class=\"elementor-post__text\">\n\t\t\t\t<h3 class=\"elementor-post__title\">\n\t\t\t<a href=\"https:\/\/listone.com.br\/en\/como-identificar-se-a-madeira-e-certificada\/\" >\n\t\t\t\tComo identificar se a madeira \u00e9 certificada\t\t\t<\/a>\n\t\t<\/h3>\n\t\t\t\t<div class=\"elementor-post__meta-data\">\n\t\t\t\t\t<span class=\"elementor-post-date\">\n\t\t\t2 de August de 2023\t\t<\/span>\n\t\t\t\t<\/div>\n\t\t\t\t<div class=\"elementor-post__excerpt\">\n\t\t\t<p>\u00c9 essencial voc\u00ea escolher para o seu projeto madeiras que sejam de origem legal, para ajudar a combater o desmatamento e a extra\u00e7\u00e3o predat\u00f3ria de<\/p>\n\t\t<\/div>\n\t\t\t\t<\/div>\n\t\t\t\t<\/article>\n\t\t\t\t<article class=\"elementor-post elementor-grid-item post-1359 post type-post status-publish format-standard has-post-thumbnail hentry category-sem-categoria tag-madeira tag-madeira-engenheirada tag-moveis tag-pisos\">\n\t\t\t\t<a class=\"elementor-post__thumbnail__link\" href=\"https:\/\/listone.com.br\/en\/conheca-os-principais-tipos-de-madeira-para-moveis\/\" tabindex=\"-1\" >\n\t\t\t<div class=\"elementor-post__thumbnail\"><img loading=\"lazy\" decoding=\"async\" width=\"300\" height=\"200\" src=\"https:\/\/listone.com.br\/wp-content\/uploads\/2023\/08\/liscross5-300x200.jpeg\" class=\"attachment-medium size-medium wp-image-1362\" alt=\"\" srcset=\"https:\/\/listone.com.br\/wp-content\/uploads\/2023\/08\/liscross5-300x200.jpeg 300w, https:\/\/listone.com.br\/wp-content\/uploads\/2023\/08\/liscross5-768x512.jpeg 768w, https:\/\/listone.com.br\/wp-content\/uploads\/2023\/08\/liscross5.jpeg 1000w\" sizes=\"(max-width: 300px) 100vw, 300px\" \/><\/div>\n\t\t<\/a>\n\t\t\t\t<div class=\"elementor-post__text\">\n\t\t\t\t<h3 class=\"elementor-post__title\">\n\t\t\t<a href=\"https:\/\/listone.com.br\/en\/conheca-os-principais-tipos-de-madeira-para-moveis\/\" >\n\t\t\t\tConhe\u00e7a os principais tipos de madeira para m\u00f3veis\u00a0\t\t\t<\/a>\n\t\t<\/h3>\n\t\t\t\t<div class=\"elementor-post__meta-data\">\n\t\t\t\t\t<span class=\"elementor-post-date\">\n\t\t\t2 de August de 2023\t\t<\/span>\n\t\t\t\t<\/div>\n\t\t\t\t<div class=\"elementor-post__excerpt\">\n\t\t\t<p>A madeira \u00e9 um material atemporal, sin\u00f4nimo de eleg\u00e2ncia, aconchego e durabilidade, seja para pisos ou m\u00f3veis.&nbsp;&nbsp;&nbsp; E para que o seu projeto possa sair<\/p>\n\t\t<\/div>\n\t\t\t\t<\/div>\n\t\t\t\t<\/article>\n\t\t\t\t<article class=\"elementor-post elementor-grid-item post-1160 post type-post status-publish format-standard has-post-thumbnail hentry category-sem-categoria tag-conservacao-da-madeira tag-limpeza-da-madeira tag-listone\">\n\t\t\t\t<a class=\"elementor-post__thumbnail__link\" href=\"https:\/\/listone.com.br\/en\/como-fazer-a-limpeza-de-pisos-de-madeira\/\" tabindex=\"-1\" >\n\t\t\t<div class=\"elementor-post__thumbnail\"><img loading=\"lazy\" decoding=\"async\" width=\"300\" height=\"169\" src=\"https:\/\/listone.com.br\/wp-content\/uploads\/2023\/07\/AdobeStock_272795386-300x169.jpeg\" class=\"attachment-medium size-medium wp-image-1161\" alt=\"\" srcset=\"https:\/\/listone.com.br\/wp-content\/uploads\/2023\/07\/AdobeStock_272795386-300x169.jpeg 300w, https:\/\/listone.com.br\/wp-content\/uploads\/2023\/07\/AdobeStock_272795386-1024x576.jpeg 1024w, https:\/\/listone.com.br\/wp-content\/uploads\/2023\/07\/AdobeStock_272795386-768x432.jpeg 768w, https:\/\/listone.com.br\/wp-content\/uploads\/2023\/07\/AdobeStock_272795386-1536x864.jpeg 1536w, https:\/\/listone.com.br\/wp-content\/uploads\/2023\/07\/AdobeStock_272795386-2048x1152.jpeg 2048w\" sizes=\"(max-width: 300px) 100vw, 300px\" \/><\/div>\n\t\t<\/a>\n\t\t\t\t<div class=\"elementor-post__text\">\n\t\t\t\t<h3 class=\"elementor-post__title\">\n\t\t\t<a href=\"https:\/\/listone.com.br\/en\/como-fazer-a-limpeza-de-pisos-de-madeira\/\" >\n\t\t\t\tComo fazer a limpeza de pisos de madeira?\t\t\t<\/a>\n\t\t<\/h3>\n\t\t\t\t<div class=\"elementor-post__meta-data\">\n\t\t\t\t\t<span class=\"elementor-post-date\">\n\t\t\t26 de July de 2023\t\t<\/span>\n\t\t\t\t<\/div>\n\t\t\t\t<div class=\"elementor-post__excerpt\">\n\t\t\t<p>A madeira \u00e9 atemporal e muito utilizada em projetos residenciais, pela sua beleza, durabilidade, versatilidade, e tamb\u00e9m por oferecer conforto t\u00e9rmico e ac\u00fastico.&nbsp; Mas a<\/p>\n\t\t<\/div>\n\t\t\t\t<\/div>\n\t\t\t\t<\/article>\n\t\t\t\t<\/div>\n\t\t\n\t\t\t\t<\/div>\n\t\t\t\t<\/div>\n\t\t\t\t\t<\/div>\n\t\t<\/div>\n\t\t\t\t\t<\/div>\n\t\t<\/section>\n\t\t\t\t<\/div>","protected":false},"excerpt":{"rendered":"<p>Blog<\/p>","protected":false},"author":1,"featured_media":0,"parent":0,"menu_order":0,"comment_status":"closed","ping_status":"closed","template":"","meta":{"_acf_changed":false,"site-sidebar-layout":"no-sidebar","site-content-layout":"page-builder","ast-global-header-display":"","ast-main-header-display":"","ast-hfb-above-header-display":"","ast-hfb-below-header-display":"","ast-hfb-mobile-header-display":"","site-post-title":"disabled","ast-breadcrumbs-content":"","ast-featured-img":"disabled","footer-sml-layout":"","theme-transparent-header-meta":"","adv-header-id-meta":"","stick-header-meta":"","header-above-stick-meta":"","header-main-stick-meta":"","header-below-stick-meta":"","footnotes":""},"class_list":["post-1326","page","type-page","status-publish","hentry"],"acf":[],"yoast_head":"<!-- This site is optimized with the Yoast SEO plugin v22.8 - https:\/\/yoast.com\/wordpress\/plugins\/seo\/ -->\n<title>Blog | Listone<\/title>\n<meta name=\"robots\" content=\"index, follow, max-snippet:-1, max-image-preview:large, max-video-preview:-1\" \/>\n<link rel=\"canonical\" href=\"https:\/\/listone.com.br\/en\/blog\/\" \/>\n<meta property=\"og:locale\" content=\"en_US\" \/>\n<meta property=\"og:type\" content=\"article\" \/>\n<meta property=\"og:title\" content=\"Blog | Listone\" \/>\n<meta property=\"og:description\" content=\"Blog\" \/>\n<meta property=\"og:url\" content=\"https:\/\/listone.com.br\/en\/blog\/\" \/>\n<meta property=\"og:site_name\" content=\"Listone\" \/>\n<meta property=\"article:publisher\" content=\"https:\/\/www.facebook.com\/Listonepisoseferragens\" \/>\n<meta property=\"article:modified_time\" content=\"2023-07-28T16:20:12+00:00\" \/>\n<meta property=\"og:image\" content=\"https:\/\/listone.com.br\/wp-content\/uploads\/2023\/07\/Logo-Listone.png\" \/>\n\t<meta property=\"og:image:width\" content=\"1080\" \/>\n\t<meta property=\"og:image:height\" content=\"255\" \/>\n\t<meta property=\"og:image:type\" content=\"image\/png\" \/>\n<meta name=\"twitter:card\" content=\"summary_large_image\" \/>\n<script type=\"application\/ld+json\" class=\"yoast-schema-graph\">{\"@context\":\"https:\/\/schema.org\",\"@graph\":[{\"@type\":\"WebPage\",\"@id\":\"https:\/\/listone.com.br\/en\/blog\/\",\"url\":\"https:\/\/listone.com.br\/en\/blog\/\",\"name\":\"Blog | Listone\",\"isPartOf\":{\"@id\":\"https:\/\/listone.com.br\/#website\"},\"datePublished\":\"2023-07-28T16:09:06+00:00\",\"dateModified\":\"2023-07-28T16:20:12+00:00\",\"breadcrumb\":{\"@id\":\"https:\/\/listone.com.br\/en\/blog\/#breadcrumb\"},\"inLanguage\":\"en-US\",\"potentialAction\":[{\"@type\":\"ReadAction\",\"target\":[\"https:\/\/listone.com.br\/en\/blog\/\"]}]},{\"@type\":\"BreadcrumbList\",\"@id\":\"https:\/\/listone.com.br\/en\/blog\/#breadcrumb\",\"itemListElement\":[{\"@type\":\"ListItem\",\"position\":1,\"name\":\"In\u00edcio\",\"item\":\"https:\/\/listone.com.br\/\"},{\"@type\":\"ListItem\",\"position\":2,\"name\":\"Blog\"}]},{\"@type\":\"WebSite\",\"@id\":\"https:\/\/listone.com.br\/#website\",\"url\":\"https:\/\/listone.com.br\/\",\"name\":\"Listone\",\"description\":\"Ferragens | Assoalhos de madeira | Listone | Mooca | Brasil\",\"publisher\":{\"@id\":\"https:\/\/listone.com.br\/#organization\"},\"potentialAction\":[{\"@type\":\"SearchAction\",\"target\":{\"@type\":\"EntryPoint\",\"urlTemplate\":\"https:\/\/listone.com.br\/?s={search_term_string}\"},\"query-input\":\"required name=search_term_string\"}],\"inLanguage\":\"en-US\"},{\"@type\":\"Organization\",\"@id\":\"https:\/\/listone.com.br\/#organization\",\"name\":\"Listone\",\"url\":\"https:\/\/listone.com.br\/\",\"logo\":{\"@type\":\"ImageObject\",\"inLanguage\":\"en-US\",\"@id\":\"https:\/\/listone.com.br\/#\/schema\/logo\/image\/\",\"url\":\"https:\/\/listone.com.br\/wp-content\/uploads\/2023\/09\/Logo-Listone-L-e1694661072614.jpg\",\"contentUrl\":\"https:\/\/listone.com.br\/wp-content\/uploads\/2023\/09\/Logo-Listone-L-e1694661072614.jpg\",\"width\":325,\"height\":326,\"caption\":\"Listone\"},\"image\":{\"@id\":\"https:\/\/listone.com.br\/#\/schema\/logo\/image\/\"},\"sameAs\":[\"https:\/\/www.facebook.com\/Listonepisoseferragens\",\"https:\/\/www.instagram.com\/listone_oficial\/\",\"https:\/\/www.linkedin.com\/company\/40658605\/\",\"https:\/\/www.youtube.com\/channel\/UCnMs3Evf91CHn82z3p07_Jw\"]}]}<\/script>\n<!-- \/ Yoast SEO plugin. -->","yoast_head_json":{"title":"Blog | Listone","robots":{"index":"index","follow":"follow","max-snippet":"max-snippet:-1","max-image-preview":"max-image-preview:large","max-video-preview":"max-video-preview:-1"},"canonical":"https:\/\/listone.com.br\/en\/blog\/","og_locale":"en_US","og_type":"article","og_title":"Blog | Listone","og_description":"Blog","og_url":"https:\/\/listone.com.br\/en\/blog\/","og_site_name":"Listone","article_publisher":"https:\/\/www.facebook.com\/Listonepisoseferragens","article_modified_time":"2023-07-28T16:20:12+00:00","og_image":[{"width":1080,"height":255,"url":"https:\/\/listone.com.br\/wp-content\/uploads\/2023\/07\/Logo-Listone.png","type":"image\/png"}],"twitter_card":"summary_large_image","schema":{"@context":"https:\/\/schema.org","@graph":[{"@type":"WebPage","@id":"https:\/\/listone.com.br\/en\/blog\/","url":"https:\/\/listone.com.br\/en\/blog\/","name":"Blog | Listone","isPartOf":{"@id":"https:\/\/listone.com.br\/#website"},"datePublished":"2023-07-28T16:09:06+00:00","dateModified":"2023-07-28T16:20:12+00:00","breadcrumb":{"@id":"https:\/\/listone.com.br\/en\/blog\/#breadcrumb"},"inLanguage":"en-US","potentialAction":[{"@type":"ReadAction","target":["https:\/\/listone.com.br\/en\/blog\/"]}]},{"@type":"BreadcrumbList","@id":"https:\/\/listone.com.br\/en\/blog\/#breadcrumb","itemListElement":[{"@type":"ListItem","position":1,"name":"In\u00edcio","item":"https:\/\/listone.com.br\/"},{"@type":"ListItem","position":2,"name":"Blog"}]},{"@type":"WebSite","@id":"https:\/\/listone.com.br\/#website","url":"https:\/\/listone.com.br\/","name":"Listone","description":"Ferragens | Assoalhos de madeira | Listone | Mooca | Brasil","publisher":{"@id":"https:\/\/listone.com.br\/#organization"},"potentialAction":[{"@type":"SearchAction","target":{"@type":"EntryPoint","urlTemplate":"https:\/\/listone.com.br\/?s={search_term_string}"},"query-input":"required name=search_term_string"}],"inLanguage":"en-US"},{"@type":"Organization","@id":"https:\/\/listone.com.br\/#organization","name":"Listone","url":"https:\/\/listone.com.br\/","logo":{"@type":"ImageObject","inLanguage":"en-US","@id":"https:\/\/listone.com.br\/#\/schema\/logo\/image\/","url":"https:\/\/listone.com.br\/wp-content\/uploads\/2023\/09\/Logo-Listone-L-e1694661072614.jpg","contentUrl":"https:\/\/listone.com.br\/wp-content\/uploads\/2023\/09\/Logo-Listone-L-e1694661072614.jpg","width":325,"height":326,"caption":"Listone"},"image":{"@id":"https:\/\/listone.com.br\/#\/schema\/logo\/image\/"},"sameAs":["https:\/\/www.facebook.com\/Listonepisoseferragens","https:\/\/www.instagram.com\/listone_oficial\/","https:\/\/www.linkedin.com\/company\/40658605\/","https:\/\/www.youtube.com\/channel\/UCnMs3Evf91CHn82z3p07_Jw"]}]}},"_links":{"self":[{"href":"https:\/\/listone.com.br\/en\/wp-json\/wp\/v2\/pages\/1326","targetHints":{"allow":["GET"]}}],"collection":[{"href":"https:\/\/listone.com.br\/en\/wp-json\/wp\/v2\/pages"}],"about":[{"href":"https:\/\/listone.com.br\/en\/wp-json\/wp\/v2\/types\/page"}],"author":[{"embeddable":true,"href":"https:\/\/listone.com.br\/en\/wp-json\/wp\/v2\/users\/1"}],"replies":[{"embeddable":true,"href":"https:\/\/listone.com.br\/en\/wp-json\/wp\/v2\/comments?post=1326"}],"version-history":[{"count":0,"href":"https:\/\/listone.com.br\/en\/wp-json\/wp\/v2\/pages\/1326\/revisions"}],"wp:attachment":[{"href":"https:\/\/listone.com.br\/en\/wp-json\/wp\/v2\/media?parent=1326"}],"curies":[{"name":"wp","href":"https:\/\/api.w.org\/{rel}","templated":true}]}}