{"id":1243,"date":"2023-07-28T12:26:11","date_gmt":"2023-07-28T15:26:11","guid":{"rendered":"https:\/\/listone.com.br\/?page_id=1243"},"modified":"2023-07-28T12:28:08","modified_gmt":"2023-07-28T15:28:08","slug":"marca-listone","status":"publish","type":"page","link":"https:\/\/listone.com.br\/en\/marca-listone\/","title":{"rendered":"Marca Listone"},"content":{"rendered":"<div data-elementor-type=\"wp-page\" data-elementor-id=\"1243\" class=\"elementor elementor-1243\" data-elementor-post-type=\"page\">\n\t\t\t\t\t\t<section class=\"elementor-section elementor-top-section elementor-element elementor-element-2763969 elementor-section-boxed elementor-section-height-default elementor-section-height-default\" data-id=\"2763969\" data-element_type=\"section\" data-settings=\"{&quot;background_background&quot;:&quot;classic&quot;,&quot;_ha_eqh_enable&quot;:false}\">\n\t\t\t\t\t\t<div class=\"elementor-container elementor-column-gap-default\">\n\t\t\t\t\t<div class=\"elementor-column elementor-col-100 elementor-top-column elementor-element elementor-element-9504278\" data-id=\"9504278\" data-element_type=\"column\">\n\t\t\t<div class=\"elementor-widget-wrap elementor-element-populated\">\n\t\t\t\t\t\t<div class=\"elementor-element elementor-element-f6ca448 elementor-widget elementor-widget-heading\" data-id=\"f6ca448\" data-element_type=\"widget\" data-widget_type=\"heading.default\">\n\t\t\t\t<div class=\"elementor-widget-container\">\n\t\t\t<style>\/*! elementor - v3.20.0 - 26-03-2024 *\/\n.elementor-heading-title{padding:0;margin:0;line-height:1}.elementor-widget-heading .elementor-heading-title[class*=elementor-size-]>a{color:inherit;font-size:inherit;line-height:inherit}.elementor-widget-heading .elementor-heading-title.elementor-size-small{font-size:15px}.elementor-widget-heading .elementor-heading-title.elementor-size-medium{font-size:19px}.elementor-widget-heading .elementor-heading-title.elementor-size-large{font-size:29px}.elementor-widget-heading .elementor-heading-title.elementor-size-xl{font-size:39px}.elementor-widget-heading .elementor-heading-title.elementor-size-xxl{font-size:59px}<\/style><h1 class=\"elementor-heading-title elementor-size-default\">Listone <span>Brand<\/span><\/h1>\t\t<\/div>\n\t\t\t\t<\/div>\n\t\t\t\t\t<\/div>\n\t\t<\/div>\n\t\t\t\t\t<\/div>\n\t\t<\/section>\n\t\t\t\t<section class=\"elementor-section elementor-top-section elementor-element elementor-element-af41f06 elementor-section-boxed elementor-section-height-default elementor-section-height-default\" data-id=\"af41f06\" data-element_type=\"section\" data-settings=\"{&quot;_ha_eqh_enable&quot;:false}\">\n\t\t\t\t\t\t<div class=\"elementor-container elementor-column-gap-default\">\n\t\t\t\t\t<div class=\"elementor-column elementor-col-100 elementor-top-column elementor-element elementor-element-5521d52\" data-id=\"5521d52\" data-element_type=\"column\">\n\t\t\t<div class=\"elementor-widget-wrap elementor-element-populated\">\n\t\t\t\t\t\t<div class=\"elementor-element elementor-element-8e79240 elementor-widget__width-initial elementor-widget elementor-widget-heading\" data-id=\"8e79240\" data-element_type=\"widget\" data-widget_type=\"heading.default\">\n\t\t\t\t<div class=\"elementor-widget-container\">\n\t\t\t<h2 class=\"elementor-heading-title elementor-size-default\">Passion for Wood and Respect for Nature<\/h2>\t\t<\/div>\n\t\t\t\t<\/div>\n\t\t\t\t<div class=\"elementor-element elementor-element-63d2073 elementor-widget elementor-widget-text-editor\" data-id=\"63d2073\" data-element_type=\"widget\" data-widget_type=\"text-editor.default\">\n\t\t\t\t<div class=\"elementor-widget-container\">\n\t\t\t<style>\/*! elementor - v3.20.0 - 26-03-2024 *\/\n.elementor-widget-text-editor.elementor-drop-cap-view-stacked .elementor-drop-cap{background-color:#69727d;color:#fff}.elementor-widget-text-editor.elementor-drop-cap-view-framed .elementor-drop-cap{color:#69727d;border:3px solid;background-color:transparent}.elementor-widget-text-editor:not(.elementor-drop-cap-view-default) .elementor-drop-cap{margin-top:8px}.elementor-widget-text-editor:not(.elementor-drop-cap-view-default) .elementor-drop-cap-letter{width:1em;height:1em}.elementor-widget-text-editor .elementor-drop-cap{float:left;text-align:center;line-height:1;font-size:50px}.elementor-widget-text-editor .elementor-drop-cap-letter{display:inline-block}<\/style>\t\t\t\t<p><span data-contrast=\"auto\">After years of experience in the timber market, we felt the need to update our brand. Our new logo highlights the wood grains, sharp represented to reinforce the resistance, beauty, elegance and versatility of this material, as well as conveying an air of modernity and sophistication.<\/span><span data-ccp-props=\"{&quot;134233117&quot;:true,&quot;134233118&quot;:true,&quot;201341983&quot;:1,&quot;335551550&quot;:6,&quot;335551620&quot;:6,&quot;335559740&quot;:360}\">\u00a0<\/span><\/p><p><span data-contrast=\"auto\">And here is our manifesto, which sums up the essence of our brand:<\/span><span data-ccp-props=\"{&quot;134233117&quot;:true,&quot;134233118&quot;:true,&quot;201341983&quot;:1,&quot;335551550&quot;:6,&quot;335551620&quot;:6,&quot;335559740&quot;:360}\">\u00a0<\/span><\/p>\t\t\t\t\t\t<\/div>\n\t\t\t\t<\/div>\n\t\t\t\t\t<\/div>\n\t\t<\/div>\n\t\t\t\t\t<\/div>\n\t\t<\/section>\n\t\t\t\t<section class=\"elementor-section elementor-top-section elementor-element elementor-element-2ef05df elementor-section-boxed elementor-section-height-default elementor-section-height-default\" data-id=\"2ef05df\" data-element_type=\"section\" data-settings=\"{&quot;_ha_eqh_enable&quot;:false}\">\n\t\t\t\t\t\t<div class=\"elementor-container elementor-column-gap-default\">\n\t\t\t\t\t<div class=\"elementor-column elementor-col-100 elementor-top-column elementor-element elementor-element-b320480\" data-id=\"b320480\" data-element_type=\"column\">\n\t\t\t<div class=\"elementor-widget-wrap elementor-element-populated\">\n\t\t\t\t\t\t<div class=\"elementor-element elementor-element-54099b9 elementor-widget__width-initial elementor-widget elementor-widget-heading\" data-id=\"54099b9\" data-element_type=\"widget\" data-widget_type=\"heading.default\">\n\t\t\t\t<div class=\"elementor-widget-container\">\n\t\t\t<h2 class=\"elementor-heading-title elementor-size-default\">Listone Manifesto <\/h2>\t\t<\/div>\n\t\t\t\t<\/div>\n\t\t\t\t<div class=\"elementor-element elementor-element-209d758 elementor-widget elementor-widget-text-editor\" data-id=\"209d758\" data-element_type=\"widget\" data-widget_type=\"text-editor.default\">\n\t\t\t\t<div class=\"elementor-widget-container\">\n\t\t\t\t\t\t\t<p><span data-contrast=\"auto\">Trees, much like all of us, have their own <\/span><b><span data-contrast=\"auto\">marks<\/span><\/b><span data-contrast=\"auto\"> of time, whatever they may be. And it is in their grains where their age is embedded.<\/span><span data-ccp-props=\"{&quot;134233117&quot;:true,&quot;134233118&quot;:true,&quot;201341983&quot;:1,&quot;335551550&quot;:6,&quot;335551620&quot;:6,&quot;335559740&quot;:360}\">\u00a0<\/span><\/p><p><span data-contrast=\"auto\">We believe that, beyond<\/span> <b><span data-contrast=\"auto\">transforming <\/span><\/b><span data-contrast=\"auto\">spaces, we must<\/span><b><span data-contrast=\"auto\"> value <\/span><\/b><span data-contrast=\"auto\">he environment in which we live and our roots. We aim to integrate wood into people's daily lives, showing that <\/span><b><span data-contrast=\"auto\">elegance,<\/span><\/b> <b><span data-contrast=\"auto\">coziness<\/span><\/b><span data-contrast=\"auto\"> and <\/span><b><span data-contrast=\"auto\">comfort combine <\/span><\/b><span data-contrast=\"auto\">with<\/span><b><span data-contrast=\"auto\"> innovation, quality, versatility <\/span><\/b><span data-contrast=\"auto\">and<\/span><b><span data-contrast=\"auto\"> sustainability<\/span><\/b><span data-contrast=\"auto\">. Thus, <\/span><b><span data-contrast=\"auto\">investing<\/span><\/b><span data-contrast=\"auto\"> in wood goes far beyond having access to a <\/span><b><span data-contrast=\"auto\">renewable<\/span><\/b><span data-contrast=\"auto\"> and <\/span><b><span data-contrast=\"auto\">and long-lasting raw material.<\/span><\/b><span data-contrast=\"auto\">.\u202f\u202f<\/span><span data-ccp-props=\"{&quot;134233117&quot;:true,&quot;134233118&quot;:true,&quot;201341983&quot;:1,&quot;335551550&quot;:6,&quot;335551620&quot;:6,&quot;335559740&quot;:360}\">\u00a0<\/span><\/p><p><span data-contrast=\"auto\">Wood can also embrace you in a virtuous circle of <\/span><b><span data-contrast=\"auto\">growth <\/span><\/b><span data-contrast=\"auto\">and<\/span><b><span data-contrast=\"auto\"> evolution, <\/span><\/b><span data-contrast=\"auto\">for the Producers, the Community and the Nature. After all, everyone deserves to live in an environment that brings back good memories, turning even the most difficult days into <\/span><b><span data-contrast=\"auto\">great<\/span><\/b><span data-contrast=\"auto\"> moments.<\/span><span data-ccp-props=\"{&quot;134233117&quot;:true,&quot;134233118&quot;:true,&quot;201341983&quot;:1,&quot;335551550&quot;:6,&quot;335551620&quot;:6,&quot;335559740&quot;:360}\">\u00a0<\/span><\/p><p><span data-contrast=\"auto\">Let's work together towards Sustainability and Innovation?<\/span><\/p>\t\t\t\t\t\t<\/div>\n\t\t\t\t<\/div>\n\t\t\t\t\t<\/div>\n\t\t<\/div>\n\t\t\t\t\t<\/div>\n\t\t<\/section>\n\t\t\t\t<\/div>","protected":false},"excerpt":{"rendered":"<p>Marca Listone Paix\u00e3o pela Madeira e Respeito \u00e0 Natureza Ap\u00f3s anos de atua\u00e7\u00e3o no mercado madeireiro, sentimos a necessidade de atualizar a nossa marca. O nosso novo logotipo destaca os veios da madeira, representados de forma bem n\u00edtida, para refor\u00e7ar a resist\u00eancia, beleza, eleg\u00e2ncia e versatilidade desse material, al\u00e9m de transmitir um ar de modernidade &hellip;<\/p>\n<p class=\"read-more\"> <a class=\"\" href=\"https:\/\/listone.com.br\/en\/marca-listone\/\"> <span class=\"screen-reader-text\">Marca Listone<\/span> Read More &raquo;<\/a><\/p>","protected":false},"author":1,"featured_media":0,"parent":0,"menu_order":0,"comment_status":"closed","ping_status":"closed","template":"","meta":{"_acf_changed":false,"site-sidebar-layout":"no-sidebar","site-content-layout":"page-builder","ast-global-header-display":"","ast-main-header-display":"","ast-hfb-above-header-display":"","ast-hfb-below-header-display":"","ast-hfb-mobile-header-display":"","site-post-title":"disabled","ast-breadcrumbs-content":"","ast-featured-img":"disabled","footer-sml-layout":"","theme-transparent-header-meta":"","adv-header-id-meta":"","stick-header-meta":"","header-above-stick-meta":"","header-main-stick-meta":"","header-below-stick-meta":"","footnotes":""},"class_list":["post-1243","page","type-page","status-publish","hentry"],"acf":[],"yoast_head":"<!-- This site is optimized with the Yoast SEO plugin v22.8 - https:\/\/yoast.com\/wordpress\/plugins\/seo\/ -->\n<title>Marca Listone | Listone<\/title>\n<meta name=\"robots\" content=\"index, follow, max-snippet:-1, max-image-preview:large, max-video-preview:-1\" \/>\n<link rel=\"canonical\" href=\"https:\/\/listone.com.br\/en\/marca-listone\/\" \/>\n<meta property=\"og:locale\" content=\"en_US\" \/>\n<meta property=\"og:type\" content=\"article\" \/>\n<meta property=\"og:title\" content=\"Marca Listone | Listone\" \/>\n<meta property=\"og:description\" content=\"Marca Listone Paix\u00e3o pela Madeira e Respeito \u00e0 Natureza Ap\u00f3s anos de atua\u00e7\u00e3o no mercado madeireiro, sentimos a necessidade de atualizar a nossa marca. O nosso novo logotipo destaca os veios da madeira, representados de forma bem n\u00edtida, para refor\u00e7ar a resist\u00eancia, beleza, eleg\u00e2ncia e versatilidade desse material, al\u00e9m de transmitir um ar de modernidade &hellip; Marca Listone Read More &raquo;\" \/>\n<meta property=\"og:url\" content=\"https:\/\/listone.com.br\/en\/marca-listone\/\" \/>\n<meta property=\"og:site_name\" content=\"Listone\" \/>\n<meta property=\"article:publisher\" content=\"https:\/\/www.facebook.com\/Listonepisoseferragens\" \/>\n<meta property=\"article:modified_time\" content=\"2023-07-28T15:28:08+00:00\" \/>\n<meta property=\"og:image\" content=\"https:\/\/listone.com.br\/wp-content\/uploads\/2023\/07\/Logo-Listone.png\" \/>\n\t<meta property=\"og:image:width\" content=\"1080\" \/>\n\t<meta property=\"og:image:height\" content=\"255\" \/>\n\t<meta property=\"og:image:type\" content=\"image\/png\" \/>\n<meta name=\"twitter:card\" content=\"summary_large_image\" \/>\n<meta name=\"twitter:label1\" content=\"Est. reading time\" \/>\n\t<meta name=\"twitter:data1\" content=\"1 minute\" \/>\n<script type=\"application\/ld+json\" class=\"yoast-schema-graph\">{\"@context\":\"https:\/\/schema.org\",\"@graph\":[{\"@type\":\"WebPage\",\"@id\":\"https:\/\/listone.com.br\/marca-listone\/\",\"url\":\"https:\/\/listone.com.br\/marca-listone\/\",\"name\":\"Marca Listone | Listone\",\"isPartOf\":{\"@id\":\"https:\/\/listone.com.br\/#website\"},\"datePublished\":\"2023-07-28T15:26:11+00:00\",\"dateModified\":\"2023-07-28T15:28:08+00:00\",\"breadcrumb\":{\"@id\":\"https:\/\/listone.com.br\/marca-listone\/#breadcrumb\"},\"inLanguage\":\"en-US\",\"potentialAction\":[{\"@type\":\"ReadAction\",\"target\":[\"https:\/\/listone.com.br\/marca-listone\/\"]}]},{\"@type\":\"BreadcrumbList\",\"@id\":\"https:\/\/listone.com.br\/marca-listone\/#breadcrumb\",\"itemListElement\":[{\"@type\":\"ListItem\",\"position\":1,\"name\":\"In\u00edcio\",\"item\":\"https:\/\/listone.com.br\/\"},{\"@type\":\"ListItem\",\"position\":2,\"name\":\"Marca Listone\"}]},{\"@type\":\"WebSite\",\"@id\":\"https:\/\/listone.com.br\/#website\",\"url\":\"https:\/\/listone.com.br\/\",\"name\":\"Listone\",\"description\":\"Ferragens | Assoalhos de madeira | Listone | Mooca | Brasil\",\"publisher\":{\"@id\":\"https:\/\/listone.com.br\/#organization\"},\"potentialAction\":[{\"@type\":\"SearchAction\",\"target\":{\"@type\":\"EntryPoint\",\"urlTemplate\":\"https:\/\/listone.com.br\/?s={search_term_string}\"},\"query-input\":\"required name=search_term_string\"}],\"inLanguage\":\"en-US\"},{\"@type\":\"Organization\",\"@id\":\"https:\/\/listone.com.br\/#organization\",\"name\":\"Listone\",\"url\":\"https:\/\/listone.com.br\/\",\"logo\":{\"@type\":\"ImageObject\",\"inLanguage\":\"en-US\",\"@id\":\"https:\/\/listone.com.br\/#\/schema\/logo\/image\/\",\"url\":\"https:\/\/listone.com.br\/wp-content\/uploads\/2023\/09\/Logo-Listone-L-e1694661072614.jpg\",\"contentUrl\":\"https:\/\/listone.com.br\/wp-content\/uploads\/2023\/09\/Logo-Listone-L-e1694661072614.jpg\",\"width\":325,\"height\":326,\"caption\":\"Listone\"},\"image\":{\"@id\":\"https:\/\/listone.com.br\/#\/schema\/logo\/image\/\"},\"sameAs\":[\"https:\/\/www.facebook.com\/Listonepisoseferragens\",\"https:\/\/www.instagram.com\/listone_oficial\/\",\"https:\/\/www.linkedin.com\/company\/40658605\/\",\"https:\/\/www.youtube.com\/channel\/UCnMs3Evf91CHn82z3p07_Jw\"]}]}<\/script>\n<!-- \/ Yoast SEO plugin. -->","yoast_head_json":{"title":"Marca Listone | Listone","robots":{"index":"index","follow":"follow","max-snippet":"max-snippet:-1","max-image-preview":"max-image-preview:large","max-video-preview":"max-video-preview:-1"},"canonical":"https:\/\/listone.com.br\/en\/marca-listone\/","og_locale":"en_US","og_type":"article","og_title":"Marca Listone | Listone","og_description":"Marca Listone Paix\u00e3o pela Madeira e Respeito \u00e0 Natureza Ap\u00f3s anos de atua\u00e7\u00e3o no mercado madeireiro, sentimos a necessidade de atualizar a nossa marca. O nosso novo logotipo destaca os veios da madeira, representados de forma bem n\u00edtida, para refor\u00e7ar a resist\u00eancia, beleza, eleg\u00e2ncia e versatilidade desse material, al\u00e9m de transmitir um ar de modernidade &hellip; Marca Listone Read More &raquo;","og_url":"https:\/\/listone.com.br\/en\/marca-listone\/","og_site_name":"Listone","article_publisher":"https:\/\/www.facebook.com\/Listonepisoseferragens","article_modified_time":"2023-07-28T15:28:08+00:00","og_image":[{"width":1080,"height":255,"url":"https:\/\/listone.com.br\/wp-content\/uploads\/2023\/07\/Logo-Listone.png","type":"image\/png"}],"twitter_card":"summary_large_image","twitter_misc":{"Est. reading time":"1 minute"},"schema":{"@context":"https:\/\/schema.org","@graph":[{"@type":"WebPage","@id":"https:\/\/listone.com.br\/marca-listone\/","url":"https:\/\/listone.com.br\/marca-listone\/","name":"Marca Listone | Listone","isPartOf":{"@id":"https:\/\/listone.com.br\/#website"},"datePublished":"2023-07-28T15:26:11+00:00","dateModified":"2023-07-28T15:28:08+00:00","breadcrumb":{"@id":"https:\/\/listone.com.br\/marca-listone\/#breadcrumb"},"inLanguage":"en-US","potentialAction":[{"@type":"ReadAction","target":["https:\/\/listone.com.br\/marca-listone\/"]}]},{"@type":"BreadcrumbList","@id":"https:\/\/listone.com.br\/marca-listone\/#breadcrumb","itemListElement":[{"@type":"ListItem","position":1,"name":"In\u00edcio","item":"https:\/\/listone.com.br\/"},{"@type":"ListItem","position":2,"name":"Marca Listone"}]},{"@type":"WebSite","@id":"https:\/\/listone.com.br\/#website","url":"https:\/\/listone.com.br\/","name":"Listone","description":"Ferragens | Assoalhos de madeira | Listone | Mooca | Brasil","publisher":{"@id":"https:\/\/listone.com.br\/#organization"},"potentialAction":[{"@type":"SearchAction","target":{"@type":"EntryPoint","urlTemplate":"https:\/\/listone.com.br\/?s={search_term_string}"},"query-input":"required name=search_term_string"}],"inLanguage":"en-US"},{"@type":"Organization","@id":"https:\/\/listone.com.br\/#organization","name":"Listone","url":"https:\/\/listone.com.br\/","logo":{"@type":"ImageObject","inLanguage":"en-US","@id":"https:\/\/listone.com.br\/#\/schema\/logo\/image\/","url":"https:\/\/listone.com.br\/wp-content\/uploads\/2023\/09\/Logo-Listone-L-e1694661072614.jpg","contentUrl":"https:\/\/listone.com.br\/wp-content\/uploads\/2023\/09\/Logo-Listone-L-e1694661072614.jpg","width":325,"height":326,"caption":"Listone"},"image":{"@id":"https:\/\/listone.com.br\/#\/schema\/logo\/image\/"},"sameAs":["https:\/\/www.facebook.com\/Listonepisoseferragens","https:\/\/www.instagram.com\/listone_oficial\/","https:\/\/www.linkedin.com\/company\/40658605\/","https:\/\/www.youtube.com\/channel\/UCnMs3Evf91CHn82z3p07_Jw"]}]}},"_links":{"self":[{"href":"https:\/\/listone.com.br\/en\/wp-json\/wp\/v2\/pages\/1243","targetHints":{"allow":["GET"]}}],"collection":[{"href":"https:\/\/listone.com.br\/en\/wp-json\/wp\/v2\/pages"}],"about":[{"href":"https:\/\/listone.com.br\/en\/wp-json\/wp\/v2\/types\/page"}],"author":[{"embeddable":true,"href":"https:\/\/listone.com.br\/en\/wp-json\/wp\/v2\/users\/1"}],"replies":[{"embeddable":true,"href":"https:\/\/listone.com.br\/en\/wp-json\/wp\/v2\/comments?post=1243"}],"version-history":[{"count":0,"href":"https:\/\/listone.com.br\/en\/wp-json\/wp\/v2\/pages\/1243\/revisions"}],"wp:attachment":[{"href":"https:\/\/listone.com.br\/en\/wp-json\/wp\/v2\/media?parent=1243"}],"curies":[{"name":"wp","href":"https:\/\/api.w.org\/{rel}","templated":true}]}}